{"id":10367,"date":"2025-11-25T13:49:06","date_gmt":"2025-11-25T13:49:06","guid":{"rendered":"https:\/\/www.gei-gitterroste.de\/?page_id=10367"},"modified":"2025-12-23T11:05:04","modified_gmt":"2025-12-23T11:05:04","slug":"gitterroste-speziell-autobahnen","status":"publish","type":"page","link":"https:\/\/www.gei-gitterroste.de\/de\/gitterroste-speziell-autobahnen\/","title":{"rendered":"Gitterroste speziell f\u00fcr Autobahnen"},"content":{"rendered":"\t\t<div data-elementor-type=\"wp-page\" data-elementor-id=\"10367\" class=\"elementor elementor-10367\" data-elementor-post-type=\"page\">\n\t\t\t\t\t\t<section class=\"elementor-section elementor-top-section elementor-element elementor-element-f078a0a elementor-section-boxed elementor-section-height-default elementor-section-height-default\" data-id=\"f078a0a\" data-element_type=\"section\" data-e-type=\"section\">\n\t\t\t\t\t\t<div class=\"elementor-container elementor-column-gap-default\">\n\t\t\t\t\t<div class=\"elementor-column elementor-col-50 elementor-top-column elementor-element elementor-element-aa1b141\" data-id=\"aa1b141\" data-element_type=\"column\" data-e-type=\"column\">\n\t\t\t<div class=\"elementor-widget-wrap elementor-element-populated\">\n\t\t\t\t\t\t<div class=\"elementor-element elementor-element-676aacc topd2b elementor-widget elementor-widget-heading\" data-id=\"676aacc\" data-element_type=\"widget\" data-e-type=\"widget\" data-widget_type=\"heading.default\">\n\t\t\t\t<div class=\"elementor-widget-container\">\n\t\t\t\t\t<h2 class=\"elementor-heading-title elementor-size-default\">Gitterroste speziell f\u00fcr Autobahnen <\/h2>\t\t\t\t<\/div>\n\t\t\t\t<\/div>\n\t\t\t\t\t<\/div>\n\t\t<\/div>\n\t\t\t\t<div class=\"elementor-column elementor-col-50 elementor-top-column elementor-element elementor-element-a088bb8\" data-id=\"a088bb8\" data-element_type=\"column\" data-e-type=\"column\">\n\t\t\t<div class=\"elementor-widget-wrap\">\n\t\t\t\t\t\t\t<\/div>\n\t\t<\/div>\n\t\t\t\t\t<\/div>\n\t\t<\/section>\n\t\t\t\t<section class=\"elementor-section elementor-top-section elementor-element elementor-element-118d071 elementor-section-boxed elementor-section-height-default elementor-section-height-default\" data-id=\"118d071\" data-element_type=\"section\" data-e-type=\"section\">\n\t\t\t\t\t\t<div class=\"elementor-container elementor-column-gap-default\">\n\t\t\t\t\t<div class=\"elementor-column elementor-col-100 elementor-top-column elementor-element elementor-element-6a566ab\" data-id=\"6a566ab\" data-element_type=\"column\" data-e-type=\"column\">\n\t\t\t<div class=\"elementor-widget-wrap elementor-element-populated\">\n\t\t\t\t\t\t<div class=\"elementor-element elementor-element-ded335a elementor-widget elementor-widget-text-editor\" data-id=\"ded335a\" data-element_type=\"widget\" data-e-type=\"widget\" data-widget_type=\"text-editor.default\">\n\t\t\t\t<div class=\"elementor-widget-container\">\n\t\t\t\t\t\t\t\t\t<p>Diese <strong class=\"d2b\">Gitterroste<\/strong> eignen sich f\u00fcr den Einsatz auf Stra\u00dfen und Autobahnen. Hier unser<br \/>Produktangebot f\u00fcr Ihre speziellen Bed\u00fcrfnisse in Hinsicht auf die franz\u00f6sischen Normen GC77: T3A und T3B.<\/p><p>Aufgrund der robusten Bauweise und der Verwendung hochwertiger Materialien<br \/>entsprechen diese <strong class=\"d2b\">Spezialgitterroste<\/strong> den GC77-Spezifikationen des franz\u00f6sischen<br \/>Ministeriums f\u00fcr Verkehrsinfrastruktur (\u201eMinist\u00e8re de l\u2019\u00c9quipement\u201c), insbesondere<br \/>hinsichtlich Tragf\u00e4higkeit, Korrosionsbest\u00e4ndigkeit, Sicherheit sowie Anpassungsf\u00e4higkeit<br \/>an die Einsatzbedingungen im Stra\u00dfeninfrastrukturbereich.<\/p><p>Mit diesen Eigenschaften eignen sie sich ausgezeichnet f\u00fcr Autobahnen und andere<br \/>Tiefbauprojekte, bei denen Langlebigkeit, Sicherheit und <strong class=\"d2b\">Normenkonformit\u00e4t<\/strong> wesentlich<br \/>sind.<\/p>\t\t\t\t\t\t\t\t<\/div>\n\t\t\t\t<\/div>\n\t\t\t\t\t<\/div>\n\t\t<\/div>\n\t\t\t\t\t<\/div>\n\t\t<\/section>\n\t\t\t\t<section class=\"elementor-section elementor-top-section elementor-element elementor-element-8e7485b elementor-section-boxed elementor-section-height-default elementor-section-height-default\" data-id=\"8e7485b\" data-element_type=\"section\" data-e-type=\"section\">\n\t\t\t\t\t\t<div class=\"elementor-container elementor-column-gap-default\">\n\t\t\t\t\t<div class=\"elementor-column elementor-col-66 elementor-top-column elementor-element elementor-element-5b5efa2\" data-id=\"5b5efa2\" data-element_type=\"column\" data-e-type=\"column\">\n\t\t\t<div class=\"elementor-widget-wrap elementor-element-populated\">\n\t\t\t\t\t\t<div class=\"elementor-element elementor-element-111ef81 elementor-widget elementor-widget-text-editor\" data-id=\"111ef81\" data-element_type=\"widget\" data-e-type=\"widget\" data-widget_type=\"text-editor.default\">\n\t\t\t\t<div class=\"elementor-widget-container\">\n\t\t\t\t\t\t\t\t\t<h4>Gitterrost T3A<\/h4><p>GEI Gitterroste bietet <strong class=\"d2b\">ma\u00dfgefertigte Pressroste<\/strong> T3A abgestimmt auf Ihre Bed\u00fcrfnisse an (Verlegeplan, Ma\u00dfe&#8230;).\u00a0Dieser Gitterrost hat eine 30&#215;130 mm gro\u00dfe Maschung und Tragst\u00e4be von 40\/3 mm.<\/p><p>Der <strong class=\"d2b\">Gitterrost<\/strong> T3A f\u00fcr <strong class=\"d2b\">Autobahnen<\/strong> wurde so konzipiert, dass er die Auflagen der GC77-Normen des frz. Ministeriums f\u00fcr Verkehrsinfrastruktur (\u201eMinist\u00e8re de l\u2019\u00c9quipement\u201c) erf\u00fcllt. Verlegt man Sie zwischen den Fahrbahnen, k\u00f6nnen sie als <strong class=\"d2b\">Drainagesystem<\/strong> fungieren.<\/p>\t\t\t\t\t\t\t\t<\/div>\n\t\t\t\t<\/div>\n\t\t\t\t\t<\/div>\n\t\t<\/div>\n\t\t\t\t<div class=\"elementor-column elementor-col-33 elementor-top-column elementor-element elementor-element-6a8e917\" data-id=\"6a8e917\" data-element_type=\"column\" data-e-type=\"column\">\n\t\t\t<div class=\"elementor-widget-wrap elementor-element-populated\">\n\t\t\t\t\t\t<div class=\"elementor-element elementor-element-f56c868 elementor-widget elementor-widget-image\" data-id=\"f56c868\" data-element_type=\"widget\" data-e-type=\"widget\" data-widget_type=\"image.default\">\n\t\t\t\t<div class=\"elementor-widget-container\">\n\t\t\t\t\t\t\t\t\t\t\t\t<figure class=\"wp-caption\">\n\t\t\t\t\t\t\t\t\t\t<img fetchpriority=\"high\" decoding=\"async\" width=\"800\" height=\"406\" src=\"https:\/\/www.gei-gitterroste.de\/wp-content\/uploads\/2025\/11\/Gitterroste-am-Strassenrand.jpg\" class=\"attachment-full size-full wp-image-10369\" alt=\"Gitterroste am Stra\u00dfenrand\" srcset=\"https:\/\/www.gei-gitterroste.de\/wp-content\/uploads\/2025\/11\/Gitterroste-am-Strassenrand.jpg 800w, https:\/\/www.gei-gitterroste.de\/wp-content\/uploads\/2025\/11\/Gitterroste-am-Strassenrand-300x152.jpg 300w, https:\/\/www.gei-gitterroste.de\/wp-content\/uploads\/2025\/11\/Gitterroste-am-Strassenrand-768x390.jpg 768w, https:\/\/www.gei-gitterroste.de\/wp-content\/uploads\/2025\/11\/Gitterroste-am-Strassenrand-18x9.jpg 18w, https:\/\/www.gei-gitterroste.de\/wp-content\/uploads\/2025\/11\/Gitterroste-am-Strassenrand-600x305.jpg 600w\" sizes=\"(max-width: 800px) 100vw, 800px\" \/>\t\t\t\t\t\t\t\t\t\t\t<figcaption class=\"widget-image-caption wp-caption-text\">Gitterroste T3A am Stra\u00dfenrand<\/figcaption>\n\t\t\t\t\t\t\t\t\t\t<\/figure>\n\t\t\t\t\t\t\t\t\t<\/div>\n\t\t\t\t<\/div>\n\t\t\t\t\t<\/div>\n\t\t<\/div>\n\t\t\t\t\t<\/div>\n\t\t<\/section>\n\t\t\t\t<section class=\"elementor-section elementor-top-section elementor-element elementor-element-641546c elementor-section-boxed elementor-section-height-default elementor-section-height-default\" data-id=\"641546c\" data-element_type=\"section\" data-e-type=\"section\">\n\t\t\t\t\t\t<div class=\"elementor-container elementor-column-gap-default\">\n\t\t\t\t\t<div class=\"elementor-column elementor-col-66 elementor-top-column elementor-element elementor-element-a9b5400\" data-id=\"a9b5400\" data-element_type=\"column\" data-e-type=\"column\">\n\t\t\t<div class=\"elementor-widget-wrap elementor-element-populated\">\n\t\t\t\t\t\t<div class=\"elementor-element elementor-element-f98cfc6 elementor-widget elementor-widget-text-editor\" data-id=\"f98cfc6\" data-element_type=\"widget\" data-e-type=\"widget\" data-widget_type=\"text-editor.default\">\n\t\t\t\t<div class=\"elementor-widget-container\">\n\t\t\t\t\t\t\t\t\t<h4>Gitterroste T3B<\/h4><p>Der <strong class=\"d2b\">Autobahnrost<\/strong> T3B ist auch speziell f\u00fcr Stra\u00dfen geeignet.<\/p><p>Der <strong class=\"d2b\">Autobahnrost<\/strong> T3B hat die gleiche Funktion wie seine Entsprechung T3A, mit dem Unterschied, dass bei der <strong class=\"d2b\">Herstellung des Schwei\u00dfpressrostes<\/strong> T3B die F\u00fcllst\u00e4be in den Tragst\u00e4ben elektrisch verschwei\u00dft werden.<\/p><p><a href=\"https:\/\/www.gei-gitterroste.de\/de\/schweisspressroste-allgemein\/\"><em>Weitere Informationen zum Schwei\u00dfpressrost<\/em><\/a><\/p><p>GEI Gitterroste bietet <strong class=\"d2b\">ma\u00dfgefertigte Gitterroste<\/strong> T3B abgestimmt auf Ihre Bed\u00fcrfnisse an (Verlegeplan, Ma\u00dfe&#8230;). Dieser Gitterrost hat eine Maschung von 30&#215;100 und Tragst\u00e4be von 40\/3 mm.<\/p>\t\t\t\t\t\t\t\t<\/div>\n\t\t\t\t<\/div>\n\t\t\t\t\t<\/div>\n\t\t<\/div>\n\t\t\t\t<div class=\"elementor-column elementor-col-33 elementor-top-column elementor-element elementor-element-4feb793\" data-id=\"4feb793\" data-element_type=\"column\" data-e-type=\"column\">\n\t\t\t<div class=\"elementor-widget-wrap elementor-element-populated\">\n\t\t\t\t\t\t<div class=\"elementor-element elementor-element-83ab5c3 elementor-widget elementor-widget-image\" data-id=\"83ab5c3\" data-element_type=\"widget\" data-e-type=\"widget\" data-widget_type=\"image.default\">\n\t\t\t\t<div class=\"elementor-widget-container\">\n\t\t\t\t\t\t\t\t\t\t\t\t<figure class=\"wp-caption\">\n\t\t\t\t\t\t\t\t\t\t<img decoding=\"async\" width=\"600\" height=\"463\" src=\"https:\/\/www.gei-gitterroste.de\/wp-content\/uploads\/2025\/11\/Gitterroste-Autobahnfahrbahnen.jpg\" class=\"attachment-full size-full wp-image-10370\" alt=\"Gitterroste T3B zwischen den Fahrbahnen einer Autobahn verlegt\" srcset=\"https:\/\/www.gei-gitterroste.de\/wp-content\/uploads\/2025\/11\/Gitterroste-Autobahnfahrbahnen.jpg 600w, https:\/\/www.gei-gitterroste.de\/wp-content\/uploads\/2025\/11\/Gitterroste-Autobahnfahrbahnen-300x232.jpg 300w, https:\/\/www.gei-gitterroste.de\/wp-content\/uploads\/2025\/11\/Gitterroste-Autobahnfahrbahnen-16x12.jpg 16w\" sizes=\"(max-width: 600px) 100vw, 600px\" \/>\t\t\t\t\t\t\t\t\t\t\t<figcaption class=\"widget-image-caption wp-caption-text\">Gitterroste T3B, zwischen den Fahrbahnen einer Autobahn verlegt<\/figcaption>\n\t\t\t\t\t\t\t\t\t\t<\/figure>\n\t\t\t\t\t\t\t\t\t<\/div>\n\t\t\t\t<\/div>\n\t\t\t\t\t<\/div>\n\t\t<\/div>\n\t\t\t\t\t<\/div>\n\t\t<\/section>\n\t\t\t\t<section class=\"elementor-section elementor-top-section elementor-element elementor-element-aa03a51 elementor-section-boxed elementor-section-height-default elementor-section-height-default\" data-id=\"aa03a51\" data-element_type=\"section\" data-e-type=\"section\">\n\t\t\t\t\t\t<div class=\"elementor-container elementor-column-gap-default\">\n\t\t\t\t\t<div class=\"elementor-column elementor-col-66 elementor-top-column elementor-element elementor-element-f3174de\" data-id=\"f3174de\" data-element_type=\"column\" data-e-type=\"column\">\n\t\t\t<div class=\"elementor-widget-wrap elementor-element-populated\">\n\t\t\t\t\t\t<div class=\"elementor-element elementor-element-d133139 elementor-widget elementor-widget-text-editor\" data-id=\"d133139\" data-element_type=\"widget\" data-e-type=\"widget\" data-widget_type=\"text-editor.default\">\n\t\t\t\t<div class=\"elementor-widget-container\">\n\t\t\t\t\t\t\t\t\t<p>Diese <strong class=\"d2b\">Gitterroste speziell f\u00fcr Autobahnen<\/strong> werden Ihren Anspr\u00fcchen an Sicherheit und<br \/>Effizienz im Randbereich oder zwischen zwei Fahrbahnen einer Stra\u00dfe oder Autobahn gerecht.<\/p><p>Unser <strong class=\"d2b\">Konstruktionsb\u00fcro<\/strong> ist f\u00fcr Sie da, um Ihre technischen Anfragen und Verlegungspl\u00e4ne zu bearbeiten und Sie bei der Umsetzung Ihrer Auftr\u00e4ge zu beraten.<\/p>\t\t\t\t\t\t\t\t<\/div>\n\t\t\t\t<\/div>\n\t\t\t\t\t<\/div>\n\t\t<\/div>\n\t\t\t\t<div class=\"elementor-column elementor-col-33 elementor-top-column elementor-element elementor-element-d1ad653\" data-id=\"d1ad653\" data-element_type=\"column\" data-e-type=\"column\">\n\t\t\t<div class=\"elementor-widget-wrap elementor-element-populated\">\n\t\t\t\t\t\t<div class=\"elementor-element elementor-element-cacf8d1 elementor-widget elementor-widget-image\" data-id=\"cacf8d1\" data-element_type=\"widget\" data-e-type=\"widget\" data-widget_type=\"image.default\">\n\t\t\t\t<div class=\"elementor-widget-container\">\n\t\t\t\t\t\t\t\t\t\t\t\t<figure class=\"wp-caption\">\n\t\t\t\t\t\t\t\t\t\t<img decoding=\"async\" width=\"800\" height=\"600\" src=\"https:\/\/www.gei-gitterroste.de\/wp-content\/uploads\/2025\/11\/Gitterroste-zwischen-Fahrbahnen-Autobahn.jpg\" class=\"attachment-full size-full wp-image-10371\" alt=\"Gitterroste T3A zwischen den Fahrbahnen dieser Autobahn\" srcset=\"https:\/\/www.gei-gitterroste.de\/wp-content\/uploads\/2025\/11\/Gitterroste-zwischen-Fahrbahnen-Autobahn.jpg 800w, https:\/\/www.gei-gitterroste.de\/wp-content\/uploads\/2025\/11\/Gitterroste-zwischen-Fahrbahnen-Autobahn-300x225.jpg 300w, https:\/\/www.gei-gitterroste.de\/wp-content\/uploads\/2025\/11\/Gitterroste-zwischen-Fahrbahnen-Autobahn-768x576.jpg 768w, https:\/\/www.gei-gitterroste.de\/wp-content\/uploads\/2025\/11\/Gitterroste-zwischen-Fahrbahnen-Autobahn-16x12.jpg 16w, https:\/\/www.gei-gitterroste.de\/wp-content\/uploads\/2025\/11\/Gitterroste-zwischen-Fahrbahnen-Autobahn-600x450.jpg 600w\" sizes=\"(max-width: 800px) 100vw, 800px\" \/>\t\t\t\t\t\t\t\t\t\t\t<figcaption class=\"widget-image-caption wp-caption-text\">Gitterroste T3A zwischen den Fahrbahnen dieser Autobahn<\/figcaption>\n\t\t\t\t\t\t\t\t\t\t<\/figure>\n\t\t\t\t\t\t\t\t\t<\/div>\n\t\t\t\t<\/div>\n\t\t\t\t\t<\/div>\n\t\t<\/div>\n\t\t\t\t\t<\/div>\n\t\t<\/section>\n\t\t\t\t<section class=\"elementor-section elementor-top-section elementor-element elementor-element-79f43ad elementor-section-boxed elementor-section-height-default elementor-section-height-default\" data-id=\"79f43ad\" data-element_type=\"section\" data-e-type=\"section\">\n\t\t\t\t\t\t<div class=\"elementor-container elementor-column-gap-default\">\n\t\t\t\t\t<div class=\"elementor-column elementor-col-100 elementor-top-column elementor-element elementor-element-93d59f4\" data-id=\"93d59f4\" data-element_type=\"column\" data-e-type=\"column\">\n\t\t\t<div class=\"elementor-widget-wrap elementor-element-populated\">\n\t\t\t\t\t\t<div class=\"elementor-element elementor-element-c237dfd elementor-align-center elementor-widget elementor-widget-button\" data-id=\"c237dfd\" data-element_type=\"widget\" data-e-type=\"widget\" data-widget_type=\"button.default\">\n\t\t\t\t<div class=\"elementor-widget-container\">\n\t\t\t\t\t\t\t\t\t<div class=\"elementor-button-wrapper\">\n\t\t\t\t\t<a class=\"elementor-button elementor-button-link elementor-size-sm\" href=\"https:\/\/www.gei-gitterroste.de\/de\/express-kontakt\/\">\n\t\t\t\t\t\t<span class=\"elementor-button-content-wrapper\">\n\t\t\t\t\t\t\t\t\t<span class=\"elementor-button-text\">Expresskontakt<\/span>\n\t\t\t\t\t<\/span>\n\t\t\t\t\t<\/a>\n\t\t\t\t<\/div>\n\t\t\t\t\t\t\t\t<\/div>\n\t\t\t\t<\/div>\n\t\t\t\t\t<\/div>\n\t\t<\/div>\n\t\t\t\t\t<\/div>\n\t\t<\/section>\n\t\t\t\t<\/div>\n\t\t","protected":false},"excerpt":{"rendered":"<p>Gitterroste speziell f\u00fcr Autobahnen Diese Gitterroste eignen sich f\u00fcr den Einsatz auf Stra\u00dfen und Autobahnen. Hier unserProduktangebot f\u00fcr Ihre speziellen Bed\u00fcrfnisse in Hinsicht auf die franz\u00f6sischen Normen GC77: T3A und T3B. Aufgrund der robusten Bauweise und der Verwendung hochwertiger Materialienentsprechen diese Spezialgitterroste den GC77-Spezifikationen des franz\u00f6sischenMinisteriums f\u00fcr Verkehrsinfrastruktur (\u201eMinist\u00e8re de l\u2019\u00c9quipement\u201c), insbesonderehinsichtlich Tragf\u00e4higkeit, Korrosionsbest\u00e4ndigkeit, Sicherheit [&hellip;]<\/p>\n","protected":false},"author":8,"featured_media":0,"parent":0,"menu_order":0,"comment_status":"closed","ping_status":"closed","template":"","meta":{"footnotes":""},"class_list":["post-10367","page","type-page","status-publish","hentry"],"yoast_head":"<!-- This site is optimized with the Yoast SEO plugin v27.3 - https:\/\/yoast.com\/product\/yoast-seo-wordpress\/ -->\n<title>Gitterroste speziell f\u00fcr Autobahnen<\/title>\n<meta name=\"description\" content=\"GEI Gitterroste ist ein auf die Herstellung von Gitterrosten spezialisiertes Unternehmen, darunter auch f\u00fcr Autobahnen und Transportwege. Kontaktieren Sie uns!\" \/>\n<meta name=\"robots\" content=\"index, follow, max-snippet:-1, max-image-preview:large, max-video-preview:-1\" \/>\n<link rel=\"canonical\" href=\"https:\/\/www.gei-gitterroste.de\/de\/gitterroste-speziell-autobahnen\/\" \/>\n<meta property=\"og:locale\" content=\"de_DE\" \/>\n<meta property=\"og:type\" content=\"article\" \/>\n<meta property=\"og:title\" content=\"Gitterroste speziell f\u00fcr Autobahnen\" \/>\n<meta property=\"og:description\" content=\"GEI Gitterroste ist ein auf die Herstellung von Gitterrosten spezialisiertes Unternehmen, darunter auch f\u00fcr Autobahnen und Transportwege. Kontaktieren Sie uns!\" \/>\n<meta property=\"og:url\" content=\"https:\/\/www.gei-gitterroste.de\/de\/gitterroste-speziell-autobahnen\/\" \/>\n<meta property=\"og:site_name\" content=\"GEI Gitterroste\" \/>\n<meta property=\"article:modified_time\" content=\"2025-12-23T11:05:04+00:00\" \/>\n<meta property=\"og:image\" content=\"https:\/\/www.gei-gitterroste.de\/wp-content\/uploads\/2025\/11\/Gitterroste-am-Strassenrand.jpg\" \/>\n\t<meta property=\"og:image:width\" content=\"800\" \/>\n\t<meta property=\"og:image:height\" content=\"406\" \/>\n\t<meta property=\"og:image:type\" content=\"image\/jpeg\" \/>\n<meta name=\"twitter:card\" content=\"summary_large_image\" \/>\n<meta name=\"twitter:label1\" content=\"Gesch\u00e4tzte Lesezeit\" \/>\n\t<meta name=\"twitter:data1\" content=\"3\u00a0Minuten\" \/>\n<script type=\"application\/ld+json\" class=\"yoast-schema-graph\">{\"@context\":\"https:\\\/\\\/schema.org\",\"@graph\":[{\"@type\":\"WebPage\",\"@id\":\"https:\\\/\\\/www.gei-gitterroste.de\\\/gitterroste-speziell-autobahnen\\\/\",\"url\":\"https:\\\/\\\/www.gei-gitterroste.de\\\/gitterroste-speziell-autobahnen\\\/\",\"name\":\"Gitterroste speziell f\u00fcr Autobahnen\",\"isPartOf\":{\"@id\":\"https:\\\/\\\/www.gei-gitterroste.de\\\/de\\\/#website\"},\"primaryImageOfPage\":{\"@id\":\"https:\\\/\\\/www.gei-gitterroste.de\\\/gitterroste-speziell-autobahnen\\\/#primaryimage\"},\"image\":{\"@id\":\"https:\\\/\\\/www.gei-gitterroste.de\\\/gitterroste-speziell-autobahnen\\\/#primaryimage\"},\"thumbnailUrl\":\"https:\\\/\\\/www.gei-gitterroste.de\\\/wp-content\\\/uploads\\\/2025\\\/11\\\/Gitterroste-am-Strassenrand.jpg\",\"datePublished\":\"2025-11-25T13:49:06+00:00\",\"dateModified\":\"2025-12-23T11:05:04+00:00\",\"description\":\"GEI Gitterroste ist ein auf die Herstellung von Gitterrosten spezialisiertes Unternehmen, darunter auch f\u00fcr Autobahnen und Transportwege. Kontaktieren Sie uns!\",\"breadcrumb\":{\"@id\":\"https:\\\/\\\/www.gei-gitterroste.de\\\/gitterroste-speziell-autobahnen\\\/#breadcrumb\"},\"inLanguage\":\"de\",\"potentialAction\":[{\"@type\":\"ReadAction\",\"target\":[\"https:\\\/\\\/www.gei-gitterroste.de\\\/gitterroste-speziell-autobahnen\\\/\"]}]},{\"@type\":\"ImageObject\",\"inLanguage\":\"de\",\"@id\":\"https:\\\/\\\/www.gei-gitterroste.de\\\/gitterroste-speziell-autobahnen\\\/#primaryimage\",\"url\":\"https:\\\/\\\/www.gei-gitterroste.de\\\/wp-content\\\/uploads\\\/2025\\\/11\\\/Gitterroste-am-Strassenrand.jpg\",\"contentUrl\":\"https:\\\/\\\/www.gei-gitterroste.de\\\/wp-content\\\/uploads\\\/2025\\\/11\\\/Gitterroste-am-Strassenrand.jpg\"},{\"@type\":\"BreadcrumbList\",\"@id\":\"https:\\\/\\\/www.gei-gitterroste.de\\\/gitterroste-speziell-autobahnen\\\/#breadcrumb\",\"itemListElement\":[{\"@type\":\"ListItem\",\"position\":1,\"name\":\"Startseite\",\"item\":\"https:\\\/\\\/www.gei-gitterroste.de\\\/de\\\/\"},{\"@type\":\"ListItem\",\"position\":2,\"name\":\"Gitterroste speziell f\u00fcr Autobahnen\"}]},{\"@type\":\"WebSite\",\"@id\":\"https:\\\/\\\/www.gei-gitterroste.de\\\/de\\\/#website\",\"url\":\"https:\\\/\\\/www.gei-gitterroste.de\\\/de\\\/\",\"name\":\"GEI Gitterroste\",\"description\":\"\",\"publisher\":{\"@id\":\"https:\\\/\\\/www.gei-gitterroste.de\\\/de\\\/#organization\"},\"potentialAction\":[{\"@type\":\"SearchAction\",\"target\":{\"@type\":\"EntryPoint\",\"urlTemplate\":\"https:\\\/\\\/www.gei-gitterroste.de\\\/de\\\/?s={search_term_string}\"},\"query-input\":{\"@type\":\"PropertyValueSpecification\",\"valueRequired\":true,\"valueName\":\"search_term_string\"}}],\"inLanguage\":\"de\"},{\"@type\":\"Organization\",\"@id\":\"https:\\\/\\\/www.gei-gitterroste.de\\\/de\\\/#organization\",\"name\":\"GEI Gitterroste\",\"url\":\"https:\\\/\\\/www.gei-gitterroste.de\\\/de\\\/\",\"logo\":{\"@type\":\"ImageObject\",\"inLanguage\":\"de\",\"@id\":\"https:\\\/\\\/www.gei-gitterroste.de\\\/de\\\/#\\\/schema\\\/logo\\\/image\\\/\",\"url\":\"https:\\\/\\\/www.gei-gitterroste.de\\\/wp-content\\\/uploads\\\/2021\\\/06\\\/gei_logo-1.svg\",\"contentUrl\":\"https:\\\/\\\/www.gei-gitterroste.de\\\/wp-content\\\/uploads\\\/2021\\\/06\\\/gei_logo-1.svg\",\"width\":580.6,\"height\":215.9,\"caption\":\"GEI Gitterroste\"},\"image\":{\"@id\":\"https:\\\/\\\/www.gei-gitterroste.de\\\/de\\\/#\\\/schema\\\/logo\\\/image\\\/\"}}]}<\/script>\n<!-- \/ Yoast SEO plugin. -->","yoast_head_json":{"title":"Gitterroste speziell f\u00fcr Autobahnen","description":"GEI Gitterroste ist ein auf die Herstellung von Gitterrosten spezialisiertes Unternehmen, darunter auch f\u00fcr Autobahnen und Transportwege. Kontaktieren Sie uns!","robots":{"index":"index","follow":"follow","max-snippet":"max-snippet:-1","max-image-preview":"max-image-preview:large","max-video-preview":"max-video-preview:-1"},"canonical":"https:\/\/www.gei-gitterroste.de\/de\/gitterroste-speziell-autobahnen\/","og_locale":"de_DE","og_type":"article","og_title":"Gitterroste speziell f\u00fcr Autobahnen","og_description":"GEI Gitterroste ist ein auf die Herstellung von Gitterrosten spezialisiertes Unternehmen, darunter auch f\u00fcr Autobahnen und Transportwege. Kontaktieren Sie uns!","og_url":"https:\/\/www.gei-gitterroste.de\/de\/gitterroste-speziell-autobahnen\/","og_site_name":"GEI Gitterroste","article_modified_time":"2025-12-23T11:05:04+00:00","og_image":[{"width":800,"height":406,"url":"https:\/\/www.gei-gitterroste.de\/wp-content\/uploads\/2025\/11\/Gitterroste-am-Strassenrand.jpg","type":"image\/jpeg"}],"twitter_card":"summary_large_image","twitter_misc":{"Gesch\u00e4tzte Lesezeit":"3\u00a0Minuten"},"schema":{"@context":"https:\/\/schema.org","@graph":[{"@type":"WebPage","@id":"https:\/\/www.gei-gitterroste.de\/gitterroste-speziell-autobahnen\/","url":"https:\/\/www.gei-gitterroste.de\/gitterroste-speziell-autobahnen\/","name":"Gitterroste speziell f\u00fcr Autobahnen","isPartOf":{"@id":"https:\/\/www.gei-gitterroste.de\/de\/#website"},"primaryImageOfPage":{"@id":"https:\/\/www.gei-gitterroste.de\/gitterroste-speziell-autobahnen\/#primaryimage"},"image":{"@id":"https:\/\/www.gei-gitterroste.de\/gitterroste-speziell-autobahnen\/#primaryimage"},"thumbnailUrl":"https:\/\/www.gei-gitterroste.de\/wp-content\/uploads\/2025\/11\/Gitterroste-am-Strassenrand.jpg","datePublished":"2025-11-25T13:49:06+00:00","dateModified":"2025-12-23T11:05:04+00:00","description":"GEI Gitterroste ist ein auf die Herstellung von Gitterrosten spezialisiertes Unternehmen, darunter auch f\u00fcr Autobahnen und Transportwege. Kontaktieren Sie uns!","breadcrumb":{"@id":"https:\/\/www.gei-gitterroste.de\/gitterroste-speziell-autobahnen\/#breadcrumb"},"inLanguage":"de","potentialAction":[{"@type":"ReadAction","target":["https:\/\/www.gei-gitterroste.de\/gitterroste-speziell-autobahnen\/"]}]},{"@type":"ImageObject","inLanguage":"de","@id":"https:\/\/www.gei-gitterroste.de\/gitterroste-speziell-autobahnen\/#primaryimage","url":"https:\/\/www.gei-gitterroste.de\/wp-content\/uploads\/2025\/11\/Gitterroste-am-Strassenrand.jpg","contentUrl":"https:\/\/www.gei-gitterroste.de\/wp-content\/uploads\/2025\/11\/Gitterroste-am-Strassenrand.jpg"},{"@type":"BreadcrumbList","@id":"https:\/\/www.gei-gitterroste.de\/gitterroste-speziell-autobahnen\/#breadcrumb","itemListElement":[{"@type":"ListItem","position":1,"name":"Startseite","item":"https:\/\/www.gei-gitterroste.de\/de\/"},{"@type":"ListItem","position":2,"name":"Gitterroste speziell f\u00fcr Autobahnen"}]},{"@type":"WebSite","@id":"https:\/\/www.gei-gitterroste.de\/de\/#website","url":"https:\/\/www.gei-gitterroste.de\/de\/","name":"GEI Gitterroste","description":"","publisher":{"@id":"https:\/\/www.gei-gitterroste.de\/de\/#organization"},"potentialAction":[{"@type":"SearchAction","target":{"@type":"EntryPoint","urlTemplate":"https:\/\/www.gei-gitterroste.de\/de\/?s={search_term_string}"},"query-input":{"@type":"PropertyValueSpecification","valueRequired":true,"valueName":"search_term_string"}}],"inLanguage":"de"},{"@type":"Organization","@id":"https:\/\/www.gei-gitterroste.de\/de\/#organization","name":"GEI Gitterroste","url":"https:\/\/www.gei-gitterroste.de\/de\/","logo":{"@type":"ImageObject","inLanguage":"de","@id":"https:\/\/www.gei-gitterroste.de\/de\/#\/schema\/logo\/image\/","url":"https:\/\/www.gei-gitterroste.de\/wp-content\/uploads\/2021\/06\/gei_logo-1.svg","contentUrl":"https:\/\/www.gei-gitterroste.de\/wp-content\/uploads\/2021\/06\/gei_logo-1.svg","width":580.6,"height":215.9,"caption":"GEI Gitterroste"},"image":{"@id":"https:\/\/www.gei-gitterroste.de\/de\/#\/schema\/logo\/image\/"}}]}},"_links":{"self":[{"href":"https:\/\/www.gei-gitterroste.de\/de\/wp-json\/wp\/v2\/pages\/10367","targetHints":{"allow":["GET"]}}],"collection":[{"href":"https:\/\/www.gei-gitterroste.de\/de\/wp-json\/wp\/v2\/pages"}],"about":[{"href":"https:\/\/www.gei-gitterroste.de\/de\/wp-json\/wp\/v2\/types\/page"}],"author":[{"embeddable":true,"href":"https:\/\/www.gei-gitterroste.de\/de\/wp-json\/wp\/v2\/users\/8"}],"replies":[{"embeddable":true,"href":"https:\/\/www.gei-gitterroste.de\/de\/wp-json\/wp\/v2\/comments?post=10367"}],"version-history":[{"count":26,"href":"https:\/\/www.gei-gitterroste.de\/de\/wp-json\/wp\/v2\/pages\/10367\/revisions"}],"predecessor-version":[{"id":11952,"href":"https:\/\/www.gei-gitterroste.de\/de\/wp-json\/wp\/v2\/pages\/10367\/revisions\/11952"}],"wp:attachment":[{"href":"https:\/\/www.gei-gitterroste.de\/de\/wp-json\/wp\/v2\/media?parent=10367"}],"curies":[{"name":"wp","href":"https:\/\/api.w.org\/{rel}","templated":true}]}}