{"id":10381,"date":"2025-11-25T14:09:21","date_gmt":"2025-11-25T14:09:21","guid":{"rendered":"https:\/\/www.gei-gitterroste.de\/?page_id=10381"},"modified":"2025-12-23T10:15:11","modified_gmt":"2025-12-23T10:15:11","slug":"offshore-gitterrost","status":"publish","type":"page","link":"https:\/\/www.gei-gitterroste.de\/de\/offshore-gitterrost\/","title":{"rendered":"Offshore-Gitterrost"},"content":{"rendered":"\t\t<div data-elementor-type=\"wp-page\" data-elementor-id=\"10381\" class=\"elementor elementor-10381\" data-elementor-post-type=\"page\">\n\t\t\t\t\t\t<section class=\"elementor-section elementor-top-section elementor-element elementor-element-f078a0a elementor-section-boxed elementor-section-height-default elementor-section-height-default\" data-id=\"f078a0a\" data-element_type=\"section\" data-e-type=\"section\">\n\t\t\t\t\t\t<div class=\"elementor-container elementor-column-gap-default\">\n\t\t\t\t\t<div class=\"elementor-column elementor-col-100 elementor-top-column elementor-element elementor-element-aa1b141\" data-id=\"aa1b141\" data-element_type=\"column\" data-e-type=\"column\">\n\t\t\t<div class=\"elementor-widget-wrap elementor-element-populated\">\n\t\t\t\t\t\t<div class=\"elementor-element elementor-element-676aacc topd2b elementor-widget elementor-widget-heading\" data-id=\"676aacc\" data-element_type=\"widget\" data-e-type=\"widget\" data-widget_type=\"heading.default\">\n\t\t\t\t<div class=\"elementor-widget-container\">\n\t\t\t\t\t<h2 class=\"elementor-heading-title elementor-size-default\">Offshore-Gitterrost<\/h2>\t\t\t\t<\/div>\n\t\t\t\t<\/div>\n\t\t\t\t\t<\/div>\n\t\t<\/div>\n\t\t\t\t\t<\/div>\n\t\t<\/section>\n\t\t\t\t<section class=\"elementor-section elementor-top-section elementor-element elementor-element-8e7485b elementor-section-boxed elementor-section-height-default elementor-section-height-default\" data-id=\"8e7485b\" data-element_type=\"section\" data-e-type=\"section\">\n\t\t\t\t\t\t<div class=\"elementor-container elementor-column-gap-default\">\n\t\t\t\t\t<div class=\"elementor-column elementor-col-66 elementor-top-column elementor-element elementor-element-5b5efa2\" data-id=\"5b5efa2\" data-element_type=\"column\" data-e-type=\"column\">\n\t\t\t<div class=\"elementor-widget-wrap elementor-element-populated\">\n\t\t\t\t\t\t<div class=\"elementor-element elementor-element-111ef81 elementor-widget elementor-widget-text-editor\" data-id=\"111ef81\" data-element_type=\"widget\" data-e-type=\"widget\" data-widget_type=\"text-editor.default\">\n\t\t\t\t<div class=\"elementor-widget-container\">\n\t\t\t\t\t\t\t\t\t<p>Der <a href=\"https:\/\/www.gei-gitterroste.de\/de\/offshore-schweisspressrost\/\"><strong class=\"d2b\">Offshore-Schwei\u00dfpressrost<\/strong><\/a> wurde so konzipiert, dass er mitten im Meer auf <strong class=\"d2b\">Bohrinseln<\/strong> eingesetzt werden kann.<\/p><p>Der Offshore-Schwei\u00dfpressrost ist ein wesentliches Element auf Bohrinseln im Meer.<\/p><p>Aufgrund der robusten Konstruktion und ihrer Korrosionsbest\u00e4ndigkeit sind sie die richtige Wahl f\u00fcr schwierige maritime Umgebungen. Dank der Fertigung aus elektrogeschwei\u00dftem und gleichzeitig verpresstem Stahl verf\u00fcgen diese Gitterroste \u00fcber eine au\u00dfergew\u00f6hnliche Langlebigkeit und k\u00f6nnen so die Sicherheit der Arbeiter auf Offshore-Plattformen gew\u00e4hrleisten.<\/p><p>Der zus\u00e4tzliche Bitumenanstrich sch\u00fctzt die elektrogeschwei\u00dften Offshore-Gitterroste zuverl\u00e4ssig vor Witterungseinfl\u00fcssen und verl\u00e4ngert ihre Lebensdauer erheblich.<\/p><p>Kurz gesagt: Der <strong class=\"d2b\">Offshore-Schwei\u00dfgitterrost<\/strong> ist auf Offshore-Plattformen eine unverzichtbare Komponente, die f\u00fcr Sicherheit und Zuverl\u00e4ssigkeit sorgt.<\/p>\t\t\t\t\t\t\t\t<\/div>\n\t\t\t\t<\/div>\n\t\t\t\t\t<\/div>\n\t\t<\/div>\n\t\t\t\t<div class=\"elementor-column elementor-col-33 elementor-top-column elementor-element elementor-element-6a8e917\" data-id=\"6a8e917\" data-element_type=\"column\" data-e-type=\"column\">\n\t\t\t<div class=\"elementor-widget-wrap elementor-element-populated\">\n\t\t\t\t\t\t<div class=\"elementor-element elementor-element-f56c868 elementor-widget elementor-widget-image\" data-id=\"f56c868\" data-element_type=\"widget\" data-e-type=\"widget\" data-widget_type=\"image.default\">\n\t\t\t\t<div class=\"elementor-widget-container\">\n\t\t\t\t\t\t\t\t\t\t\t\t<figure class=\"wp-caption\">\n\t\t\t\t\t\t\t\t\t\t<img fetchpriority=\"high\" decoding=\"async\" width=\"800\" height=\"533\" src=\"https:\/\/www.gei-gitterroste.de\/wp-content\/uploads\/2025\/11\/Offshore-Gitterroste-Bohrinseln.jpg\" class=\"attachment-full size-full wp-image-10384\" alt=\"Offshore-Gitterroste f\u00fcr Bohrinseln\" srcset=\"https:\/\/www.gei-gitterroste.de\/wp-content\/uploads\/2025\/11\/Offshore-Gitterroste-Bohrinseln.jpg 800w, https:\/\/www.gei-gitterroste.de\/wp-content\/uploads\/2025\/11\/Offshore-Gitterroste-Bohrinseln-300x200.jpg 300w, https:\/\/www.gei-gitterroste.de\/wp-content\/uploads\/2025\/11\/Offshore-Gitterroste-Bohrinseln-768x512.jpg 768w, https:\/\/www.gei-gitterroste.de\/wp-content\/uploads\/2025\/11\/Offshore-Gitterroste-Bohrinseln-18x12.jpg 18w, https:\/\/www.gei-gitterroste.de\/wp-content\/uploads\/2025\/11\/Offshore-Gitterroste-Bohrinseln-600x400.jpg 600w\" sizes=\"(max-width: 800px) 100vw, 800px\" \/>\t\t\t\t\t\t\t\t\t\t\t<figcaption class=\"widget-image-caption wp-caption-text\">Offshore-Gitterroste - ideal f\u00fcr Bohrinseln <\/figcaption>\n\t\t\t\t\t\t\t\t\t\t<\/figure>\n\t\t\t\t\t\t\t\t\t<\/div>\n\t\t\t\t<\/div>\n\t\t\t\t\t<\/div>\n\t\t<\/div>\n\t\t\t\t\t<\/div>\n\t\t<\/section>\n\t\t\t\t<section class=\"elementor-section elementor-top-section elementor-element elementor-element-641546c elementor-section-boxed elementor-section-height-default elementor-section-height-default\" data-id=\"641546c\" data-element_type=\"section\" data-e-type=\"section\">\n\t\t\t\t\t\t<div class=\"elementor-container elementor-column-gap-default\">\n\t\t\t\t\t<div class=\"elementor-column elementor-col-66 elementor-top-column elementor-element elementor-element-a9b5400\" data-id=\"a9b5400\" data-element_type=\"column\" data-e-type=\"column\">\n\t\t\t<div class=\"elementor-widget-wrap elementor-element-populated\">\n\t\t\t\t\t\t<div class=\"elementor-element elementor-element-f98cfc6 elementor-widget elementor-widget-text-editor\" data-id=\"f98cfc6\" data-element_type=\"widget\" data-e-type=\"widget\" data-widget_type=\"text-editor.default\">\n\t\t\t\t<div class=\"elementor-widget-container\">\n\t\t\t\t\t\t\t\t\t<h3><strong>Vorteile des Offshore-Schwei\u00dfpressrosts<\/strong><\/h3><p>Um maximale Sicherheit zu gew\u00e4hrleisten, sind die auf See eingesetzten <strong class=\"d2b\">Gitterroste<\/strong> an den Tragst\u00e4ben gezackt um die Rutschhemmung zu erh\u00f6hen.<\/p><p>Dar\u00fcber hinaus kann optional die Ausf\u00fchrung mit Sicherheitsmaschen (19&#215;19 \/19&#215;40) gew\u00e4hlt werden, die f\u00fcr 20 mm gro\u00dfe Pr\u00fcfkugeln undurchl\u00e4ssig sind.<\/p><p>Die L\u00e4ngen k\u00f6nnen je nach Anforderungen und Bedarf bis zu 6 m lang sein.<\/p>\t\t\t\t\t\t\t\t<\/div>\n\t\t\t\t<\/div>\n\t\t\t\t\t<\/div>\n\t\t<\/div>\n\t\t\t\t<div class=\"elementor-column elementor-col-33 elementor-top-column elementor-element elementor-element-4feb793\" data-id=\"4feb793\" data-element_type=\"column\" data-e-type=\"column\">\n\t\t\t<div class=\"elementor-widget-wrap elementor-element-populated\">\n\t\t\t\t\t\t<div class=\"elementor-element elementor-element-83ab5c3 elementor-widget elementor-widget-image\" data-id=\"83ab5c3\" data-element_type=\"widget\" data-e-type=\"widget\" data-widget_type=\"image.default\">\n\t\t\t\t<div class=\"elementor-widget-container\">\n\t\t\t\t\t\t\t\t\t\t\t\t<figure class=\"wp-caption\">\n\t\t\t\t\t\t\t\t\t\t<img decoding=\"async\" width=\"800\" height=\"594\" src=\"https:\/\/www.gei-gitterroste.de\/wp-content\/uploads\/2025\/11\/Offshore-Gitterrost-Anlegestelle.jpg\" class=\"attachment-full size-full wp-image-10386\" alt=\"Offshore-Gitterrost an einer Anlegestelle\" srcset=\"https:\/\/www.gei-gitterroste.de\/wp-content\/uploads\/2025\/11\/Offshore-Gitterrost-Anlegestelle.jpg 800w, https:\/\/www.gei-gitterroste.de\/wp-content\/uploads\/2025\/11\/Offshore-Gitterrost-Anlegestelle-300x223.jpg 300w, https:\/\/www.gei-gitterroste.de\/wp-content\/uploads\/2025\/11\/Offshore-Gitterrost-Anlegestelle-768x570.jpg 768w, https:\/\/www.gei-gitterroste.de\/wp-content\/uploads\/2025\/11\/Offshore-Gitterrost-Anlegestelle-16x12.jpg 16w, https:\/\/www.gei-gitterroste.de\/wp-content\/uploads\/2025\/11\/Offshore-Gitterrost-Anlegestelle-600x446.jpg 600w\" sizes=\"(max-width: 800px) 100vw, 800px\" \/>\t\t\t\t\t\t\t\t\t\t\t<figcaption class=\"widget-image-caption wp-caption-text\">Offshore-Gitterrost an einer Anlegestelle<\/figcaption>\n\t\t\t\t\t\t\t\t\t\t<\/figure>\n\t\t\t\t\t\t\t\t\t<\/div>\n\t\t\t\t<\/div>\n\t\t\t\t\t<\/div>\n\t\t<\/div>\n\t\t\t\t\t<\/div>\n\t\t<\/section>\n\t\t\t\t<section class=\"elementor-section elementor-top-section elementor-element elementor-element-3a19888 elementor-section-boxed elementor-section-height-default elementor-section-height-default\" data-id=\"3a19888\" data-element_type=\"section\" data-e-type=\"section\">\n\t\t\t\t\t\t<div class=\"elementor-container elementor-column-gap-default\">\n\t\t\t\t\t<div class=\"elementor-column elementor-col-100 elementor-top-column elementor-element elementor-element-0826618\" data-id=\"0826618\" data-element_type=\"column\" data-e-type=\"column\">\n\t\t\t<div class=\"elementor-widget-wrap elementor-element-populated\">\n\t\t\t\t\t\t<div class=\"elementor-element elementor-element-b87d75c elementor-widget elementor-widget-text-editor\" data-id=\"b87d75c\" data-element_type=\"widget\" data-e-type=\"widget\" data-widget_type=\"text-editor.default\">\n\t\t\t\t<div class=\"elementor-widget-container\">\n\t\t\t\t\t\t\t\t\t<p>Der <strong class=\"d2b\">Offshore-Rost<\/strong> ist auch als <a href=\"https:\/\/www.gei-gitterroste.de\/de\/gfk-in-der-architektur\/\">GFK-Ausf\u00fchrung<\/a> erh\u00e4ltlich. Durch seine Chemikalienbest\u00e4ndigkeit eignet sich dieser Gitterrost besonders gut f\u00fcr <strong class=\"d2b\">maritime Bedingungen<\/strong>. Zur Reduzierung von St\u00fcrzen und Unf\u00e4llen kann er mit einer rutschhemmenden Oberfl\u00e4che versehen werden.<\/p>\t\t\t\t\t\t\t\t<\/div>\n\t\t\t\t<\/div>\n\t\t\t\t\t<\/div>\n\t\t<\/div>\n\t\t\t\t\t<\/div>\n\t\t<\/section>\n\t\t\t\t<section class=\"elementor-section elementor-top-section elementor-element elementor-element-79f43ad elementor-section-boxed elementor-section-height-default elementor-section-height-default\" data-id=\"79f43ad\" data-element_type=\"section\" data-e-type=\"section\">\n\t\t\t\t\t\t<div class=\"elementor-container elementor-column-gap-default\">\n\t\t\t\t\t<div class=\"elementor-column elementor-col-100 elementor-top-column elementor-element elementor-element-93d59f4\" data-id=\"93d59f4\" data-element_type=\"column\" data-e-type=\"column\">\n\t\t\t<div class=\"elementor-widget-wrap elementor-element-populated\">\n\t\t\t\t\t\t<div class=\"elementor-element elementor-element-c237dfd elementor-align-center elementor-widget elementor-widget-button\" data-id=\"c237dfd\" data-element_type=\"widget\" data-e-type=\"widget\" data-widget_type=\"button.default\">\n\t\t\t\t<div class=\"elementor-widget-container\">\n\t\t\t\t\t\t\t\t\t<div class=\"elementor-button-wrapper\">\n\t\t\t\t\t<a class=\"elementor-button elementor-button-link elementor-size-sm\" href=\"https:\/\/www.gei-gitterroste.de\/de\/express-kontakt\/\">\n\t\t\t\t\t\t<span class=\"elementor-button-content-wrapper\">\n\t\t\t\t\t\t\t\t\t<span class=\"elementor-button-text\">Expresskontakt<\/span>\n\t\t\t\t\t<\/span>\n\t\t\t\t\t<\/a>\n\t\t\t\t<\/div>\n\t\t\t\t\t\t\t\t<\/div>\n\t\t\t\t<\/div>\n\t\t\t\t\t<\/div>\n\t\t<\/div>\n\t\t\t\t\t<\/div>\n\t\t<\/section>\n\t\t\t\t<\/div>\n\t\t","protected":false},"excerpt":{"rendered":"<p>Offshore-Gitterrost Der Offshore-Schwei\u00dfpressrost wurde so konzipiert, dass er mitten im Meer auf Bohrinseln eingesetzt werden kann. Der Offshore-Schwei\u00dfpressrost ist ein wesentliches Element auf Bohrinseln im Meer. Aufgrund der robusten Konstruktion und ihrer Korrosionsbest\u00e4ndigkeit sind sie die richtige Wahl f\u00fcr schwierige maritime Umgebungen. Dank der Fertigung aus elektrogeschwei\u00dftem und gleichzeitig verpresstem Stahl verf\u00fcgen diese Gitterroste \u00fcber [&hellip;]<\/p>\n","protected":false},"author":8,"featured_media":0,"parent":0,"menu_order":0,"comment_status":"closed","ping_status":"closed","template":"","meta":{"footnotes":""},"class_list":["post-10381","page","type-page","status-publish","hentry"],"yoast_head":"<!-- This site is optimized with the Yoast SEO plugin v27.3 - https:\/\/yoast.com\/product\/yoast-seo-wordpress\/ -->\n<title>Offshore-Gitterrost, Hersteller von korrosionsbest\u00e4ndigen Gitterrosten<\/title>\n<meta name=\"description\" content=\"GEI Gitterroste ist ein Hersteller von Gitterrosten f\u00fcr Offshore-Plattformen. Kontaktieren Sie uns!\" \/>\n<meta name=\"robots\" content=\"index, follow, max-snippet:-1, max-image-preview:large, max-video-preview:-1\" \/>\n<link rel=\"canonical\" href=\"https:\/\/www.gei-gitterroste.de\/de\/offshore-gitterrost\/\" \/>\n<meta property=\"og:locale\" content=\"de_DE\" \/>\n<meta property=\"og:type\" content=\"article\" \/>\n<meta property=\"og:title\" content=\"Offshore-Gitterrost, Hersteller von korrosionsbest\u00e4ndigen Gitterrosten\" \/>\n<meta property=\"og:description\" content=\"GEI Gitterroste ist ein Hersteller von Gitterrosten f\u00fcr Offshore-Plattformen. Kontaktieren Sie uns!\" \/>\n<meta property=\"og:url\" content=\"https:\/\/www.gei-gitterroste.de\/de\/offshore-gitterrost\/\" \/>\n<meta property=\"og:site_name\" content=\"GEI Gitterroste\" \/>\n<meta property=\"article:modified_time\" content=\"2025-12-23T10:15:11+00:00\" \/>\n<meta property=\"og:image\" content=\"https:\/\/www.gei-gitterroste.de\/wp-content\/uploads\/2025\/11\/Offshore-Gitterroste-Bohrinseln.jpg\" \/>\n<meta name=\"twitter:card\" content=\"summary_large_image\" \/>\n<meta name=\"twitter:label1\" content=\"Gesch\u00e4tzte Lesezeit\" \/>\n\t<meta name=\"twitter:data1\" content=\"2\u00a0Minuten\" \/>\n<script type=\"application\/ld+json\" class=\"yoast-schema-graph\">{\"@context\":\"https:\\\/\\\/schema.org\",\"@graph\":[{\"@type\":\"WebPage\",\"@id\":\"https:\\\/\\\/www.gei-gitterroste.de\\\/offshore-gitterrost\\\/\",\"url\":\"https:\\\/\\\/www.gei-gitterroste.de\\\/offshore-gitterrost\\\/\",\"name\":\"Offshore-Gitterrost, Hersteller von korrosionsbest\u00e4ndigen Gitterrosten\",\"isPartOf\":{\"@id\":\"https:\\\/\\\/www.gei-gitterroste.de\\\/de\\\/#website\"},\"primaryImageOfPage\":{\"@id\":\"https:\\\/\\\/www.gei-gitterroste.de\\\/offshore-gitterrost\\\/#primaryimage\"},\"image\":{\"@id\":\"https:\\\/\\\/www.gei-gitterroste.de\\\/offshore-gitterrost\\\/#primaryimage\"},\"thumbnailUrl\":\"https:\\\/\\\/www.gei-gitterroste.de\\\/wp-content\\\/uploads\\\/2025\\\/11\\\/Offshore-Gitterroste-Bohrinseln.jpg\",\"datePublished\":\"2025-11-25T14:09:21+00:00\",\"dateModified\":\"2025-12-23T10:15:11+00:00\",\"description\":\"GEI Gitterroste ist ein Hersteller von Gitterrosten f\u00fcr Offshore-Plattformen. Kontaktieren Sie uns!\",\"breadcrumb\":{\"@id\":\"https:\\\/\\\/www.gei-gitterroste.de\\\/offshore-gitterrost\\\/#breadcrumb\"},\"inLanguage\":\"de\",\"potentialAction\":[{\"@type\":\"ReadAction\",\"target\":[\"https:\\\/\\\/www.gei-gitterroste.de\\\/offshore-gitterrost\\\/\"]}]},{\"@type\":\"ImageObject\",\"inLanguage\":\"de\",\"@id\":\"https:\\\/\\\/www.gei-gitterroste.de\\\/offshore-gitterrost\\\/#primaryimage\",\"url\":\"https:\\\/\\\/www.gei-gitterroste.de\\\/wp-content\\\/uploads\\\/2025\\\/11\\\/Offshore-Gitterroste-Bohrinseln.jpg\",\"contentUrl\":\"https:\\\/\\\/www.gei-gitterroste.de\\\/wp-content\\\/uploads\\\/2025\\\/11\\\/Offshore-Gitterroste-Bohrinseln.jpg\"},{\"@type\":\"BreadcrumbList\",\"@id\":\"https:\\\/\\\/www.gei-gitterroste.de\\\/offshore-gitterrost\\\/#breadcrumb\",\"itemListElement\":[{\"@type\":\"ListItem\",\"position\":1,\"name\":\"Startseite\",\"item\":\"https:\\\/\\\/www.gei-gitterroste.de\\\/de\\\/\"},{\"@type\":\"ListItem\",\"position\":2,\"name\":\"Offshore-Gitterrost\"}]},{\"@type\":\"WebSite\",\"@id\":\"https:\\\/\\\/www.gei-gitterroste.de\\\/de\\\/#website\",\"url\":\"https:\\\/\\\/www.gei-gitterroste.de\\\/de\\\/\",\"name\":\"GEI Gitterroste\",\"description\":\"\",\"publisher\":{\"@id\":\"https:\\\/\\\/www.gei-gitterroste.de\\\/de\\\/#organization\"},\"potentialAction\":[{\"@type\":\"SearchAction\",\"target\":{\"@type\":\"EntryPoint\",\"urlTemplate\":\"https:\\\/\\\/www.gei-gitterroste.de\\\/de\\\/?s={search_term_string}\"},\"query-input\":{\"@type\":\"PropertyValueSpecification\",\"valueRequired\":true,\"valueName\":\"search_term_string\"}}],\"inLanguage\":\"de\"},{\"@type\":\"Organization\",\"@id\":\"https:\\\/\\\/www.gei-gitterroste.de\\\/de\\\/#organization\",\"name\":\"GEI Gitterroste\",\"url\":\"https:\\\/\\\/www.gei-gitterroste.de\\\/de\\\/\",\"logo\":{\"@type\":\"ImageObject\",\"inLanguage\":\"de\",\"@id\":\"https:\\\/\\\/www.gei-gitterroste.de\\\/de\\\/#\\\/schema\\\/logo\\\/image\\\/\",\"url\":\"https:\\\/\\\/www.gei-gitterroste.de\\\/wp-content\\\/uploads\\\/2021\\\/06\\\/gei_logo-1.svg\",\"contentUrl\":\"https:\\\/\\\/www.gei-gitterroste.de\\\/wp-content\\\/uploads\\\/2021\\\/06\\\/gei_logo-1.svg\",\"width\":580.6,\"height\":215.9,\"caption\":\"GEI Gitterroste\"},\"image\":{\"@id\":\"https:\\\/\\\/www.gei-gitterroste.de\\\/de\\\/#\\\/schema\\\/logo\\\/image\\\/\"}}]}<\/script>\n<!-- \/ Yoast SEO plugin. -->","yoast_head_json":{"title":"Offshore-Gitterrost, Hersteller von korrosionsbest\u00e4ndigen Gitterrosten","description":"GEI Gitterroste ist ein Hersteller von Gitterrosten f\u00fcr Offshore-Plattformen. Kontaktieren Sie uns!","robots":{"index":"index","follow":"follow","max-snippet":"max-snippet:-1","max-image-preview":"max-image-preview:large","max-video-preview":"max-video-preview:-1"},"canonical":"https:\/\/www.gei-gitterroste.de\/de\/offshore-gitterrost\/","og_locale":"de_DE","og_type":"article","og_title":"Offshore-Gitterrost, Hersteller von korrosionsbest\u00e4ndigen Gitterrosten","og_description":"GEI Gitterroste ist ein Hersteller von Gitterrosten f\u00fcr Offshore-Plattformen. Kontaktieren Sie uns!","og_url":"https:\/\/www.gei-gitterroste.de\/de\/offshore-gitterrost\/","og_site_name":"GEI Gitterroste","article_modified_time":"2025-12-23T10:15:11+00:00","og_image":[{"url":"https:\/\/www.gei-gitterroste.de\/wp-content\/uploads\/2025\/11\/Offshore-Gitterroste-Bohrinseln.jpg","type":"","width":"","height":""}],"twitter_card":"summary_large_image","twitter_misc":{"Gesch\u00e4tzte Lesezeit":"2\u00a0Minuten"},"schema":{"@context":"https:\/\/schema.org","@graph":[{"@type":"WebPage","@id":"https:\/\/www.gei-gitterroste.de\/offshore-gitterrost\/","url":"https:\/\/www.gei-gitterroste.de\/offshore-gitterrost\/","name":"Offshore-Gitterrost, Hersteller von korrosionsbest\u00e4ndigen Gitterrosten","isPartOf":{"@id":"https:\/\/www.gei-gitterroste.de\/de\/#website"},"primaryImageOfPage":{"@id":"https:\/\/www.gei-gitterroste.de\/offshore-gitterrost\/#primaryimage"},"image":{"@id":"https:\/\/www.gei-gitterroste.de\/offshore-gitterrost\/#primaryimage"},"thumbnailUrl":"https:\/\/www.gei-gitterroste.de\/wp-content\/uploads\/2025\/11\/Offshore-Gitterroste-Bohrinseln.jpg","datePublished":"2025-11-25T14:09:21+00:00","dateModified":"2025-12-23T10:15:11+00:00","description":"GEI Gitterroste ist ein Hersteller von Gitterrosten f\u00fcr Offshore-Plattformen. Kontaktieren Sie uns!","breadcrumb":{"@id":"https:\/\/www.gei-gitterroste.de\/offshore-gitterrost\/#breadcrumb"},"inLanguage":"de","potentialAction":[{"@type":"ReadAction","target":["https:\/\/www.gei-gitterroste.de\/offshore-gitterrost\/"]}]},{"@type":"ImageObject","inLanguage":"de","@id":"https:\/\/www.gei-gitterroste.de\/offshore-gitterrost\/#primaryimage","url":"https:\/\/www.gei-gitterroste.de\/wp-content\/uploads\/2025\/11\/Offshore-Gitterroste-Bohrinseln.jpg","contentUrl":"https:\/\/www.gei-gitterroste.de\/wp-content\/uploads\/2025\/11\/Offshore-Gitterroste-Bohrinseln.jpg"},{"@type":"BreadcrumbList","@id":"https:\/\/www.gei-gitterroste.de\/offshore-gitterrost\/#breadcrumb","itemListElement":[{"@type":"ListItem","position":1,"name":"Startseite","item":"https:\/\/www.gei-gitterroste.de\/de\/"},{"@type":"ListItem","position":2,"name":"Offshore-Gitterrost"}]},{"@type":"WebSite","@id":"https:\/\/www.gei-gitterroste.de\/de\/#website","url":"https:\/\/www.gei-gitterroste.de\/de\/","name":"GEI Gitterroste","description":"","publisher":{"@id":"https:\/\/www.gei-gitterroste.de\/de\/#organization"},"potentialAction":[{"@type":"SearchAction","target":{"@type":"EntryPoint","urlTemplate":"https:\/\/www.gei-gitterroste.de\/de\/?s={search_term_string}"},"query-input":{"@type":"PropertyValueSpecification","valueRequired":true,"valueName":"search_term_string"}}],"inLanguage":"de"},{"@type":"Organization","@id":"https:\/\/www.gei-gitterroste.de\/de\/#organization","name":"GEI Gitterroste","url":"https:\/\/www.gei-gitterroste.de\/de\/","logo":{"@type":"ImageObject","inLanguage":"de","@id":"https:\/\/www.gei-gitterroste.de\/de\/#\/schema\/logo\/image\/","url":"https:\/\/www.gei-gitterroste.de\/wp-content\/uploads\/2021\/06\/gei_logo-1.svg","contentUrl":"https:\/\/www.gei-gitterroste.de\/wp-content\/uploads\/2021\/06\/gei_logo-1.svg","width":580.6,"height":215.9,"caption":"GEI Gitterroste"},"image":{"@id":"https:\/\/www.gei-gitterroste.de\/de\/#\/schema\/logo\/image\/"}}]}},"_links":{"self":[{"href":"https:\/\/www.gei-gitterroste.de\/de\/wp-json\/wp\/v2\/pages\/10381","targetHints":{"allow":["GET"]}}],"collection":[{"href":"https:\/\/www.gei-gitterroste.de\/de\/wp-json\/wp\/v2\/pages"}],"about":[{"href":"https:\/\/www.gei-gitterroste.de\/de\/wp-json\/wp\/v2\/types\/page"}],"author":[{"embeddable":true,"href":"https:\/\/www.gei-gitterroste.de\/de\/wp-json\/wp\/v2\/users\/8"}],"replies":[{"embeddable":true,"href":"https:\/\/www.gei-gitterroste.de\/de\/wp-json\/wp\/v2\/comments?post=10381"}],"version-history":[{"count":16,"href":"https:\/\/www.gei-gitterroste.de\/de\/wp-json\/wp\/v2\/pages\/10381\/revisions"}],"predecessor-version":[{"id":11931,"href":"https:\/\/www.gei-gitterroste.de\/de\/wp-json\/wp\/v2\/pages\/10381\/revisions\/11931"}],"wp:attachment":[{"href":"https:\/\/www.gei-gitterroste.de\/de\/wp-json\/wp\/v2\/media?parent=10381"}],"curies":[{"name":"wp","href":"https:\/\/api.w.org\/{rel}","templated":true}]}}