{"id":10390,"date":"2025-11-25T14:33:10","date_gmt":"2025-11-25T14:33:10","guid":{"rendered":"https:\/\/www.gei-gitterroste.de\/?page_id=10390"},"modified":"2025-12-23T11:15:12","modified_gmt":"2025-12-23T11:15:12","slug":"gitterroste-fuer-bahnstrecken","status":"publish","type":"page","link":"https:\/\/www.gei-gitterroste.de\/de\/gitterroste-fuer-bahnstrecken\/","title":{"rendered":"Gitterroste f\u00fcr Bahnstrecken"},"content":{"rendered":"\t\t<div data-elementor-type=\"wp-page\" data-elementor-id=\"10390\" class=\"elementor elementor-10390\" data-elementor-post-type=\"page\">\n\t\t\t\t\t\t<section class=\"elementor-section elementor-top-section elementor-element elementor-element-f078a0a elementor-section-boxed elementor-section-height-default elementor-section-height-default\" data-id=\"f078a0a\" data-element_type=\"section\" data-e-type=\"section\">\n\t\t\t\t\t\t<div class=\"elementor-container elementor-column-gap-default\">\n\t\t\t\t\t<div class=\"elementor-column elementor-col-100 elementor-top-column elementor-element elementor-element-aa1b141\" data-id=\"aa1b141\" data-element_type=\"column\" data-e-type=\"column\">\n\t\t\t<div class=\"elementor-widget-wrap elementor-element-populated\">\n\t\t\t\t\t\t<div class=\"elementor-element elementor-element-676aacc topd2b elementor-widget elementor-widget-heading\" data-id=\"676aacc\" data-element_type=\"widget\" data-e-type=\"widget\" data-widget_type=\"heading.default\">\n\t\t\t\t<div class=\"elementor-widget-container\">\n\t\t\t\t\t<h2 class=\"elementor-heading-title elementor-size-default\">Gitterroste f\u00fcr Bahnstrecken<\/h2>\t\t\t\t<\/div>\n\t\t\t\t<\/div>\n\t\t\t\t\t<\/div>\n\t\t<\/div>\n\t\t\t\t\t<\/div>\n\t\t<\/section>\n\t\t\t\t<section class=\"elementor-section elementor-top-section elementor-element elementor-element-dfd73b8 elementor-section-boxed elementor-section-height-default elementor-section-height-default\" data-id=\"dfd73b8\" data-element_type=\"section\" data-e-type=\"section\">\n\t\t\t\t\t\t<div class=\"elementor-container elementor-column-gap-default\">\n\t\t\t\t\t<div class=\"elementor-column elementor-col-33 elementor-top-column elementor-element elementor-element-391d73a\" data-id=\"391d73a\" data-element_type=\"column\" data-e-type=\"column\">\n\t\t\t<div class=\"elementor-widget-wrap elementor-element-populated\">\n\t\t\t\t\t\t<div class=\"elementor-element elementor-element-f56c868 elementor-widget elementor-widget-image\" data-id=\"f56c868\" data-element_type=\"widget\" data-e-type=\"widget\" data-widget_type=\"image.default\">\n\t\t\t\t<div class=\"elementor-widget-container\">\n\t\t\t\t\t\t\t\t\t\t\t\t<figure class=\"wp-caption\">\n\t\t\t\t\t\t\t\t\t\t<img fetchpriority=\"high\" decoding=\"async\" width=\"461\" height=\"534\" src=\"https:\/\/www.gei-gitterroste.de\/wp-content\/uploads\/2025\/12\/Gitterrost-entlang-der-Bahnstrecke.jpg\" class=\"attachment-full size-full wp-image-11954\" alt=\"\" srcset=\"https:\/\/www.gei-gitterroste.de\/wp-content\/uploads\/2025\/12\/Gitterrost-entlang-der-Bahnstrecke.jpg 461w, https:\/\/www.gei-gitterroste.de\/wp-content\/uploads\/2025\/12\/Gitterrost-entlang-der-Bahnstrecke-259x300.jpg 259w, https:\/\/www.gei-gitterroste.de\/wp-content\/uploads\/2025\/12\/Gitterrost-entlang-der-Bahnstrecke-10x12.jpg 10w\" sizes=\"(max-width: 461px) 100vw, 461px\" \/>\t\t\t\t\t\t\t\t\t\t\t<figcaption class=\"widget-image-caption wp-caption-text\"><\/figcaption>\n\t\t\t\t\t\t\t\t\t\t<\/figure>\n\t\t\t\t\t\t\t\t\t<\/div>\n\t\t\t\t<\/div>\n\t\t\t\t<div class=\"elementor-element elementor-element-111ef81 elementor-widget elementor-widget-text-editor\" data-id=\"111ef81\" data-element_type=\"widget\" data-e-type=\"widget\" data-widget_type=\"text-editor.default\">\n\t\t\t\t<div class=\"elementor-widget-container\">\n\t\t\t\t\t\t\t\t\t<p>Der <strong class=\"d2b\">Gitterrost<\/strong> kann an <strong class=\"d2b\">Bahnstrecken<\/strong> eingesetzt werden, wo er eine einfache Montage<br \/>garantiert und gleichzeitig die Sicherheit der Z\u00fcge und des Wartungspersonals entlang der <strong class=\"d2b\">Bahnstrecken<\/strong> gew\u00e4hrleistet.<\/p>\t\t\t\t\t\t\t\t<\/div>\n\t\t\t\t<\/div>\n\t\t\t\t\t<\/div>\n\t\t<\/div>\n\t\t\t\t<div class=\"elementor-column elementor-col-33 elementor-top-column elementor-element elementor-element-30bacbb\" data-id=\"30bacbb\" data-element_type=\"column\" data-e-type=\"column\">\n\t\t\t<div class=\"elementor-widget-wrap elementor-element-populated\">\n\t\t\t\t\t\t<div class=\"elementor-element elementor-element-83ab5c3 elementor-widget elementor-widget-image\" data-id=\"83ab5c3\" data-element_type=\"widget\" data-e-type=\"widget\" data-widget_type=\"image.default\">\n\t\t\t\t<div class=\"elementor-widget-container\">\n\t\t\t\t\t\t\t\t\t\t\t\t<figure class=\"wp-caption\">\n\t\t\t\t\t\t\t\t\t\t<img decoding=\"async\" width=\"462\" height=\"535\" src=\"https:\/\/www.gei-gitterroste.de\/wp-content\/uploads\/2025\/12\/Gitterrost-GFK-Eisenbahnschienen.jpg\" class=\"attachment-full size-full wp-image-11955\" alt=\"\" srcset=\"https:\/\/www.gei-gitterroste.de\/wp-content\/uploads\/2025\/12\/Gitterrost-GFK-Eisenbahnschienen.jpg 462w, https:\/\/www.gei-gitterroste.de\/wp-content\/uploads\/2025\/12\/Gitterrost-GFK-Eisenbahnschienen-259x300.jpg 259w, https:\/\/www.gei-gitterroste.de\/wp-content\/uploads\/2025\/12\/Gitterrost-GFK-Eisenbahnschienen-10x12.jpg 10w\" sizes=\"(max-width: 462px) 100vw, 462px\" \/>\t\t\t\t\t\t\t\t\t\t\t<figcaption class=\"widget-image-caption wp-caption-text\"><\/figcaption>\n\t\t\t\t\t\t\t\t\t\t<\/figure>\n\t\t\t\t\t\t\t\t\t<\/div>\n\t\t\t\t<\/div>\n\t\t\t\t<div class=\"elementor-element elementor-element-f98cfc6 elementor-widget elementor-widget-text-editor\" data-id=\"f98cfc6\" data-element_type=\"widget\" data-e-type=\"widget\" data-widget_type=\"text-editor.default\">\n\t\t\t\t<div class=\"elementor-widget-container\">\n\t\t\t\t\t\t\t\t\t<p><strong class=\"d2b\"><a href=\"https:\/\/www.gei-gitterroste.de\/de\/gfk-roste-allgemein\/\">GFK-Gitterroste<\/a><\/strong> werden wegen ihres geringen Gewichts, ihrer Korrosionsbest\u00e4ndigkeit und<br \/>Langlebigkeit mehr und mehr an <strong class=\"d2b\">Bahngleisen<\/strong> verwendet. Durch ihre durchbrochene Struktur<br \/>sorgen sie zudem f\u00fcr eine gute Entw\u00e4sserung und Wasserableitung.<\/p>\t\t\t\t\t\t\t\t<\/div>\n\t\t\t\t<\/div>\n\t\t\t\t\t<\/div>\n\t\t<\/div>\n\t\t\t\t<div class=\"elementor-column elementor-col-33 elementor-top-column elementor-element elementor-element-b26e50d\" data-id=\"b26e50d\" data-element_type=\"column\" data-e-type=\"column\">\n\t\t\t<div class=\"elementor-widget-wrap elementor-element-populated\">\n\t\t\t\t\t\t<div class=\"elementor-element elementor-element-50953ea elementor-widget elementor-widget-image\" data-id=\"50953ea\" data-element_type=\"widget\" data-e-type=\"widget\" data-widget_type=\"image.default\">\n\t\t\t\t<div class=\"elementor-widget-container\">\n\t\t\t\t\t\t\t\t\t\t\t\t<figure class=\"wp-caption\">\n\t\t\t\t\t\t\t\t\t\t<img decoding=\"async\" width=\"461\" height=\"534\" src=\"https:\/\/www.gei-gitterroste.de\/wp-content\/uploads\/2025\/12\/GFK-Gitterrost-Ingenieursbau-zwischen-den-Schienen.jpg\" class=\"attachment-full size-full wp-image-11953\" alt=\"\" srcset=\"https:\/\/www.gei-gitterroste.de\/wp-content\/uploads\/2025\/12\/GFK-Gitterrost-Ingenieursbau-zwischen-den-Schienen.jpg 461w, https:\/\/www.gei-gitterroste.de\/wp-content\/uploads\/2025\/12\/GFK-Gitterrost-Ingenieursbau-zwischen-den-Schienen-259x300.jpg 259w, https:\/\/www.gei-gitterroste.de\/wp-content\/uploads\/2025\/12\/GFK-Gitterrost-Ingenieursbau-zwischen-den-Schienen-10x12.jpg 10w\" sizes=\"(max-width: 461px) 100vw, 461px\" \/>\t\t\t\t\t\t\t\t\t\t\t<figcaption class=\"widget-image-caption wp-caption-text\"><\/figcaption>\n\t\t\t\t\t\t\t\t\t\t<\/figure>\n\t\t\t\t\t\t\t\t\t<\/div>\n\t\t\t\t<\/div>\n\t\t\t\t<div class=\"elementor-element elementor-element-08cdf9d elementor-widget elementor-widget-text-editor\" data-id=\"08cdf9d\" data-element_type=\"widget\" data-e-type=\"widget\" data-widget_type=\"text-editor.default\">\n\t\t\t\t<div class=\"elementor-widget-container\">\n\t\t\t\t\t\t\t\t\t<p>Zwischen zwei <strong class=\"d2b\">Bahnstrecken<\/strong> dienen <strong class=\"d2b\">Gitterroste<\/strong> als Arbeitsplattform, auf der<br \/>Wartungsarbeiten sicher durchgef\u00fchrt werden k\u00f6nnen.<\/p>\t\t\t\t\t\t\t\t<\/div>\n\t\t\t\t<\/div>\n\t\t\t\t\t<\/div>\n\t\t<\/div>\n\t\t\t\t\t<\/div>\n\t\t<\/section>\n\t\t\t\t<section class=\"elementor-section elementor-top-section elementor-element elementor-element-79f43ad elementor-section-boxed elementor-section-height-default elementor-section-height-default\" data-id=\"79f43ad\" data-element_type=\"section\" data-e-type=\"section\">\n\t\t\t\t\t\t<div class=\"elementor-container elementor-column-gap-default\">\n\t\t\t\t\t<div class=\"elementor-column elementor-col-100 elementor-top-column elementor-element elementor-element-93d59f4\" data-id=\"93d59f4\" data-element_type=\"column\" data-e-type=\"column\">\n\t\t\t<div class=\"elementor-widget-wrap elementor-element-populated\">\n\t\t\t\t\t\t<div class=\"elementor-element elementor-element-c237dfd elementor-align-center elementor-widget elementor-widget-button\" data-id=\"c237dfd\" data-element_type=\"widget\" data-e-type=\"widget\" data-widget_type=\"button.default\">\n\t\t\t\t<div class=\"elementor-widget-container\">\n\t\t\t\t\t\t\t\t\t<div class=\"elementor-button-wrapper\">\n\t\t\t\t\t<a class=\"elementor-button elementor-button-link elementor-size-sm\" href=\"https:\/\/www.gei-gitterroste.de\/de\/express-kontakt\/\">\n\t\t\t\t\t\t<span class=\"elementor-button-content-wrapper\">\n\t\t\t\t\t\t\t\t\t<span class=\"elementor-button-text\">Expresskontakt<\/span>\n\t\t\t\t\t<\/span>\n\t\t\t\t\t<\/a>\n\t\t\t\t<\/div>\n\t\t\t\t\t\t\t\t<\/div>\n\t\t\t\t<\/div>\n\t\t\t\t\t<\/div>\n\t\t<\/div>\n\t\t\t\t\t<\/div>\n\t\t<\/section>\n\t\t\t\t<\/div>\n\t\t","protected":false},"excerpt":{"rendered":"<p>Gitterroste f\u00fcr Bahnstrecken Der Gitterrost kann an Bahnstrecken eingesetzt werden, wo er eine einfache Montagegarantiert und gleichzeitig die Sicherheit der Z\u00fcge und des Wartungspersonals entlang der Bahnstrecken gew\u00e4hrleistet. GFK-Gitterroste werden wegen ihres geringen Gewichts, ihrer Korrosionsbest\u00e4ndigkeit undLanglebigkeit mehr und mehr an Bahngleisen verwendet. Durch ihre durchbrochene Struktursorgen sie zudem f\u00fcr eine gute Entw\u00e4sserung und Wasserableitung. [&hellip;]<\/p>\n","protected":false},"author":8,"featured_media":0,"parent":0,"menu_order":0,"comment_status":"closed","ping_status":"closed","template":"","meta":{"footnotes":""},"class_list":["post-10390","page","type-page","status-publish","hentry"],"yoast_head":"<!-- This site is optimized with the Yoast SEO plugin v27.3 - https:\/\/yoast.com\/product\/yoast-seo-wordpress\/ -->\n<title>Gitterroste Bahnstrecken, Hersteller von Eisenbahn gitterroste<\/title>\n<meta name=\"description\" content=\"GEI Gitterroste ist ein Hersteller von Gitterroste f\u00fcr Bahnstrecken. Kontaktieren Sie uns f\u00fcr einen Kosten.\" \/>\n<meta name=\"robots\" content=\"index, follow, max-snippet:-1, max-image-preview:large, max-video-preview:-1\" \/>\n<link rel=\"canonical\" href=\"https:\/\/www.gei-gitterroste.de\/de\/gitterroste-fuer-bahnstrecken\/\" \/>\n<meta property=\"og:locale\" content=\"de_DE\" \/>\n<meta property=\"og:type\" content=\"article\" \/>\n<meta property=\"og:title\" content=\"Gitterroste Bahnstrecken, Hersteller von Eisenbahn gitterroste\" \/>\n<meta property=\"og:description\" content=\"GEI Gitterroste ist ein Hersteller von Gitterroste f\u00fcr Bahnstrecken. Kontaktieren Sie uns f\u00fcr einen Kosten.\" \/>\n<meta property=\"og:url\" content=\"https:\/\/www.gei-gitterroste.de\/de\/gitterroste-fuer-bahnstrecken\/\" \/>\n<meta property=\"og:site_name\" content=\"GEI Gitterroste\" \/>\n<meta property=\"article:modified_time\" content=\"2025-12-23T11:15:12+00:00\" \/>\n<meta property=\"og:image\" content=\"https:\/\/www.gei-gitterroste.de\/wp-content\/uploads\/2025\/12\/Gitterrost-entlang-der-Bahnstrecke.jpg\" \/>\n<meta name=\"twitter:card\" content=\"summary_large_image\" \/>\n<script type=\"application\/ld+json\" class=\"yoast-schema-graph\">{\"@context\":\"https:\\\/\\\/schema.org\",\"@graph\":[{\"@type\":\"WebPage\",\"@id\":\"https:\\\/\\\/www.gei-gitterroste.de\\\/gitterroste-fuer-bahnstrecken\\\/\",\"url\":\"https:\\\/\\\/www.gei-gitterroste.de\\\/gitterroste-fuer-bahnstrecken\\\/\",\"name\":\"Gitterroste Bahnstrecken, Hersteller von Eisenbahn gitterroste\",\"isPartOf\":{\"@id\":\"https:\\\/\\\/www.gei-gitterroste.de\\\/de\\\/#website\"},\"primaryImageOfPage\":{\"@id\":\"https:\\\/\\\/www.gei-gitterroste.de\\\/gitterroste-fuer-bahnstrecken\\\/#primaryimage\"},\"image\":{\"@id\":\"https:\\\/\\\/www.gei-gitterroste.de\\\/gitterroste-fuer-bahnstrecken\\\/#primaryimage\"},\"thumbnailUrl\":\"https:\\\/\\\/www.gei-gitterroste.de\\\/wp-content\\\/uploads\\\/2025\\\/12\\\/Gitterrost-entlang-der-Bahnstrecke.jpg\",\"datePublished\":\"2025-11-25T14:33:10+00:00\",\"dateModified\":\"2025-12-23T11:15:12+00:00\",\"description\":\"GEI Gitterroste ist ein Hersteller von Gitterroste f\u00fcr Bahnstrecken. Kontaktieren Sie uns f\u00fcr einen Kosten.\",\"breadcrumb\":{\"@id\":\"https:\\\/\\\/www.gei-gitterroste.de\\\/gitterroste-fuer-bahnstrecken\\\/#breadcrumb\"},\"inLanguage\":\"de\",\"potentialAction\":[{\"@type\":\"ReadAction\",\"target\":[\"https:\\\/\\\/www.gei-gitterroste.de\\\/gitterroste-fuer-bahnstrecken\\\/\"]}]},{\"@type\":\"ImageObject\",\"inLanguage\":\"de\",\"@id\":\"https:\\\/\\\/www.gei-gitterroste.de\\\/gitterroste-fuer-bahnstrecken\\\/#primaryimage\",\"url\":\"https:\\\/\\\/www.gei-gitterroste.de\\\/wp-content\\\/uploads\\\/2025\\\/12\\\/Gitterrost-entlang-der-Bahnstrecke.jpg\",\"contentUrl\":\"https:\\\/\\\/www.gei-gitterroste.de\\\/wp-content\\\/uploads\\\/2025\\\/12\\\/Gitterrost-entlang-der-Bahnstrecke.jpg\"},{\"@type\":\"BreadcrumbList\",\"@id\":\"https:\\\/\\\/www.gei-gitterroste.de\\\/gitterroste-fuer-bahnstrecken\\\/#breadcrumb\",\"itemListElement\":[{\"@type\":\"ListItem\",\"position\":1,\"name\":\"Startseite\",\"item\":\"https:\\\/\\\/www.gei-gitterroste.de\\\/de\\\/\"},{\"@type\":\"ListItem\",\"position\":2,\"name\":\"Gitterroste f\u00fcr Bahnstrecken\"}]},{\"@type\":\"WebSite\",\"@id\":\"https:\\\/\\\/www.gei-gitterroste.de\\\/de\\\/#website\",\"url\":\"https:\\\/\\\/www.gei-gitterroste.de\\\/de\\\/\",\"name\":\"GEI Gitterroste\",\"description\":\"\",\"publisher\":{\"@id\":\"https:\\\/\\\/www.gei-gitterroste.de\\\/de\\\/#organization\"},\"potentialAction\":[{\"@type\":\"SearchAction\",\"target\":{\"@type\":\"EntryPoint\",\"urlTemplate\":\"https:\\\/\\\/www.gei-gitterroste.de\\\/de\\\/?s={search_term_string}\"},\"query-input\":{\"@type\":\"PropertyValueSpecification\",\"valueRequired\":true,\"valueName\":\"search_term_string\"}}],\"inLanguage\":\"de\"},{\"@type\":\"Organization\",\"@id\":\"https:\\\/\\\/www.gei-gitterroste.de\\\/de\\\/#organization\",\"name\":\"GEI Gitterroste\",\"url\":\"https:\\\/\\\/www.gei-gitterroste.de\\\/de\\\/\",\"logo\":{\"@type\":\"ImageObject\",\"inLanguage\":\"de\",\"@id\":\"https:\\\/\\\/www.gei-gitterroste.de\\\/de\\\/#\\\/schema\\\/logo\\\/image\\\/\",\"url\":\"https:\\\/\\\/www.gei-gitterroste.de\\\/wp-content\\\/uploads\\\/2021\\\/06\\\/gei_logo-1.svg\",\"contentUrl\":\"https:\\\/\\\/www.gei-gitterroste.de\\\/wp-content\\\/uploads\\\/2021\\\/06\\\/gei_logo-1.svg\",\"width\":580.6,\"height\":215.9,\"caption\":\"GEI Gitterroste\"},\"image\":{\"@id\":\"https:\\\/\\\/www.gei-gitterroste.de\\\/de\\\/#\\\/schema\\\/logo\\\/image\\\/\"}}]}<\/script>\n<!-- \/ Yoast SEO plugin. -->","yoast_head_json":{"title":"Gitterroste Bahnstrecken, Hersteller von Eisenbahn gitterroste","description":"GEI Gitterroste ist ein Hersteller von Gitterroste f\u00fcr Bahnstrecken. Kontaktieren Sie uns f\u00fcr einen Kosten.","robots":{"index":"index","follow":"follow","max-snippet":"max-snippet:-1","max-image-preview":"max-image-preview:large","max-video-preview":"max-video-preview:-1"},"canonical":"https:\/\/www.gei-gitterroste.de\/de\/gitterroste-fuer-bahnstrecken\/","og_locale":"de_DE","og_type":"article","og_title":"Gitterroste Bahnstrecken, Hersteller von Eisenbahn gitterroste","og_description":"GEI Gitterroste ist ein Hersteller von Gitterroste f\u00fcr Bahnstrecken. Kontaktieren Sie uns f\u00fcr einen Kosten.","og_url":"https:\/\/www.gei-gitterroste.de\/de\/gitterroste-fuer-bahnstrecken\/","og_site_name":"GEI Gitterroste","article_modified_time":"2025-12-23T11:15:12+00:00","og_image":[{"url":"https:\/\/www.gei-gitterroste.de\/wp-content\/uploads\/2025\/12\/Gitterrost-entlang-der-Bahnstrecke.jpg","type":"","width":"","height":""}],"twitter_card":"summary_large_image","schema":{"@context":"https:\/\/schema.org","@graph":[{"@type":"WebPage","@id":"https:\/\/www.gei-gitterroste.de\/gitterroste-fuer-bahnstrecken\/","url":"https:\/\/www.gei-gitterroste.de\/gitterroste-fuer-bahnstrecken\/","name":"Gitterroste Bahnstrecken, Hersteller von Eisenbahn gitterroste","isPartOf":{"@id":"https:\/\/www.gei-gitterroste.de\/de\/#website"},"primaryImageOfPage":{"@id":"https:\/\/www.gei-gitterroste.de\/gitterroste-fuer-bahnstrecken\/#primaryimage"},"image":{"@id":"https:\/\/www.gei-gitterroste.de\/gitterroste-fuer-bahnstrecken\/#primaryimage"},"thumbnailUrl":"https:\/\/www.gei-gitterroste.de\/wp-content\/uploads\/2025\/12\/Gitterrost-entlang-der-Bahnstrecke.jpg","datePublished":"2025-11-25T14:33:10+00:00","dateModified":"2025-12-23T11:15:12+00:00","description":"GEI Gitterroste ist ein Hersteller von Gitterroste f\u00fcr Bahnstrecken. Kontaktieren Sie uns f\u00fcr einen Kosten.","breadcrumb":{"@id":"https:\/\/www.gei-gitterroste.de\/gitterroste-fuer-bahnstrecken\/#breadcrumb"},"inLanguage":"de","potentialAction":[{"@type":"ReadAction","target":["https:\/\/www.gei-gitterroste.de\/gitterroste-fuer-bahnstrecken\/"]}]},{"@type":"ImageObject","inLanguage":"de","@id":"https:\/\/www.gei-gitterroste.de\/gitterroste-fuer-bahnstrecken\/#primaryimage","url":"https:\/\/www.gei-gitterroste.de\/wp-content\/uploads\/2025\/12\/Gitterrost-entlang-der-Bahnstrecke.jpg","contentUrl":"https:\/\/www.gei-gitterroste.de\/wp-content\/uploads\/2025\/12\/Gitterrost-entlang-der-Bahnstrecke.jpg"},{"@type":"BreadcrumbList","@id":"https:\/\/www.gei-gitterroste.de\/gitterroste-fuer-bahnstrecken\/#breadcrumb","itemListElement":[{"@type":"ListItem","position":1,"name":"Startseite","item":"https:\/\/www.gei-gitterroste.de\/de\/"},{"@type":"ListItem","position":2,"name":"Gitterroste f\u00fcr Bahnstrecken"}]},{"@type":"WebSite","@id":"https:\/\/www.gei-gitterroste.de\/de\/#website","url":"https:\/\/www.gei-gitterroste.de\/de\/","name":"GEI Gitterroste","description":"","publisher":{"@id":"https:\/\/www.gei-gitterroste.de\/de\/#organization"},"potentialAction":[{"@type":"SearchAction","target":{"@type":"EntryPoint","urlTemplate":"https:\/\/www.gei-gitterroste.de\/de\/?s={search_term_string}"},"query-input":{"@type":"PropertyValueSpecification","valueRequired":true,"valueName":"search_term_string"}}],"inLanguage":"de"},{"@type":"Organization","@id":"https:\/\/www.gei-gitterroste.de\/de\/#organization","name":"GEI Gitterroste","url":"https:\/\/www.gei-gitterroste.de\/de\/","logo":{"@type":"ImageObject","inLanguage":"de","@id":"https:\/\/www.gei-gitterroste.de\/de\/#\/schema\/logo\/image\/","url":"https:\/\/www.gei-gitterroste.de\/wp-content\/uploads\/2021\/06\/gei_logo-1.svg","contentUrl":"https:\/\/www.gei-gitterroste.de\/wp-content\/uploads\/2021\/06\/gei_logo-1.svg","width":580.6,"height":215.9,"caption":"GEI Gitterroste"},"image":{"@id":"https:\/\/www.gei-gitterroste.de\/de\/#\/schema\/logo\/image\/"}}]}},"_links":{"self":[{"href":"https:\/\/www.gei-gitterroste.de\/de\/wp-json\/wp\/v2\/pages\/10390","targetHints":{"allow":["GET"]}}],"collection":[{"href":"https:\/\/www.gei-gitterroste.de\/de\/wp-json\/wp\/v2\/pages"}],"about":[{"href":"https:\/\/www.gei-gitterroste.de\/de\/wp-json\/wp\/v2\/types\/page"}],"author":[{"embeddable":true,"href":"https:\/\/www.gei-gitterroste.de\/de\/wp-json\/wp\/v2\/users\/8"}],"replies":[{"embeddable":true,"href":"https:\/\/www.gei-gitterroste.de\/de\/wp-json\/wp\/v2\/comments?post=10390"}],"version-history":[{"count":19,"href":"https:\/\/www.gei-gitterroste.de\/de\/wp-json\/wp\/v2\/pages\/10390\/revisions"}],"predecessor-version":[{"id":11958,"href":"https:\/\/www.gei-gitterroste.de\/de\/wp-json\/wp\/v2\/pages\/10390\/revisions\/11958"}],"wp:attachment":[{"href":"https:\/\/www.gei-gitterroste.de\/de\/wp-json\/wp\/v2\/media?parent=10390"}],"curies":[{"name":"wp","href":"https:\/\/api.w.org\/{rel}","templated":true}]}}