{"id":120,"date":"2017-02-21T15:10:12","date_gmt":"2017-02-21T15:10:12","guid":{"rendered":"http:\/\/gei-gitterroste.de.46-4-53-222.vorschau.marketing-thom.de\/karriere\/"},"modified":"2025-02-04T09:24:26","modified_gmt":"2025-02-04T09:24:26","slug":"karriere","status":"publish","type":"page","link":"https:\/\/www.gei-gitterroste.de\/de\/karriere\/","title":{"rendered":"Karriere"},"content":{"rendered":"\t\t<div data-elementor-type=\"wp-page\" data-elementor-id=\"120\" class=\"elementor elementor-120\" data-elementor-post-type=\"page\">\n\t\t\t\t\t\t<section class=\"elementor-section elementor-top-section elementor-element elementor-element-543f9563 elementor-section-boxed elementor-section-height-default elementor-section-height-default\" data-id=\"543f9563\" data-element_type=\"section\" data-e-type=\"section\">\n\t\t\t\t\t\t<div class=\"elementor-container elementor-column-gap-default\">\n\t\t\t\t\t<div class=\"elementor-column elementor-col-100 elementor-top-column elementor-element elementor-element-7502be83\" data-id=\"7502be83\" data-element_type=\"column\" data-e-type=\"column\">\n\t\t\t<div class=\"elementor-widget-wrap elementor-element-populated\">\n\t\t\t\t\t\t<div class=\"elementor-element elementor-element-8bbeb9f elementor-widget elementor-widget-text-editor\" data-id=\"8bbeb9f\" data-element_type=\"widget\" data-e-type=\"widget\" data-widget_type=\"text-editor.default\">\n\t\t\t\t<div class=\"elementor-widget-container\">\n\t\t\t\t\t\t\t\t\t<h2>Au\u00dfendienstmitarbeiter (m\/w\/d)<\/h2><p>Stellenbeschreibung<\/p><p>GEI ist ein dynamisches Unternehmen der JK Gruppe die im Bereich Gitterroste europaweit t\u00e4tig ist.<br \/>Ab sofort suchen wir f\u00fcr <strong>Bayern, Nordrhein-Westfalen<\/strong>\u00a0und<strong> Baden-W\u00fcrttemberg.<\/strong><\/p><p><strong>TECHNISCHER FACHBERATER\/AUSSENDIENSTMITARBEITER<\/strong><\/p><p><strong>Ihre Aufgaben:<\/strong><\/p><p>\u00b7 Mit Ihren bei uns erworbenen zus\u00e4tzlichen Fachkenntnissen werden Sie ein kompetenter Ansprechpartner und Berater f\u00fcr unsere Kunden<br \/>\u00b7 Selbst\u00e4ndig und eigenverantwortlich k\u00fcmmern Sie sich um einen bestehenden Kundenstamm und sorgen f\u00fcr eine st\u00e4ndige Weiterentwicklung<br \/>\u00b7 Mit Begeisterung, Einsatz, Kreativit\u00e4t und Verhandlungstalent arbeiten Sie an Ihren Zielen<br \/>\u00b7 Sie \u00fcberzeugen unsere Kunden von der Qualit\u00e4t und Zuverl\u00e4ssigkeit unserer Produkte<\/p><p><strong>Ihr Profil:<\/strong><\/p><p>\u00b7 Sie haben eine technische Ausbildung in der Baubranche oder im Stahlbereich<br \/>\u00b7 Sie haben Erfahrung im Umgang mit Kunden und waren bereits im Au\u00dfendienst t\u00e4tig<br \/>\u00b7 Sie haben Durchsetzungsf\u00e4higkeit, emotionale Stabilit\u00e4t, sind Kundenorientiert<br \/>\u00b7 Sie arbeiten selbst\u00e4ndig aber auch im Team und sind ergebnisorientiert<\/p><p><strong>Was Sie von uns erwarten k\u00f6nnen:<\/strong><\/p><p>\u00b7 Wir bieten Ihnen eine zum Erfolg f\u00fchrende Einarbeitung und intensive Betreuung durch Kollegen und Verkaufsleiter<br \/>\u00b7 Einen Arbeitsplatz mit Perspektiven in einem freundlichen Umfeld<br \/>\u00b7 Eine intensive Schulung sowie attraktive Fort- und Weiterbildungsm\u00f6glichkeiten<br \/>\u00b7 Ein der T\u00e4tigkeit entsprechendes und leistungsorientiertes Provisionseinkommen sowie ein Fixum<br \/>\u00b7 Ein Firmenfahrzeug, Laptop und Handy<br \/>\u00b7 Beste Voraussetzungen f\u00fcr eine erfolgreiche Zusammenarbeit im Zeichen einer starken Marke.<\/p><p>Sie m\u00f6chten mehr \u00fcber unser Unternehmen erfahren, dann besuchen Sie unsere Webseite.<\/p><p>Wenn wir Ihr Interesse geweckt haben, senden Sie uns Ihre Bewerbungsunterlagen unter Angabe \u00ab Bewerbung technischer Au\u00dfendienst Mitarbeiter \u00bb an unsere Emailadresse <span lang=\"de-DE\"><a href=\"mailto:gei@gei-gitterroste.de\">gei@gei-gitterroste.de<\/a> <\/span>und geben Sie das Verkaufsgebiet f\u00fcr welches Sie sich bewerben an.<\/p><p>Art der Stelle: Vollzeit, Festanstellung<\/p>\t\t\t\t\t\t\t\t<\/div>\n\t\t\t\t<\/div>\n\t\t\t\t\t<\/div>\n\t\t<\/div>\n\t\t\t\t\t<\/div>\n\t\t<\/section>\n\t\t\t\t<section class=\"elementor-section elementor-top-section elementor-element elementor-element-8d0fa50 elementor-section-boxed elementor-section-height-default elementor-section-height-default\" data-id=\"8d0fa50\" data-element_type=\"section\" data-e-type=\"section\">\n\t\t\t\t\t\t<div class=\"elementor-container elementor-column-gap-default\">\n\t\t\t\t\t<div class=\"elementor-column elementor-col-100 elementor-top-column elementor-element elementor-element-c3544be\" data-id=\"c3544be\" data-element_type=\"column\" data-e-type=\"column\">\n\t\t\t<div class=\"elementor-widget-wrap elementor-element-populated\">\n\t\t\t\t\t\t<div class=\"elementor-element elementor-element-ba0a78d elementor-widget elementor-widget-text-editor\" data-id=\"ba0a78d\" data-element_type=\"widget\" data-e-type=\"widget\" data-widget_type=\"text-editor.default\">\n\t\t\t\t<div class=\"elementor-widget-container\">\n\t\t\t\t\t\t\t\t\t<h2>Technischer Vertrieb (m\/w\/d)<\/h2>\n<p><span lang=\"de-DE\">Stellenbeschreibung<\/span><\/p>\n<p><span lang=\"de-DE\">GEI ist ein dynamisches Unternehmen der JK Gruppe die im Bereich Gitterroste europaweit t\u00e4tig ist.<br><\/span><span lang=\"de-DE\">Ab sofort suchen wir<\/span><\/p>\n<p><strong><span lang=\"de-DE\">TECHNISCHER VERTRIEBSMITARBEITER (M\/W\/D)<\/span><\/strong><\/p>\n<p><strong><span lang=\"de-DE\">Ihre Aufgaben:<\/span><\/strong><\/p>\n<p><span lang=\"de-DE\">\u00b7 Mit Ihren bei uns erworbenen zus\u00e4tzlichen Fachkenntnissen werden Sie ein kompetenter Ansprechpartner und Berater f\u00fcr unsere Kunden<br><\/span><span lang=\"de-DE\">\u00b7 Sie erstellen Angebote und die dazugeh\u00f6rigen Nomenklaturen auf Anfrage unserer Kunden<br><\/span><span lang=\"de-DE\">\u00b7 Sie entwickeln und betreuen Stahlbau Unternehmen, Schlossereien und zahlreiche Kunden im Industrie- oder Baubereich<br><\/span><span lang=\"de-DE\">\u00b7 Erreichung festgelegter Unternehmensziele in Zusammenarbeit mit dem Team<br><\/span><span lang=\"de-DE\">\u00b7 Mit Begeisterung, Einsatz, Kreativit\u00e4t und Verhandlungstalent arbeiten Sie an Ihren Zielen<\/span><\/p>\n<p><strong>Ihr Profil:<\/strong><\/p>\n<p><span lang=\"de-DE\">\u00b7 Sie haben eine technische Ausbildung in der Baubranche oder im Stahlbereich<br><\/span><span lang=\"de-DE\">\u00b7 Sie haben Erfahrung im Umgang mit Kunden und waren bereits im technischen Verkauf t\u00e4tig<br><\/span><span lang=\"de-DE\">\u00b7 Sie haben Durchsetzungsf\u00e4higkeit, emotionale Stabilit\u00e4t, sind Kundenorientiert<br><\/span><span lang=\"de-DE\">\u00b7 Sie arbeiten selbst\u00e4ndig aber auch im Team und sind ergebnisorientiert<br><\/span><span lang=\"de-DE\">\u00b7 Franz\u00f6sischkenntnisse sind von Vorteil<\/span><\/p>\n<p><strong><span lang=\"de-DE\">Was Sie von uns erwarten k\u00f6nnen:<\/span><\/strong><\/p>\n<p><span lang=\"de-DE\">\u00b7 Wir bieten Ihnen eine zum Erfolg f\u00fchrende Einarbeitung und intensive Betreuung durch Kollegen und Verkaufsleiter<br><\/span><span lang=\"de-DE\">\u00b7 Einen Arbeitsplatz mit Perspektiven in einem freundlichen Umfeld<br><\/span><span lang=\"de-DE\">\u00b7 Eine intensive Schulung sowie attraktive Fort- und Weiterbildungsm\u00f6glichkeiten<br><\/span><span lang=\"de-DE\">\u00b7 Ein der T\u00e4tigkeit entsprechendes und leistungsorientiertes Provisionseinkommen sowie ein Fixum<br><\/span><span lang=\"de-DE\">\u00b7 Beste Voraussetzungen f\u00fcr eine erfolgreiche Zusammenarbeit im Zeichen einer starken Marke.<br><\/span><span lang=\"de-DE\">\u00b7 Einen sicheren und zukunftsorientierten Arbeitsplatz<\/span><\/p>\n<p><span lang=\"de-DE\">Sie m\u00f6chten mehr \u00fcber unser Unternehmen erfahren, dann besuchen Sie unsere Webseite.<\/span><\/p>\n<p><span lang=\"de-DE\">Wenn wir Ihr Interesse geweckt haben, senden Sie uns Ihre Bewerbungsunterlagen unter Angabe \u00ab Technischer Vertrieb \u00bb an unsere Emailadresse <\/span><span lang=\"de-DE\"><a href=\"mailto:gei@gei-gitterroste.de\">gei@gei-gitterroste.de<\/a>.<\/span><\/p>\n<p>Art der Stelle: Vollzeit, Festanstellung<\/p>\t\t\t\t\t\t\t\t<\/div>\n\t\t\t\t<\/div>\n\t\t\t\t\t<\/div>\n\t\t<\/div>\n\t\t\t\t\t<\/div>\n\t\t<\/section>\n\t\t\t\t<section class=\"elementor-section elementor-top-section elementor-element elementor-element-82bd5a5 elementor-section-boxed elementor-section-height-default elementor-section-height-default\" data-id=\"82bd5a5\" data-element_type=\"section\" data-e-type=\"section\">\n\t\t\t\t\t\t<div class=\"elementor-container elementor-column-gap-default\">\n\t\t\t\t\t<div class=\"elementor-column elementor-col-100 elementor-top-column elementor-element elementor-element-e8e127a\" data-id=\"e8e127a\" data-element_type=\"column\" data-e-type=\"column\">\n\t\t\t<div class=\"elementor-widget-wrap elementor-element-populated\">\n\t\t\t\t\t\t<div class=\"elementor-element elementor-element-30dad0b elementor-widget elementor-widget-text-editor\" data-id=\"30dad0b\" data-element_type=\"widget\" data-e-type=\"widget\" data-widget_type=\"text-editor.default\">\n\t\t\t\t<div class=\"elementor-widget-container\">\n\t\t\t\t\t\t\t\t\t<h2>Vertriebsassistenz (m\/w\/d)<\/h2><p>Stellenbeschreibung<\/p><p><span lang=\"de-DE\">Administrativ- und Vertriebsassistent (m\/w\/d) <\/span><span lang=\"de-DE\"><br \/>GEI ist ein dynamisches Unternehmen der JK Gruppe die im Bereich Gitterroste europaweit t\u00e4tig ist.<br \/><\/span><span style=\"letter-spacing: 0px;\">Ab sofort suchen wir<\/span><\/p><p><strong><span lang=\"de-DE\">Administrative- und Vertriebsassistent (m\/w\/d)<\/span><\/strong><\/p><p><strong><span lang=\"de-DE\">Ihre Aufgaben:<\/span><\/strong><\/p><p><span lang=\"de-DE\">\u00b7 Betreuung der Kundenauftr\u00e4ge<br \/><\/span><span lang=\"de-DE\">\u00b7 Administrative Lagerverwaltung<br \/><\/span><span lang=\"de-DE\">\u00b7 Rechnungsdaten eingeben und verwalten<br \/><\/span><span lang=\"de-DE\">\u00b7 Versand der Ware organisieren<br \/><\/span><span lang=\"de-DE\">\u00b7 Erinnerung und Klassifizierung von Rechnungen<br \/><\/span><span lang=\"de-DE\">\u00b7 Aktualisierung der Datenbank: Erstellung von Kunden, Lieferanten, Bestellungen<br \/><\/span><span lang=\"de-DE\">\u00b7 Diverse administrative T\u00e4tigkeiten<\/span><\/p><p><strong><span lang=\"de-DE\">Ihr Profil:<\/span><\/strong><\/p><p><span lang=\"de-DE\">\u00b7 Sie haben eine technische\/kaufm\u00e4nnische Ausbildung<br \/><\/span><span lang=\"de-DE\">\u00b7 Idealerweise 2\/3 Jahre Erfahrung in einer \u00e4hnlichen Position<br \/><\/span><span lang=\"de-DE\">\u00b7 Sie haben Erfahrung im Umgang mit Kunden<br \/><\/span><span lang=\"de-DE\">\u00b7 Sie haben Durchsetzungsf\u00e4higkeit, emotionale Stabilit\u00e4t, sind Kundenorientiert<br \/><\/span><span lang=\"de-DE\">\u00b7 Sie arbeiten selbst\u00e4ndig aber auch im Team und sind ergebnisorientiert<br \/><\/span><span lang=\"de-DE\">\u00b7 Franz\u00f6sischkenntnisse sind von Vorteil<\/span><\/p><p><strong><span lang=\"de-DE\">Was Sie von uns erwarten k\u00f6nnen:<\/span><\/strong><\/p><p><span lang=\"de-DE\">\u00b7 Wir bieten Ihnen eine zum Erfolg f\u00fchrende Einarbeitung und intensive Betreuung durch Kollegen und Verkaufsleiter<br \/><\/span><span lang=\"de-DE\">\u00b7 Einen Arbeitsplatz mit Perspektiven in einem freundlichen Umfeld<br \/><\/span><span lang=\"de-DE\">\u00b7 Eine intensive Schulung sowie attraktive Fort- und Weiterbildungsm\u00f6glichkeiten<br \/><\/span><span lang=\"de-DE\">\u00b7 Beste Voraussetzungen f\u00fcr eine erfolgreiche Zusammenarbeit im Zeichen einer starken Marke.<br \/><\/span><span lang=\"de-DE\">\u00b7 Einen sicheren und zukunftsorientierten Arbeitsplatz<\/span><\/p><p><span lang=\"de-DE\">Sie m\u00f6chten mehr \u00fcber unser Unternehmen erfahren, dann besuchen Sie unsere Webseite.<\/span><\/p><p><span lang=\"de-DE\">Wenn wir Ihr Interesse geweckt haben, senden Sie uns Ihre Bewerbungsunterlagen unter Angabe \u00ab Bewerbung Administrative- und Vertriebsassistentin\u00bb per Email : <a href=\"mailto:gei@gei-gitterroste.de\">gei@gei-gitterroste.de<\/a><\/span><\/p><p><span lang=\"de-DE\">Art der Stelle: Vollzeit, Festanstellung<\/span><\/p>\t\t\t\t\t\t\t\t<\/div>\n\t\t\t\t<\/div>\n\t\t\t\t\t<\/div>\n\t\t<\/div>\n\t\t\t\t\t<\/div>\n\t\t<\/section>\n\t\t\t\t<\/div>\n\t\t","protected":false},"excerpt":{"rendered":"<p>Au\u00dfendienstmitarbeiter (m\/w\/d) Stellenbeschreibung GEI ist ein dynamisches Unternehmen der JK Gruppe die im Bereich Gitterroste europaweit t\u00e4tig ist.Ab sofort suchen wir f\u00fcr Bayern, Nordrhein-Westfalen\u00a0und Baden-W\u00fcrttemberg. TECHNISCHER FACHBERATER\/AUSSENDIENSTMITARBEITER Ihre Aufgaben: \u00b7 Mit Ihren bei uns erworbenen zus\u00e4tzlichen Fachkenntnissen werden Sie ein kompetenter Ansprechpartner und Berater f\u00fcr unsere Kunden\u00b7 Selbst\u00e4ndig und eigenverantwortlich k\u00fcmmern Sie sich um einen [&hellip;]<\/p>\n","protected":false},"author":1,"featured_media":0,"parent":0,"menu_order":0,"comment_status":"closed","ping_status":"closed","template":"","meta":{"footnotes":""},"class_list":["post-120","page","type-page","status-publish","hentry"],"yoast_head":"<!-- This site is optimized with the Yoast SEO plugin v27.5 - https:\/\/yoast.com\/product\/yoast-seo-wordpress\/ -->\n<title>Karriere - GEI Gitterroste - Werden Sie Teil des Teams<\/title>\n<meta name=\"description\" content=\"Karriere bei GEI bietet Ihnen verschiedene M\u00f6glichkeiten. Entdecken Sie hier unsere Stellenangebote und starten Sie Ihre Karriere heute.\" \/>\n<meta name=\"robots\" content=\"index, follow, max-snippet:-1, max-image-preview:large, max-video-preview:-1\" \/>\n<link rel=\"canonical\" href=\"https:\/\/www.gei-gitterroste.de\/de\/karriere\/\" \/>\n<meta property=\"og:locale\" content=\"de_DE\" \/>\n<meta property=\"og:type\" content=\"article\" \/>\n<meta property=\"og:title\" content=\"Karriere - GEI Gitterroste - Werden Sie Teil des Teams\" \/>\n<meta property=\"og:description\" content=\"Karriere bei GEI bietet Ihnen verschiedene M\u00f6glichkeiten. Entdecken Sie hier unsere Stellenangebote und starten Sie Ihre Karriere heute.\" \/>\n<meta property=\"og:url\" content=\"https:\/\/www.gei-gitterroste.de\/de\/karriere\/\" \/>\n<meta property=\"og:site_name\" content=\"GEI Gitterroste\" \/>\n<meta property=\"article:modified_time\" content=\"2025-02-04T09:24:26+00:00\" \/>\n<meta name=\"twitter:card\" content=\"summary_large_image\" \/>\n<meta name=\"twitter:label1\" content=\"Gesch\u00e4tzte Lesezeit\" \/>\n\t<meta name=\"twitter:data1\" content=\"5\u00a0Minuten\" \/>\n<script type=\"application\/ld+json\" class=\"yoast-schema-graph\">{\"@context\":\"https:\\\/\\\/schema.org\",\"@graph\":[{\"@type\":\"WebPage\",\"@id\":\"https:\\\/\\\/www.gei-gitterroste.de\\\/de\\\/karriere\\\/\",\"url\":\"https:\\\/\\\/www.gei-gitterroste.de\\\/de\\\/karriere\\\/\",\"name\":\"Karriere - GEI Gitterroste - Werden Sie Teil des Teams\",\"isPartOf\":{\"@id\":\"https:\\\/\\\/www.gei-gitterroste.de\\\/de\\\/#website\"},\"datePublished\":\"2017-02-21T15:10:12+00:00\",\"dateModified\":\"2025-02-04T09:24:26+00:00\",\"description\":\"Karriere bei GEI bietet Ihnen verschiedene M\u00f6glichkeiten. Entdecken Sie hier unsere Stellenangebote und starten Sie Ihre Karriere heute.\",\"breadcrumb\":{\"@id\":\"https:\\\/\\\/www.gei-gitterroste.de\\\/de\\\/karriere\\\/#breadcrumb\"},\"inLanguage\":\"de\",\"potentialAction\":[{\"@type\":\"ReadAction\",\"target\":[\"https:\\\/\\\/www.gei-gitterroste.de\\\/de\\\/karriere\\\/\"]}]},{\"@type\":\"BreadcrumbList\",\"@id\":\"https:\\\/\\\/www.gei-gitterroste.de\\\/de\\\/karriere\\\/#breadcrumb\",\"itemListElement\":[{\"@type\":\"ListItem\",\"position\":1,\"name\":\"Startseite\",\"item\":\"https:\\\/\\\/www.gei-gitterroste.de\\\/de\\\/\"},{\"@type\":\"ListItem\",\"position\":2,\"name\":\"Karriere\"}]},{\"@type\":\"WebSite\",\"@id\":\"https:\\\/\\\/www.gei-gitterroste.de\\\/de\\\/#website\",\"url\":\"https:\\\/\\\/www.gei-gitterroste.de\\\/de\\\/\",\"name\":\"GEI Gitterroste\",\"description\":\"\",\"publisher\":{\"@id\":\"https:\\\/\\\/www.gei-gitterroste.de\\\/de\\\/#organization\"},\"potentialAction\":[{\"@type\":\"SearchAction\",\"target\":{\"@type\":\"EntryPoint\",\"urlTemplate\":\"https:\\\/\\\/www.gei-gitterroste.de\\\/de\\\/?s={search_term_string}\"},\"query-input\":{\"@type\":\"PropertyValueSpecification\",\"valueRequired\":true,\"valueName\":\"search_term_string\"}}],\"inLanguage\":\"de\"},{\"@type\":\"Organization\",\"@id\":\"https:\\\/\\\/www.gei-gitterroste.de\\\/de\\\/#organization\",\"name\":\"GEI Gitterroste\",\"url\":\"https:\\\/\\\/www.gei-gitterroste.de\\\/de\\\/\",\"logo\":{\"@type\":\"ImageObject\",\"inLanguage\":\"de\",\"@id\":\"https:\\\/\\\/www.gei-gitterroste.de\\\/de\\\/#\\\/schema\\\/logo\\\/image\\\/\",\"url\":\"https:\\\/\\\/www.gei-gitterroste.de\\\/wp-content\\\/uploads\\\/2021\\\/06\\\/gei_logo-1.svg\",\"contentUrl\":\"https:\\\/\\\/www.gei-gitterroste.de\\\/wp-content\\\/uploads\\\/2021\\\/06\\\/gei_logo-1.svg\",\"width\":580.6,\"height\":215.9,\"caption\":\"GEI Gitterroste\"},\"image\":{\"@id\":\"https:\\\/\\\/www.gei-gitterroste.de\\\/de\\\/#\\\/schema\\\/logo\\\/image\\\/\"}}]}<\/script>\n<!-- \/ Yoast SEO plugin. -->","yoast_head_json":{"title":"Karriere - GEI Gitterroste - Werden Sie Teil des Teams","description":"Karriere bei GEI bietet Ihnen verschiedene M\u00f6glichkeiten. Entdecken Sie hier unsere Stellenangebote und starten Sie Ihre Karriere heute.","robots":{"index":"index","follow":"follow","max-snippet":"max-snippet:-1","max-image-preview":"max-image-preview:large","max-video-preview":"max-video-preview:-1"},"canonical":"https:\/\/www.gei-gitterroste.de\/de\/karriere\/","og_locale":"de_DE","og_type":"article","og_title":"Karriere - GEI Gitterroste - Werden Sie Teil des Teams","og_description":"Karriere bei GEI bietet Ihnen verschiedene M\u00f6glichkeiten. Entdecken Sie hier unsere Stellenangebote und starten Sie Ihre Karriere heute.","og_url":"https:\/\/www.gei-gitterroste.de\/de\/karriere\/","og_site_name":"GEI Gitterroste","article_modified_time":"2025-02-04T09:24:26+00:00","twitter_card":"summary_large_image","twitter_misc":{"Gesch\u00e4tzte Lesezeit":"5\u00a0Minuten"},"schema":{"@context":"https:\/\/schema.org","@graph":[{"@type":"WebPage","@id":"https:\/\/www.gei-gitterroste.de\/de\/karriere\/","url":"https:\/\/www.gei-gitterroste.de\/de\/karriere\/","name":"Karriere - GEI Gitterroste - Werden Sie Teil des Teams","isPartOf":{"@id":"https:\/\/www.gei-gitterroste.de\/de\/#website"},"datePublished":"2017-02-21T15:10:12+00:00","dateModified":"2025-02-04T09:24:26+00:00","description":"Karriere bei GEI bietet Ihnen verschiedene M\u00f6glichkeiten. Entdecken Sie hier unsere Stellenangebote und starten Sie Ihre Karriere heute.","breadcrumb":{"@id":"https:\/\/www.gei-gitterroste.de\/de\/karriere\/#breadcrumb"},"inLanguage":"de","potentialAction":[{"@type":"ReadAction","target":["https:\/\/www.gei-gitterroste.de\/de\/karriere\/"]}]},{"@type":"BreadcrumbList","@id":"https:\/\/www.gei-gitterroste.de\/de\/karriere\/#breadcrumb","itemListElement":[{"@type":"ListItem","position":1,"name":"Startseite","item":"https:\/\/www.gei-gitterroste.de\/de\/"},{"@type":"ListItem","position":2,"name":"Karriere"}]},{"@type":"WebSite","@id":"https:\/\/www.gei-gitterroste.de\/de\/#website","url":"https:\/\/www.gei-gitterroste.de\/de\/","name":"GEI Gitterroste","description":"","publisher":{"@id":"https:\/\/www.gei-gitterroste.de\/de\/#organization"},"potentialAction":[{"@type":"SearchAction","target":{"@type":"EntryPoint","urlTemplate":"https:\/\/www.gei-gitterroste.de\/de\/?s={search_term_string}"},"query-input":{"@type":"PropertyValueSpecification","valueRequired":true,"valueName":"search_term_string"}}],"inLanguage":"de"},{"@type":"Organization","@id":"https:\/\/www.gei-gitterroste.de\/de\/#organization","name":"GEI Gitterroste","url":"https:\/\/www.gei-gitterroste.de\/de\/","logo":{"@type":"ImageObject","inLanguage":"de","@id":"https:\/\/www.gei-gitterroste.de\/de\/#\/schema\/logo\/image\/","url":"https:\/\/www.gei-gitterroste.de\/wp-content\/uploads\/2021\/06\/gei_logo-1.svg","contentUrl":"https:\/\/www.gei-gitterroste.de\/wp-content\/uploads\/2021\/06\/gei_logo-1.svg","width":580.6,"height":215.9,"caption":"GEI Gitterroste"},"image":{"@id":"https:\/\/www.gei-gitterroste.de\/de\/#\/schema\/logo\/image\/"}}]}},"_links":{"self":[{"href":"https:\/\/www.gei-gitterroste.de\/de\/wp-json\/wp\/v2\/pages\/120","targetHints":{"allow":["GET"]}}],"collection":[{"href":"https:\/\/www.gei-gitterroste.de\/de\/wp-json\/wp\/v2\/pages"}],"about":[{"href":"https:\/\/www.gei-gitterroste.de\/de\/wp-json\/wp\/v2\/types\/page"}],"author":[{"embeddable":true,"href":"https:\/\/www.gei-gitterroste.de\/de\/wp-json\/wp\/v2\/users\/1"}],"replies":[{"embeddable":true,"href":"https:\/\/www.gei-gitterroste.de\/de\/wp-json\/wp\/v2\/comments?post=120"}],"version-history":[{"count":37,"href":"https:\/\/www.gei-gitterroste.de\/de\/wp-json\/wp\/v2\/pages\/120\/revisions"}],"predecessor-version":[{"id":10158,"href":"https:\/\/www.gei-gitterroste.de\/de\/wp-json\/wp\/v2\/pages\/120\/revisions\/10158"}],"wp:attachment":[{"href":"https:\/\/www.gei-gitterroste.de\/de\/wp-json\/wp\/v2\/media?parent=120"}],"curies":[{"name":"wp","href":"https:\/\/api.w.org\/{rel}","templated":true}]}}