{"id":12439,"date":"2026-02-19T14:57:14","date_gmt":"2026-02-19T14:57:14","guid":{"rendered":"https:\/\/www.gei-gitterroste.de\/?page_id=12439"},"modified":"2026-02-19T15:24:53","modified_gmt":"2026-02-19T15:24:53","slug":"gitterroste-aus-stahl","status":"publish","type":"page","link":"https:\/\/www.gei-gitterroste.de\/de\/gitterroste-aus-stahl\/","title":{"rendered":"Gitterroste aus Stahl"},"content":{"rendered":"\t\t<div data-elementor-type=\"wp-page\" data-elementor-id=\"12439\" class=\"elementor elementor-12439\" data-elementor-post-type=\"page\">\n\t\t\t\t\t\t<section class=\"elementor-section elementor-top-section elementor-element elementor-element-55e0233 elementor-section-boxed elementor-section-height-default elementor-section-height-default\" data-id=\"55e0233\" data-element_type=\"section\" data-e-type=\"section\">\n\t\t\t\t\t\t<div class=\"elementor-container elementor-column-gap-default\">\n\t\t\t\t\t<div class=\"elementor-column elementor-col-100 elementor-top-column elementor-element elementor-element-86b45d4\" data-id=\"86b45d4\" data-element_type=\"column\" data-e-type=\"column\">\n\t\t\t<div class=\"elementor-widget-wrap elementor-element-populated\">\n\t\t\t\t\t\t<div class=\"elementor-element elementor-element-40ea641 topd2b elementor-widget elementor-widget-heading\" data-id=\"40ea641\" data-element_type=\"widget\" data-e-type=\"widget\" data-widget_type=\"heading.default\">\n\t\t\t\t<div class=\"elementor-widget-container\">\n\t\t\t\t\t<h2 class=\"elementor-heading-title elementor-size-default\">Gitterroste aus Stahl<\/h2>\t\t\t\t<\/div>\n\t\t\t\t<\/div>\n\t\t\t\t<div class=\"elementor-element elementor-element-b40d442 elementor-widget elementor-widget-text-editor\" data-id=\"b40d442\" data-element_type=\"widget\" data-e-type=\"widget\" data-widget_type=\"text-editor.default\">\n\t\t\t\t<div class=\"elementor-widget-container\">\n\t\t\t\t\t\t\t\t\t<p><strong class=\"d2b\">Stahl<\/strong> ist das Material, das am h\u00e4ufigsten verwendet wird.<\/p><p>Die Eisen-Kohlenstoff-Legierung ist f\u00fcr ihre Robustheit und Verschlei\u00dffestigkeit bekannt.<\/p><p>Im Allgemeinen h\u00e4lt er hohen Belastungen stand, ohne sich zu verformen, und kann gestreckt werden, ohne zu brechen.<\/p>\t\t\t\t\t\t\t\t<\/div>\n\t\t\t\t<\/div>\n\t\t\t\t\t<\/div>\n\t\t<\/div>\n\t\t\t\t\t<\/div>\n\t\t<\/section>\n\t\t\t\t<section class=\"elementor-section elementor-top-section elementor-element elementor-element-7b872b1 elementor-section-boxed elementor-section-height-default elementor-section-height-default\" data-id=\"7b872b1\" data-element_type=\"section\" data-e-type=\"section\">\n\t\t\t\t\t\t<div class=\"elementor-container elementor-column-gap-default\">\n\t\t\t\t\t<div class=\"elementor-column elementor-col-50 elementor-top-column elementor-element elementor-element-4e717fb\" data-id=\"4e717fb\" data-element_type=\"column\" data-e-type=\"column\">\n\t\t\t<div class=\"elementor-widget-wrap elementor-element-populated\">\n\t\t\t\t\t\t<div class=\"elementor-element elementor-element-893ba86 elementor-widget elementor-widget-text-editor\" data-id=\"893ba86\" data-element_type=\"widget\" data-e-type=\"widget\" data-widget_type=\"text-editor.default\">\n\t\t\t\t<div class=\"elementor-widget-container\">\n\t\t\t\t\t\t\t\t\t<p>Es l\u00e4sst sich leicht zu Blechen oder Platten formen.<\/p><p>In Form von Coils gelangt der Stahl in unsere Fertigung, wo er f\u00fcr die <strong class=\"d2b\">Herstellung<\/strong> unserer <strong class=\"d2b\">Gitterroste<\/strong> verwendet wird.<\/p>\t\t\t\t\t\t\t\t<\/div>\n\t\t\t\t<\/div>\n\t\t\t\t\t<\/div>\n\t\t<\/div>\n\t\t\t\t<div class=\"elementor-column elementor-col-50 elementor-top-column elementor-element elementor-element-3c5322d\" data-id=\"3c5322d\" data-element_type=\"column\" data-e-type=\"column\">\n\t\t\t<div class=\"elementor-widget-wrap elementor-element-populated\">\n\t\t\t\t\t\t<div class=\"elementor-element elementor-element-3c47044 elementor-widget elementor-widget-text-editor\" data-id=\"3c47044\" data-element_type=\"widget\" data-e-type=\"widget\" data-widget_type=\"text-editor.default\">\n\t\t\t\t<div class=\"elementor-widget-container\">\n\t\t\t\t\t\t\t\t\t<p><strong class=\"d2b\">GEI Gitterroste<\/strong> verwendet \u00fcblicherweise die <strong class=\"d2b\">Stahlsorte S235JR<\/strong>.<\/p><p>Dieser Stahl entspricht der europ\u00e4ischen <strong class=\"d2b\">Norm EN 10025<\/strong> f\u00fcr Baust\u00e4hle und wird h\u00e4ufig im <strong class=\"d2b\">Metallbau<\/strong>, <strong class=\"d2b\">Tragwerksbau<\/strong> und Tiefbau eingesetzt.<\/p>\t\t\t\t\t\t\t\t<\/div>\n\t\t\t\t<\/div>\n\t\t\t\t\t<\/div>\n\t\t<\/div>\n\t\t\t\t\t<\/div>\n\t\t<\/section>\n\t\t\t\t<section class=\"elementor-section elementor-top-section elementor-element elementor-element-350e991 elementor-section-boxed elementor-section-height-default elementor-section-height-default\" data-id=\"350e991\" data-element_type=\"section\" data-e-type=\"section\">\n\t\t\t\t\t\t<div class=\"elementor-container elementor-column-gap-default\">\n\t\t\t\t\t<div class=\"elementor-column elementor-col-50 elementor-top-column elementor-element elementor-element-7a0f57e\" data-id=\"7a0f57e\" data-element_type=\"column\" data-e-type=\"column\">\n\t\t\t<div class=\"elementor-widget-wrap elementor-element-populated\">\n\t\t\t\t\t\t<div class=\"elementor-element elementor-element-3095f8e elementor-widget elementor-widget-image\" data-id=\"3095f8e\" data-element_type=\"widget\" data-e-type=\"widget\" data-widget_type=\"image.default\">\n\t\t\t\t<div class=\"elementor-widget-container\">\n\t\t\t\t\t\t\t\t\t\t\t\t<figure class=\"wp-caption\">\n\t\t\t\t\t\t\t\t\t\t<img fetchpriority=\"high\" decoding=\"async\" width=\"800\" height=\"600\" src=\"https:\/\/www.gei-gitterroste.de\/wp-content\/uploads\/2026\/02\/Stahlband-Coils.jpg\" class=\"attachment-full size-full wp-image-12441\" alt=\"Stahlband (Coils)\" srcset=\"https:\/\/www.gei-gitterroste.de\/wp-content\/uploads\/2026\/02\/Stahlband-Coils.jpg 800w, https:\/\/www.gei-gitterroste.de\/wp-content\/uploads\/2026\/02\/Stahlband-Coils-300x225.jpg 300w, https:\/\/www.gei-gitterroste.de\/wp-content\/uploads\/2026\/02\/Stahlband-Coils-768x576.jpg 768w, https:\/\/www.gei-gitterroste.de\/wp-content\/uploads\/2026\/02\/Stahlband-Coils-16x12.jpg 16w, https:\/\/www.gei-gitterroste.de\/wp-content\/uploads\/2026\/02\/Stahlband-Coils-600x450.jpg 600w\" sizes=\"(max-width: 800px) 100vw, 800px\" \/>\t\t\t\t\t\t\t\t\t\t\t<figcaption class=\"widget-image-caption wp-caption-text\">Stahlband (Coils)<\/figcaption>\n\t\t\t\t\t\t\t\t\t\t<\/figure>\n\t\t\t\t\t\t\t\t\t<\/div>\n\t\t\t\t<\/div>\n\t\t\t\t\t<\/div>\n\t\t<\/div>\n\t\t\t\t<div class=\"elementor-column elementor-col-50 elementor-top-column elementor-element elementor-element-5f1a126\" data-id=\"5f1a126\" data-element_type=\"column\" data-e-type=\"column\">\n\t\t\t<div class=\"elementor-widget-wrap elementor-element-populated\">\n\t\t\t\t\t\t<div class=\"elementor-element elementor-element-502c8ec elementor-widget elementor-widget-image\" data-id=\"502c8ec\" data-element_type=\"widget\" data-e-type=\"widget\" data-widget_type=\"image.default\">\n\t\t\t\t<div class=\"elementor-widget-container\">\n\t\t\t\t\t\t\t\t\t\t\t\t<figure class=\"wp-caption\">\n\t\t\t\t\t\t\t\t\t\t<img decoding=\"async\" width=\"800\" height=\"600\" src=\"https:\/\/www.gei-gitterroste.de\/wp-content\/uploads\/2026\/02\/Industrielle-Plattform-aus-Stahlgitterrosten.jpg\" class=\"attachment-full size-full wp-image-12442\" alt=\"Industrielle Plattform aus Stahlgitterrosten\" srcset=\"https:\/\/www.gei-gitterroste.de\/wp-content\/uploads\/2026\/02\/Industrielle-Plattform-aus-Stahlgitterrosten.jpg 800w, https:\/\/www.gei-gitterroste.de\/wp-content\/uploads\/2026\/02\/Industrielle-Plattform-aus-Stahlgitterrosten-300x225.jpg 300w, https:\/\/www.gei-gitterroste.de\/wp-content\/uploads\/2026\/02\/Industrielle-Plattform-aus-Stahlgitterrosten-768x576.jpg 768w, https:\/\/www.gei-gitterroste.de\/wp-content\/uploads\/2026\/02\/Industrielle-Plattform-aus-Stahlgitterrosten-16x12.jpg 16w, https:\/\/www.gei-gitterroste.de\/wp-content\/uploads\/2026\/02\/Industrielle-Plattform-aus-Stahlgitterrosten-600x450.jpg 600w\" sizes=\"(max-width: 800px) 100vw, 800px\" \/>\t\t\t\t\t\t\t\t\t\t\t<figcaption class=\"widget-image-caption wp-caption-text\">Industrielle Plattform aus Stahlgitterrosten<\/figcaption>\n\t\t\t\t\t\t\t\t\t\t<\/figure>\n\t\t\t\t\t\t\t\t\t<\/div>\n\t\t\t\t<\/div>\n\t\t\t\t\t<\/div>\n\t\t<\/div>\n\t\t\t\t\t<\/div>\n\t\t<\/section>\n\t\t\t\t<section class=\"elementor-section elementor-top-section elementor-element elementor-element-dbf346f elementor-section-boxed elementor-section-height-default elementor-section-height-default\" data-id=\"dbf346f\" data-element_type=\"section\" data-e-type=\"section\">\n\t\t\t\t\t\t<div class=\"elementor-container elementor-column-gap-default\">\n\t\t\t\t\t<div class=\"elementor-column elementor-col-100 elementor-top-column elementor-element elementor-element-105ce63\" data-id=\"105ce63\" data-element_type=\"column\" data-e-type=\"column\">\n\t\t\t<div class=\"elementor-widget-wrap elementor-element-populated\">\n\t\t\t\t\t\t<div class=\"elementor-element elementor-element-fd78ded elementor-widget elementor-widget-spacer\" data-id=\"fd78ded\" data-element_type=\"widget\" data-e-type=\"widget\" data-widget_type=\"spacer.default\">\n\t\t\t\t<div class=\"elementor-widget-container\">\n\t\t\t\t\t\t\t<div class=\"elementor-spacer\">\n\t\t\t<div class=\"elementor-spacer-inner\"><\/div>\n\t\t<\/div>\n\t\t\t\t\t\t<\/div>\n\t\t\t\t<\/div>\n\t\t\t\t<div class=\"elementor-element elementor-element-ab36665 elementor-widget elementor-widget-text-editor\" data-id=\"ab36665\" data-element_type=\"widget\" data-e-type=\"widget\" data-widget_type=\"text-editor.default\">\n\t\t\t\t<div class=\"elementor-widget-container\">\n\t\t\t\t\t\t\t\t\t<p>Stahl kann verzinkt werden, um die Lebensdauer metallischer Strukturen in aggressiven Umgebungen oder bei Witterungseinfl\u00fcssen zu verl\u00e4ngern.<\/p><p>Weitere Informationen zur Verzinkung siehe Abschnitt Oberfl\u00e4chenbehandlungen:<\/p>\t\t\t\t\t\t\t\t<\/div>\n\t\t\t\t<\/div>\n\t\t\t\t\t<\/div>\n\t\t<\/div>\n\t\t\t\t\t<\/div>\n\t\t<\/section>\n\t\t\t\t<section class=\"elementor-section elementor-top-section elementor-element elementor-element-3ad04b7 elementor-section-boxed elementor-section-height-default elementor-section-height-default\" data-id=\"3ad04b7\" data-element_type=\"section\" data-e-type=\"section\">\n\t\t\t\t\t\t<div class=\"elementor-container elementor-column-gap-default\">\n\t\t\t\t\t<div class=\"elementor-column elementor-col-50 elementor-top-column elementor-element elementor-element-f602019\" data-id=\"f602019\" data-element_type=\"column\" data-e-type=\"column\">\n\t\t\t<div class=\"elementor-widget-wrap elementor-element-populated\">\n\t\t\t\t\t\t<div class=\"elementor-element elementor-element-813467b elementor-align-center elementor-widget elementor-widget-button\" data-id=\"813467b\" data-element_type=\"widget\" data-e-type=\"widget\" data-widget_type=\"button.default\">\n\t\t\t\t<div class=\"elementor-widget-container\">\n\t\t\t\t\t\t\t\t\t<div class=\"elementor-button-wrapper\">\n\t\t\t\t\t<a class=\"elementor-button elementor-button-link elementor-size-sm\" href=\"https:\/\/www.gei-gitterroste.de\/oberflaechenbehandlungen\/\">\n\t\t\t\t\t\t<span class=\"elementor-button-content-wrapper\">\n\t\t\t\t\t\t\t\t\t<span class=\"elementor-button-text\">Oberfl\u00e4chenbehandlungen <\/span>\n\t\t\t\t\t<\/span>\n\t\t\t\t\t<\/a>\n\t\t\t\t<\/div>\n\t\t\t\t\t\t\t\t<\/div>\n\t\t\t\t<\/div>\n\t\t\t\t\t<\/div>\n\t\t<\/div>\n\t\t\t\t<div class=\"elementor-column elementor-col-50 elementor-top-column elementor-element elementor-element-55d09b4\" data-id=\"55d09b4\" data-element_type=\"column\" data-e-type=\"column\">\n\t\t\t<div class=\"elementor-widget-wrap elementor-element-populated\">\n\t\t\t\t\t\t<div class=\"elementor-element elementor-element-c40bcf6 elementor-align-center elementor-widget elementor-widget-button\" data-id=\"c40bcf6\" data-element_type=\"widget\" data-e-type=\"widget\" data-widget_type=\"button.default\">\n\t\t\t\t<div class=\"elementor-widget-container\">\n\t\t\t\t\t\t\t\t\t<div class=\"elementor-button-wrapper\">\n\t\t\t\t\t<a class=\"elementor-button elementor-button-link elementor-size-sm\" href=\"https:\/\/www.gei-gitterroste.de\/de\/express-kontakt\/\">\n\t\t\t\t\t\t<span class=\"elementor-button-content-wrapper\">\n\t\t\t\t\t\t\t\t\t<span class=\"elementor-button-text\">Express Kontakt<\/span>\n\t\t\t\t\t<\/span>\n\t\t\t\t\t<\/a>\n\t\t\t\t<\/div>\n\t\t\t\t\t\t\t\t<\/div>\n\t\t\t\t<\/div>\n\t\t\t\t\t<\/div>\n\t\t<\/div>\n\t\t\t\t\t<\/div>\n\t\t<\/section>\n\t\t\t\t<\/div>\n\t\t","protected":false},"excerpt":{"rendered":"<p>Gitterroste aus Stahl Stahl ist das Material, das am h\u00e4ufigsten verwendet wird. Die Eisen-Kohlenstoff-Legierung ist f\u00fcr ihre Robustheit und Verschlei\u00dffestigkeit bekannt. Im Allgemeinen h\u00e4lt er hohen Belastungen stand, ohne sich zu verformen, und kann gestreckt werden, ohne zu brechen. Es l\u00e4sst sich leicht zu Blechen oder Platten formen. In Form von Coils gelangt der Stahl [&hellip;]<\/p>\n","protected":false},"author":8,"featured_media":0,"parent":0,"menu_order":0,"comment_status":"closed","ping_status":"closed","template":"","meta":{"footnotes":""},"class_list":["post-12439","page","type-page","status-publish","hentry"],"yoast_head":"<!-- This site is optimized with the Yoast SEO plugin v27.3 - https:\/\/yoast.com\/product\/yoast-seo-wordpress\/ -->\n<title>Gitterroste aus Stahl vom Hersteller | Industriequalit\u00e4t | GEI<\/title>\n<meta name=\"description\" content=\"Stahlgitterroste vom Hersteller: robuste Gitterroste aus Stahl f\u00fcr Industrie, Bau und Anlagenbau. Ma\u00dfanfertigung und hohe Tragf\u00e4higkeit.\" \/>\n<meta name=\"robots\" content=\"index, follow, max-snippet:-1, max-image-preview:large, max-video-preview:-1\" \/>\n<link rel=\"canonical\" href=\"https:\/\/www.gei-gitterroste.de\/de\/gitterroste-aus-stahl\/\" \/>\n<meta property=\"og:locale\" content=\"de_DE\" \/>\n<meta property=\"og:type\" content=\"article\" \/>\n<meta property=\"og:title\" content=\"Gitterroste aus Stahl vom Hersteller | Industriequalit\u00e4t | GEI\" \/>\n<meta property=\"og:description\" content=\"Stahlgitterroste vom Hersteller: robuste Gitterroste aus Stahl f\u00fcr Industrie, Bau und Anlagenbau. Ma\u00dfanfertigung und hohe Tragf\u00e4higkeit.\" \/>\n<meta property=\"og:url\" content=\"https:\/\/www.gei-gitterroste.de\/de\/gitterroste-aus-stahl\/\" \/>\n<meta property=\"og:site_name\" content=\"GEI Gitterroste\" \/>\n<meta property=\"article:modified_time\" content=\"2026-02-19T15:24:53+00:00\" \/>\n<meta property=\"og:image\" content=\"https:\/\/www.gei-gitterroste.de\/wp-content\/uploads\/2026\/02\/Stahlband-Coils.jpg\" \/>\n<meta name=\"twitter:card\" content=\"summary_large_image\" \/>\n<meta name=\"twitter:label1\" content=\"Gesch\u00e4tzte Lesezeit\" \/>\n\t<meta name=\"twitter:data1\" content=\"2\u00a0Minuten\" \/>\n<script type=\"application\/ld+json\" class=\"yoast-schema-graph\">{\"@context\":\"https:\\\/\\\/schema.org\",\"@graph\":[{\"@type\":\"WebPage\",\"@id\":\"https:\\\/\\\/www.gei-gitterroste.de\\\/gitterroste-aus-stahl\\\/\",\"url\":\"https:\\\/\\\/www.gei-gitterroste.de\\\/gitterroste-aus-stahl\\\/\",\"name\":\"Gitterroste aus Stahl vom Hersteller | Industriequalit\u00e4t | GEI\",\"isPartOf\":{\"@id\":\"https:\\\/\\\/www.gei-gitterroste.de\\\/de\\\/#website\"},\"primaryImageOfPage\":{\"@id\":\"https:\\\/\\\/www.gei-gitterroste.de\\\/gitterroste-aus-stahl\\\/#primaryimage\"},\"image\":{\"@id\":\"https:\\\/\\\/www.gei-gitterroste.de\\\/gitterroste-aus-stahl\\\/#primaryimage\"},\"thumbnailUrl\":\"https:\\\/\\\/www.gei-gitterroste.de\\\/wp-content\\\/uploads\\\/2026\\\/02\\\/Stahlband-Coils.jpg\",\"datePublished\":\"2026-02-19T14:57:14+00:00\",\"dateModified\":\"2026-02-19T15:24:53+00:00\",\"description\":\"Stahlgitterroste vom Hersteller: robuste Gitterroste aus Stahl f\u00fcr Industrie, Bau und Anlagenbau. Ma\u00dfanfertigung und hohe Tragf\u00e4higkeit.\",\"breadcrumb\":{\"@id\":\"https:\\\/\\\/www.gei-gitterroste.de\\\/gitterroste-aus-stahl\\\/#breadcrumb\"},\"inLanguage\":\"de\",\"potentialAction\":[{\"@type\":\"ReadAction\",\"target\":[\"https:\\\/\\\/www.gei-gitterroste.de\\\/gitterroste-aus-stahl\\\/\"]}]},{\"@type\":\"ImageObject\",\"inLanguage\":\"de\",\"@id\":\"https:\\\/\\\/www.gei-gitterroste.de\\\/gitterroste-aus-stahl\\\/#primaryimage\",\"url\":\"https:\\\/\\\/www.gei-gitterroste.de\\\/wp-content\\\/uploads\\\/2026\\\/02\\\/Stahlband-Coils.jpg\",\"contentUrl\":\"https:\\\/\\\/www.gei-gitterroste.de\\\/wp-content\\\/uploads\\\/2026\\\/02\\\/Stahlband-Coils.jpg\"},{\"@type\":\"BreadcrumbList\",\"@id\":\"https:\\\/\\\/www.gei-gitterroste.de\\\/gitterroste-aus-stahl\\\/#breadcrumb\",\"itemListElement\":[{\"@type\":\"ListItem\",\"position\":1,\"name\":\"Startseite\",\"item\":\"https:\\\/\\\/www.gei-gitterroste.de\\\/de\\\/\"},{\"@type\":\"ListItem\",\"position\":2,\"name\":\"Gitterroste aus Stahl\"}]},{\"@type\":\"WebSite\",\"@id\":\"https:\\\/\\\/www.gei-gitterroste.de\\\/de\\\/#website\",\"url\":\"https:\\\/\\\/www.gei-gitterroste.de\\\/de\\\/\",\"name\":\"GEI Gitterroste\",\"description\":\"\",\"publisher\":{\"@id\":\"https:\\\/\\\/www.gei-gitterroste.de\\\/de\\\/#organization\"},\"potentialAction\":[{\"@type\":\"SearchAction\",\"target\":{\"@type\":\"EntryPoint\",\"urlTemplate\":\"https:\\\/\\\/www.gei-gitterroste.de\\\/de\\\/?s={search_term_string}\"},\"query-input\":{\"@type\":\"PropertyValueSpecification\",\"valueRequired\":true,\"valueName\":\"search_term_string\"}}],\"inLanguage\":\"de\"},{\"@type\":\"Organization\",\"@id\":\"https:\\\/\\\/www.gei-gitterroste.de\\\/de\\\/#organization\",\"name\":\"GEI Gitterroste\",\"url\":\"https:\\\/\\\/www.gei-gitterroste.de\\\/de\\\/\",\"logo\":{\"@type\":\"ImageObject\",\"inLanguage\":\"de\",\"@id\":\"https:\\\/\\\/www.gei-gitterroste.de\\\/de\\\/#\\\/schema\\\/logo\\\/image\\\/\",\"url\":\"https:\\\/\\\/www.gei-gitterroste.de\\\/wp-content\\\/uploads\\\/2021\\\/06\\\/gei_logo-1.svg\",\"contentUrl\":\"https:\\\/\\\/www.gei-gitterroste.de\\\/wp-content\\\/uploads\\\/2021\\\/06\\\/gei_logo-1.svg\",\"width\":580.6,\"height\":215.9,\"caption\":\"GEI Gitterroste\"},\"image\":{\"@id\":\"https:\\\/\\\/www.gei-gitterroste.de\\\/de\\\/#\\\/schema\\\/logo\\\/image\\\/\"}}]}<\/script>\n<!-- \/ Yoast SEO plugin. -->","yoast_head_json":{"title":"Gitterroste aus Stahl vom Hersteller | Industriequalit\u00e4t | GEI","description":"Stahlgitterroste vom Hersteller: robuste Gitterroste aus Stahl f\u00fcr Industrie, Bau und Anlagenbau. Ma\u00dfanfertigung und hohe Tragf\u00e4higkeit.","robots":{"index":"index","follow":"follow","max-snippet":"max-snippet:-1","max-image-preview":"max-image-preview:large","max-video-preview":"max-video-preview:-1"},"canonical":"https:\/\/www.gei-gitterroste.de\/de\/gitterroste-aus-stahl\/","og_locale":"de_DE","og_type":"article","og_title":"Gitterroste aus Stahl vom Hersteller | Industriequalit\u00e4t | GEI","og_description":"Stahlgitterroste vom Hersteller: robuste Gitterroste aus Stahl f\u00fcr Industrie, Bau und Anlagenbau. Ma\u00dfanfertigung und hohe Tragf\u00e4higkeit.","og_url":"https:\/\/www.gei-gitterroste.de\/de\/gitterroste-aus-stahl\/","og_site_name":"GEI Gitterroste","article_modified_time":"2026-02-19T15:24:53+00:00","og_image":[{"url":"https:\/\/www.gei-gitterroste.de\/wp-content\/uploads\/2026\/02\/Stahlband-Coils.jpg","type":"","width":"","height":""}],"twitter_card":"summary_large_image","twitter_misc":{"Gesch\u00e4tzte Lesezeit":"2\u00a0Minuten"},"schema":{"@context":"https:\/\/schema.org","@graph":[{"@type":"WebPage","@id":"https:\/\/www.gei-gitterroste.de\/gitterroste-aus-stahl\/","url":"https:\/\/www.gei-gitterroste.de\/gitterroste-aus-stahl\/","name":"Gitterroste aus Stahl vom Hersteller | Industriequalit\u00e4t | GEI","isPartOf":{"@id":"https:\/\/www.gei-gitterroste.de\/de\/#website"},"primaryImageOfPage":{"@id":"https:\/\/www.gei-gitterroste.de\/gitterroste-aus-stahl\/#primaryimage"},"image":{"@id":"https:\/\/www.gei-gitterroste.de\/gitterroste-aus-stahl\/#primaryimage"},"thumbnailUrl":"https:\/\/www.gei-gitterroste.de\/wp-content\/uploads\/2026\/02\/Stahlband-Coils.jpg","datePublished":"2026-02-19T14:57:14+00:00","dateModified":"2026-02-19T15:24:53+00:00","description":"Stahlgitterroste vom Hersteller: robuste Gitterroste aus Stahl f\u00fcr Industrie, Bau und Anlagenbau. Ma\u00dfanfertigung und hohe Tragf\u00e4higkeit.","breadcrumb":{"@id":"https:\/\/www.gei-gitterroste.de\/gitterroste-aus-stahl\/#breadcrumb"},"inLanguage":"de","potentialAction":[{"@type":"ReadAction","target":["https:\/\/www.gei-gitterroste.de\/gitterroste-aus-stahl\/"]}]},{"@type":"ImageObject","inLanguage":"de","@id":"https:\/\/www.gei-gitterroste.de\/gitterroste-aus-stahl\/#primaryimage","url":"https:\/\/www.gei-gitterroste.de\/wp-content\/uploads\/2026\/02\/Stahlband-Coils.jpg","contentUrl":"https:\/\/www.gei-gitterroste.de\/wp-content\/uploads\/2026\/02\/Stahlband-Coils.jpg"},{"@type":"BreadcrumbList","@id":"https:\/\/www.gei-gitterroste.de\/gitterroste-aus-stahl\/#breadcrumb","itemListElement":[{"@type":"ListItem","position":1,"name":"Startseite","item":"https:\/\/www.gei-gitterroste.de\/de\/"},{"@type":"ListItem","position":2,"name":"Gitterroste aus Stahl"}]},{"@type":"WebSite","@id":"https:\/\/www.gei-gitterroste.de\/de\/#website","url":"https:\/\/www.gei-gitterroste.de\/de\/","name":"GEI Gitterroste","description":"","publisher":{"@id":"https:\/\/www.gei-gitterroste.de\/de\/#organization"},"potentialAction":[{"@type":"SearchAction","target":{"@type":"EntryPoint","urlTemplate":"https:\/\/www.gei-gitterroste.de\/de\/?s={search_term_string}"},"query-input":{"@type":"PropertyValueSpecification","valueRequired":true,"valueName":"search_term_string"}}],"inLanguage":"de"},{"@type":"Organization","@id":"https:\/\/www.gei-gitterroste.de\/de\/#organization","name":"GEI Gitterroste","url":"https:\/\/www.gei-gitterroste.de\/de\/","logo":{"@type":"ImageObject","inLanguage":"de","@id":"https:\/\/www.gei-gitterroste.de\/de\/#\/schema\/logo\/image\/","url":"https:\/\/www.gei-gitterroste.de\/wp-content\/uploads\/2021\/06\/gei_logo-1.svg","contentUrl":"https:\/\/www.gei-gitterroste.de\/wp-content\/uploads\/2021\/06\/gei_logo-1.svg","width":580.6,"height":215.9,"caption":"GEI Gitterroste"},"image":{"@id":"https:\/\/www.gei-gitterroste.de\/de\/#\/schema\/logo\/image\/"}}]}},"_links":{"self":[{"href":"https:\/\/www.gei-gitterroste.de\/de\/wp-json\/wp\/v2\/pages\/12439","targetHints":{"allow":["GET"]}}],"collection":[{"href":"https:\/\/www.gei-gitterroste.de\/de\/wp-json\/wp\/v2\/pages"}],"about":[{"href":"https:\/\/www.gei-gitterroste.de\/de\/wp-json\/wp\/v2\/types\/page"}],"author":[{"embeddable":true,"href":"https:\/\/www.gei-gitterroste.de\/de\/wp-json\/wp\/v2\/users\/8"}],"replies":[{"embeddable":true,"href":"https:\/\/www.gei-gitterroste.de\/de\/wp-json\/wp\/v2\/comments?post=12439"}],"version-history":[{"count":7,"href":"https:\/\/www.gei-gitterroste.de\/de\/wp-json\/wp\/v2\/pages\/12439\/revisions"}],"predecessor-version":[{"id":12453,"href":"https:\/\/www.gei-gitterroste.de\/de\/wp-json\/wp\/v2\/pages\/12439\/revisions\/12453"}],"wp:attachment":[{"href":"https:\/\/www.gei-gitterroste.de\/de\/wp-json\/wp\/v2\/media?parent=12439"}],"curies":[{"name":"wp","href":"https:\/\/api.w.org\/{rel}","templated":true}]}}