{"id":12457,"date":"2026-02-19T15:38:59","date_gmt":"2026-02-19T15:38:59","guid":{"rendered":"https:\/\/www.gei-gitterroste.de\/?page_id=12457"},"modified":"2026-02-19T15:54:47","modified_gmt":"2026-02-19T15:54:47","slug":"gitterroste-aus-corten-stahl","status":"publish","type":"page","link":"https:\/\/www.gei-gitterroste.de\/de\/gitterroste-aus-corten-stahl\/","title":{"rendered":"Gitterroste aus Corten-Stahl"},"content":{"rendered":"\t\t<div data-elementor-type=\"wp-page\" data-elementor-id=\"12457\" class=\"elementor elementor-12457\" data-elementor-post-type=\"page\">\n\t\t\t\t\t\t<section class=\"elementor-section elementor-top-section elementor-element elementor-element-55e0233 elementor-section-boxed elementor-section-height-default elementor-section-height-default\" data-id=\"55e0233\" data-element_type=\"section\" data-e-type=\"section\">\n\t\t\t\t\t\t<div class=\"elementor-container elementor-column-gap-default\">\n\t\t\t\t\t<div class=\"elementor-column elementor-col-100 elementor-top-column elementor-element elementor-element-86b45d4\" data-id=\"86b45d4\" data-element_type=\"column\" data-e-type=\"column\">\n\t\t\t<div class=\"elementor-widget-wrap elementor-element-populated\">\n\t\t\t\t\t\t<div class=\"elementor-element elementor-element-40ea641 topd2b elementor-widget elementor-widget-heading\" data-id=\"40ea641\" data-element_type=\"widget\" data-e-type=\"widget\" data-widget_type=\"heading.default\">\n\t\t\t\t<div class=\"elementor-widget-container\">\n\t\t\t\t\t<h2 class=\"elementor-heading-title elementor-size-default\">Gitterroste aus Corten-Stahl <\/h2>\t\t\t\t<\/div>\n\t\t\t\t<\/div>\n\t\t\t\t<div class=\"elementor-element elementor-element-b40d442 elementor-widget elementor-widget-text-editor\" data-id=\"b40d442\" data-element_type=\"widget\" data-e-type=\"widget\" data-widget_type=\"text-editor.default\">\n\t\t\t\t<div class=\"elementor-widget-container\">\n\t\t\t\t\t\t\t\t\t<strong class=\"d2b\">Corten-Stahl<\/strong> ist eine Kombination aus Stahl mit mehreren Legierungen, darunter \u00a0meist mit Phosphor, Kupfer, Chrom oder auch Nickel-Molybd\u00e4n.\t\t\t\t\t\t\t\t<\/div>\n\t\t\t\t<\/div>\n\t\t\t\t\t<\/div>\n\t\t<\/div>\n\t\t\t\t\t<\/div>\n\t\t<\/section>\n\t\t\t\t<section class=\"elementor-section elementor-top-section elementor-element elementor-element-7b872b1 elementor-section-boxed elementor-section-height-default elementor-section-height-default\" data-id=\"7b872b1\" data-element_type=\"section\" data-e-type=\"section\">\n\t\t\t\t\t\t<div class=\"elementor-container elementor-column-gap-default\">\n\t\t\t\t\t<div class=\"elementor-column elementor-col-50 elementor-top-column elementor-element elementor-element-4e717fb\" data-id=\"4e717fb\" data-element_type=\"column\" data-e-type=\"column\">\n\t\t\t<div class=\"elementor-widget-wrap elementor-element-populated\">\n\t\t\t\t\t\t<div class=\"elementor-element elementor-element-893ba86 elementor-widget elementor-widget-text-editor\" data-id=\"893ba86\" data-element_type=\"widget\" data-e-type=\"widget\" data-widget_type=\"text-editor.default\">\n\t\t\t\t<div class=\"elementor-widget-container\">\n\t\t\t\t\t\t\t\t\t<p>Die Oberfl\u00e4che rostet zun\u00e4chst, aber mit der Bildung der Schutzschicht verlangsamt sich der weitere Rostprozess. So entsteht eine stabile, auff\u00e4llige rostbraune Patina, die als gestalterisches Merkmal gewertet wird.<\/p><p>Diese Schicht sch\u00fctzt das Material vor weiterem Rostangriff, sodass kein nachtr\u00e4glicher Korrosionsschutz n\u00f6tig ist. Durch die passivierende Schicht ist Corten gegen\u00fcber vielen Umgebungsbedingungen widerstandsf\u00e4hig, insbesondere gegen\u00fcber Feuchtigkeit in Au\u00dfenbereichen.<\/p>\t\t\t\t\t\t\t\t<\/div>\n\t\t\t\t<\/div>\n\t\t\t\t\t<\/div>\n\t\t<\/div>\n\t\t\t\t<div class=\"elementor-column elementor-col-50 elementor-top-column elementor-element elementor-element-3c5322d\" data-id=\"3c5322d\" data-element_type=\"column\" data-e-type=\"column\">\n\t\t\t<div class=\"elementor-widget-wrap elementor-element-populated\">\n\t\t\t\t\t\t<div class=\"elementor-element elementor-element-3c47044 elementor-widget elementor-widget-text-editor\" data-id=\"3c47044\" data-element_type=\"widget\" data-e-type=\"widget\" data-widget_type=\"text-editor.default\">\n\t\t\t\t<div class=\"elementor-widget-container\">\n\t\t\t\t\t\t\t\t\t<p>Der <strong class=\"d2b\">Gitterrost aus Corten-Stahl<\/strong> er\u00f6ffnet durch seine \u00c4sthetik und seine technischen Eigenschaften neue gestalterische Perspektiven.<\/p><p>Die Metalloxidation ist nach ein bis drei Jahren abgeschlossen. Die Patina jedes <strong class=\"d2b\">Corten-Stahlgitterrostes<\/strong> ist am Ende dieses Prozesses einzigartig!<\/p><p>Die rostfarbene Optik in Kombination mit der hohen Witterungsbest\u00e4ndigkeit macht dieses Gitter zu einem beliebten Element in <a href=\"https:\/\/www.gei-gitterroste.de\/architektur-gitterroste\/\">Architektur<\/a>, <a href=\"https:\/\/www.gei-gitterroste.de\/stadtmobiliar-gitterroste\/\">Stadtmobiliar<\/a>, Landschaftsgestaltung, Bauwesen und Kunst \u2013 vor allem f\u00fcr Skulpturen im Au\u00dfenbereich.<\/p>\t\t\t\t\t\t\t\t<\/div>\n\t\t\t\t<\/div>\n\t\t\t\t\t<\/div>\n\t\t<\/div>\n\t\t\t\t\t<\/div>\n\t\t<\/section>\n\t\t\t\t<section class=\"elementor-section elementor-top-section elementor-element elementor-element-350e991 elementor-section-boxed elementor-section-height-default elementor-section-height-default\" data-id=\"350e991\" data-element_type=\"section\" data-e-type=\"section\">\n\t\t\t\t\t\t<div class=\"elementor-container elementor-column-gap-default\">\n\t\t\t\t\t<div class=\"elementor-column elementor-col-33 elementor-top-column elementor-element elementor-element-7a0f57e\" data-id=\"7a0f57e\" data-element_type=\"column\" data-e-type=\"column\">\n\t\t\t<div class=\"elementor-widget-wrap elementor-element-populated\">\n\t\t\t\t\t\t<div class=\"elementor-element elementor-element-3095f8e elementor-widget elementor-widget-image\" data-id=\"3095f8e\" data-element_type=\"widget\" data-e-type=\"widget\" data-widget_type=\"image.default\">\n\t\t\t\t<div class=\"elementor-widget-container\">\n\t\t\t\t\t\t\t\t\t\t\t\t<figure class=\"wp-caption\">\n\t\t\t\t\t\t\t\t\t\t<img fetchpriority=\"high\" decoding=\"async\" width=\"800\" height=\"600\" src=\"https:\/\/www.gei-gitterroste.de\/wp-content\/uploads\/2026\/02\/Corten-Stahl-wird-wegen-seines-\u201erostigen-Aussehens-gerne-von-Architekten-benutzt.jpg\" class=\"attachment-full size-full wp-image-12461\" alt=\"Corten-Stahl wird wegen seines \u201erostigen\u201c Aussehens gerne von Architekten benutzt\" srcset=\"https:\/\/www.gei-gitterroste.de\/wp-content\/uploads\/2026\/02\/Corten-Stahl-wird-wegen-seines-\u201erostigen-Aussehens-gerne-von-Architekten-benutzt.jpg 800w, https:\/\/www.gei-gitterroste.de\/wp-content\/uploads\/2026\/02\/Corten-Stahl-wird-wegen-seines-\u201erostigen-Aussehens-gerne-von-Architekten-benutzt-300x225.jpg 300w, https:\/\/www.gei-gitterroste.de\/wp-content\/uploads\/2026\/02\/Corten-Stahl-wird-wegen-seines-\u201erostigen-Aussehens-gerne-von-Architekten-benutzt-768x576.jpg 768w, https:\/\/www.gei-gitterroste.de\/wp-content\/uploads\/2026\/02\/Corten-Stahl-wird-wegen-seines-\u201erostigen-Aussehens-gerne-von-Architekten-benutzt-16x12.jpg 16w, https:\/\/www.gei-gitterroste.de\/wp-content\/uploads\/2026\/02\/Corten-Stahl-wird-wegen-seines-\u201erostigen-Aussehens-gerne-von-Architekten-benutzt-600x450.jpg 600w\" sizes=\"(max-width: 800px) 100vw, 800px\" \/>\t\t\t\t\t\t\t\t\t\t\t<figcaption class=\"widget-image-caption wp-caption-text\">Corten-Stahl wird wegen seines \u201erostigen\u201c Aussehens gerne von Architekten benutzt.<\/figcaption>\n\t\t\t\t\t\t\t\t\t\t<\/figure>\n\t\t\t\t\t\t\t\t\t<\/div>\n\t\t\t\t<\/div>\n\t\t\t\t\t<\/div>\n\t\t<\/div>\n\t\t\t\t<div class=\"elementor-column elementor-col-33 elementor-top-column elementor-element elementor-element-bc1d82f\" data-id=\"bc1d82f\" data-element_type=\"column\" data-e-type=\"column\">\n\t\t\t<div class=\"elementor-widget-wrap elementor-element-populated\">\n\t\t\t\t\t\t<div class=\"elementor-element elementor-element-502c8ec elementor-widget elementor-widget-image\" data-id=\"502c8ec\" data-element_type=\"widget\" data-e-type=\"widget\" data-widget_type=\"image.default\">\n\t\t\t\t<div class=\"elementor-widget-container\">\n\t\t\t\t\t\t\t\t\t\t\t\t<figure class=\"wp-caption\">\n\t\t\t\t\t\t\t\t\t\t<img decoding=\"async\" width=\"800\" height=\"600\" src=\"https:\/\/www.gei-gitterroste.de\/wp-content\/uploads\/2026\/02\/Stege-Treppenstufen-Gelaender-aus-Cortenstahl.webp\" class=\"attachment-full size-full wp-image-12462\" alt=\"\" srcset=\"https:\/\/www.gei-gitterroste.de\/wp-content\/uploads\/2026\/02\/Stege-Treppenstufen-Gelaender-aus-Cortenstahl.webp 800w, https:\/\/www.gei-gitterroste.de\/wp-content\/uploads\/2026\/02\/Stege-Treppenstufen-Gelaender-aus-Cortenstahl-300x225.webp 300w, https:\/\/www.gei-gitterroste.de\/wp-content\/uploads\/2026\/02\/Stege-Treppenstufen-Gelaender-aus-Cortenstahl-768x576.webp 768w, https:\/\/www.gei-gitterroste.de\/wp-content\/uploads\/2026\/02\/Stege-Treppenstufen-Gelaender-aus-Cortenstahl-16x12.webp 16w, https:\/\/www.gei-gitterroste.de\/wp-content\/uploads\/2026\/02\/Stege-Treppenstufen-Gelaender-aus-Cortenstahl-600x450.webp 600w\" sizes=\"(max-width: 800px) 100vw, 800px\" \/>\t\t\t\t\t\t\t\t\t\t\t<figcaption class=\"widget-image-caption wp-caption-text\">Als Laufbr\u00fccke, Treppenstufen und Gel\u00e4nder f\u00fcgt sich Corten-Stahl harmonisch in seine Umgebung ein.<\/figcaption>\n\t\t\t\t\t\t\t\t\t\t<\/figure>\n\t\t\t\t\t\t\t\t\t<\/div>\n\t\t\t\t<\/div>\n\t\t\t\t\t<\/div>\n\t\t<\/div>\n\t\t\t\t<div class=\"elementor-column elementor-col-33 elementor-top-column elementor-element elementor-element-5f1a126\" data-id=\"5f1a126\" data-element_type=\"column\" data-e-type=\"column\">\n\t\t\t<div class=\"elementor-widget-wrap elementor-element-populated\">\n\t\t\t\t\t\t<div class=\"elementor-element elementor-element-3f6d7ee elementor-widget elementor-widget-image\" data-id=\"3f6d7ee\" data-element_type=\"widget\" data-e-type=\"widget\" data-widget_type=\"image.default\">\n\t\t\t\t<div class=\"elementor-widget-container\">\n\t\t\t\t\t\t\t\t\t\t\t\t<figure class=\"wp-caption\">\n\t\t\t\t\t\t\t\t\t\t<img decoding=\"async\" width=\"800\" height=\"600\" src=\"https:\/\/www.gei-gitterroste.de\/wp-content\/uploads\/2026\/02\/Treppenstufen-aus-Corten-Stahl.jpg\" class=\"attachment-full size-full wp-image-12463\" alt=\"\" srcset=\"https:\/\/www.gei-gitterroste.de\/wp-content\/uploads\/2026\/02\/Treppenstufen-aus-Corten-Stahl.jpg 800w, https:\/\/www.gei-gitterroste.de\/wp-content\/uploads\/2026\/02\/Treppenstufen-aus-Corten-Stahl-300x225.jpg 300w, https:\/\/www.gei-gitterroste.de\/wp-content\/uploads\/2026\/02\/Treppenstufen-aus-Corten-Stahl-768x576.jpg 768w, https:\/\/www.gei-gitterroste.de\/wp-content\/uploads\/2026\/02\/Treppenstufen-aus-Corten-Stahl-16x12.jpg 16w, https:\/\/www.gei-gitterroste.de\/wp-content\/uploads\/2026\/02\/Treppenstufen-aus-Corten-Stahl-600x450.jpg 600w\" sizes=\"(max-width: 800px) 100vw, 800px\" \/>\t\t\t\t\t\t\t\t\t\t\t<figcaption class=\"widget-image-caption wp-caption-text\">Installation von Treppenstufen aus Corten-Stahl an einem historischen Turm<\/figcaption>\n\t\t\t\t\t\t\t\t\t\t<\/figure>\n\t\t\t\t\t\t\t\t\t<\/div>\n\t\t\t\t<\/div>\n\t\t\t\t\t<\/div>\n\t\t<\/div>\n\t\t\t\t\t<\/div>\n\t\t<\/section>\n\t\t\t\t<section class=\"elementor-section elementor-top-section elementor-element elementor-element-dbf346f elementor-section-boxed elementor-section-height-default elementor-section-height-default\" data-id=\"dbf346f\" data-element_type=\"section\" data-e-type=\"section\">\n\t\t\t\t\t\t<div class=\"elementor-container elementor-column-gap-default\">\n\t\t\t\t\t<div class=\"elementor-column elementor-col-100 elementor-top-column elementor-element elementor-element-105ce63\" data-id=\"105ce63\" data-element_type=\"column\" data-e-type=\"column\">\n\t\t\t<div class=\"elementor-widget-wrap elementor-element-populated\">\n\t\t\t\t\t\t<div class=\"elementor-element elementor-element-fd78ded elementor-widget elementor-widget-spacer\" data-id=\"fd78ded\" data-element_type=\"widget\" data-e-type=\"widget\" data-widget_type=\"spacer.default\">\n\t\t\t\t<div class=\"elementor-widget-container\">\n\t\t\t\t\t\t\t<div class=\"elementor-spacer\">\n\t\t\t<div class=\"elementor-spacer-inner\"><\/div>\n\t\t<\/div>\n\t\t\t\t\t\t<\/div>\n\t\t\t\t<\/div>\n\t\t\t\t<div class=\"elementor-element elementor-element-ab36665 elementor-widget elementor-widget-text-editor\" data-id=\"ab36665\" data-element_type=\"widget\" data-e-type=\"widget\" data-widget_type=\"text-editor.default\">\n\t\t\t\t<div class=\"elementor-widget-container\">\n\t\t\t\t\t\t\t\t\t<p>Man kann Pressroste aus Corten-Stahl sowohl im Au\u00dfen- als auch im Innenbereich einsetzen.<\/p><p>Die technischen Merkmale unserer Pressroste aus Corten-Stahl finden Sie hier:<\/p>\t\t\t\t\t\t\t\t<\/div>\n\t\t\t\t<\/div>\n\t\t\t\t\t<\/div>\n\t\t<\/div>\n\t\t\t\t\t<\/div>\n\t\t<\/section>\n\t\t\t\t<section class=\"elementor-section elementor-top-section elementor-element elementor-element-3ad04b7 elementor-section-boxed elementor-section-height-default elementor-section-height-default\" data-id=\"3ad04b7\" data-element_type=\"section\" data-e-type=\"section\">\n\t\t\t\t\t\t<div class=\"elementor-container elementor-column-gap-default\">\n\t\t\t\t\t<div class=\"elementor-column elementor-col-50 elementor-top-column elementor-element elementor-element-f602019\" data-id=\"f602019\" data-element_type=\"column\" data-e-type=\"column\">\n\t\t\t<div class=\"elementor-widget-wrap elementor-element-populated\">\n\t\t\t\t\t\t<div class=\"elementor-element elementor-element-813467b elementor-align-center elementor-widget elementor-widget-button\" data-id=\"813467b\" data-element_type=\"widget\" data-e-type=\"widget\" data-widget_type=\"button.default\">\n\t\t\t\t<div class=\"elementor-widget-container\">\n\t\t\t\t\t\t\t\t\t<div class=\"elementor-button-wrapper\">\n\t\t\t\t\t<a class=\"elementor-button elementor-button-link elementor-size-sm\" href=\"https:\/\/www.gei-gitterroste.de\/de\/cortenstahl\/\">\n\t\t\t\t\t\t<span class=\"elementor-button-content-wrapper\">\n\t\t\t\t\t\t\t\t\t<span class=\"elementor-button-text\">Pressroste aus Cortenstahl<\/span>\n\t\t\t\t\t<\/span>\n\t\t\t\t\t<\/a>\n\t\t\t\t<\/div>\n\t\t\t\t\t\t\t\t<\/div>\n\t\t\t\t<\/div>\n\t\t\t\t\t<\/div>\n\t\t<\/div>\n\t\t\t\t<div class=\"elementor-column elementor-col-50 elementor-top-column elementor-element elementor-element-55d09b4\" data-id=\"55d09b4\" data-element_type=\"column\" data-e-type=\"column\">\n\t\t\t<div class=\"elementor-widget-wrap elementor-element-populated\">\n\t\t\t\t\t\t<div class=\"elementor-element elementor-element-c40bcf6 elementor-align-center elementor-widget elementor-widget-button\" data-id=\"c40bcf6\" data-element_type=\"widget\" data-e-type=\"widget\" data-widget_type=\"button.default\">\n\t\t\t\t<div class=\"elementor-widget-container\">\n\t\t\t\t\t\t\t\t\t<div class=\"elementor-button-wrapper\">\n\t\t\t\t\t<a class=\"elementor-button elementor-button-link elementor-size-sm\" href=\"https:\/\/www.gei-gitterroste.de\/de\/express-kontakt\/\">\n\t\t\t\t\t\t<span class=\"elementor-button-content-wrapper\">\n\t\t\t\t\t\t\t\t\t<span class=\"elementor-button-text\">Express Kontakt<\/span>\n\t\t\t\t\t<\/span>\n\t\t\t\t\t<\/a>\n\t\t\t\t<\/div>\n\t\t\t\t\t\t\t\t<\/div>\n\t\t\t\t<\/div>\n\t\t\t\t\t<\/div>\n\t\t<\/div>\n\t\t\t\t\t<\/div>\n\t\t<\/section>\n\t\t\t\t<\/div>\n\t\t","protected":false},"excerpt":{"rendered":"<p>Gitterroste aus Corten-Stahl Corten-Stahl ist eine Kombination aus Stahl mit mehreren Legierungen, darunter \u00a0meist mit Phosphor, Kupfer, Chrom oder auch Nickel-Molybd\u00e4n. Die Oberfl\u00e4che rostet zun\u00e4chst, aber mit der Bildung der Schutzschicht verlangsamt sich der weitere Rostprozess. So entsteht eine stabile, auff\u00e4llige rostbraune Patina, die als gestalterisches Merkmal gewertet wird. Diese Schicht sch\u00fctzt das Material vor [&hellip;]<\/p>\n","protected":false},"author":8,"featured_media":0,"parent":0,"menu_order":0,"comment_status":"closed","ping_status":"closed","template":"","meta":{"footnotes":""},"class_list":["post-12457","page","type-page","status-publish","hentry"],"yoast_head":"<!-- This site is optimized with the Yoast SEO plugin v27.3 - https:\/\/yoast.com\/product\/yoast-seo-wordpress\/ -->\n<title>Gitterroste aus Corten-Stahl vom Hersteller | wetterfeste Industrie-Gitterroste | GEI<\/title>\n<meta name=\"description\" content=\"Robuste Gitterroste aus Corten-Stahl vom Hersteller \u2013 langlebig, wetterfest und korrosionsbest\u00e4ndig. Ideal f\u00fcr Industrie, Au\u00dfenanlagen und anspruchsvolle Bauprojekte.\" \/>\n<meta name=\"robots\" content=\"index, follow, max-snippet:-1, max-image-preview:large, max-video-preview:-1\" \/>\n<link rel=\"canonical\" href=\"https:\/\/www.gei-gitterroste.de\/de\/gitterroste-aus-corten-stahl\/\" \/>\n<meta property=\"og:locale\" content=\"de_DE\" \/>\n<meta property=\"og:type\" content=\"article\" \/>\n<meta property=\"og:title\" content=\"Gitterroste aus Corten-Stahl vom Hersteller | wetterfeste Industrie-Gitterroste | GEI\" \/>\n<meta property=\"og:description\" content=\"Robuste Gitterroste aus Corten-Stahl vom Hersteller \u2013 langlebig, wetterfest und korrosionsbest\u00e4ndig. Ideal f\u00fcr Industrie, Au\u00dfenanlagen und anspruchsvolle Bauprojekte.\" \/>\n<meta property=\"og:url\" content=\"https:\/\/www.gei-gitterroste.de\/de\/gitterroste-aus-corten-stahl\/\" \/>\n<meta property=\"og:site_name\" content=\"GEI Gitterroste\" \/>\n<meta property=\"article:modified_time\" content=\"2026-02-19T15:54:47+00:00\" \/>\n<meta property=\"og:image\" content=\"https:\/\/www.gei-gitterroste.de\/wp-content\/uploads\/2026\/02\/Stege-Treppenstufen-Gelaender-aus-Cortenstahl.webp\" \/>\n<meta name=\"twitter:card\" content=\"summary_large_image\" \/>\n<meta name=\"twitter:label1\" content=\"Gesch\u00e4tzte Lesezeit\" \/>\n\t<meta name=\"twitter:data1\" content=\"2\u00a0Minuten\" \/>\n<script type=\"application\/ld+json\" class=\"yoast-schema-graph\">{\"@context\":\"https:\\\/\\\/schema.org\",\"@graph\":[{\"@type\":\"WebPage\",\"@id\":\"https:\\\/\\\/www.gei-gitterroste.de\\\/gitterroste-aus-corten-stahl\\\/\",\"url\":\"https:\\\/\\\/www.gei-gitterroste.de\\\/gitterroste-aus-corten-stahl\\\/\",\"name\":\"Gitterroste aus Corten-Stahl vom Hersteller | wetterfeste Industrie-Gitterroste | GEI\",\"isPartOf\":{\"@id\":\"https:\\\/\\\/www.gei-gitterroste.de\\\/de\\\/#website\"},\"primaryImageOfPage\":{\"@id\":\"https:\\\/\\\/www.gei-gitterroste.de\\\/gitterroste-aus-corten-stahl\\\/#primaryimage\"},\"image\":{\"@id\":\"https:\\\/\\\/www.gei-gitterroste.de\\\/gitterroste-aus-corten-stahl\\\/#primaryimage\"},\"thumbnailUrl\":\"https:\\\/\\\/www.gei-gitterroste.de\\\/wp-content\\\/uploads\\\/2026\\\/02\\\/Stege-Treppenstufen-Gelaender-aus-Cortenstahl.webp\",\"datePublished\":\"2026-02-19T15:38:59+00:00\",\"dateModified\":\"2026-02-19T15:54:47+00:00\",\"description\":\"Robuste Gitterroste aus Corten-Stahl vom Hersteller \u2013 langlebig, wetterfest und korrosionsbest\u00e4ndig. Ideal f\u00fcr Industrie, Au\u00dfenanlagen und anspruchsvolle Bauprojekte.\",\"breadcrumb\":{\"@id\":\"https:\\\/\\\/www.gei-gitterroste.de\\\/gitterroste-aus-corten-stahl\\\/#breadcrumb\"},\"inLanguage\":\"de\",\"potentialAction\":[{\"@type\":\"ReadAction\",\"target\":[\"https:\\\/\\\/www.gei-gitterroste.de\\\/gitterroste-aus-corten-stahl\\\/\"]}]},{\"@type\":\"ImageObject\",\"inLanguage\":\"de\",\"@id\":\"https:\\\/\\\/www.gei-gitterroste.de\\\/gitterroste-aus-corten-stahl\\\/#primaryimage\",\"url\":\"https:\\\/\\\/www.gei-gitterroste.de\\\/wp-content\\\/uploads\\\/2026\\\/02\\\/Stege-Treppenstufen-Gelaender-aus-Cortenstahl.webp\",\"contentUrl\":\"https:\\\/\\\/www.gei-gitterroste.de\\\/wp-content\\\/uploads\\\/2026\\\/02\\\/Stege-Treppenstufen-Gelaender-aus-Cortenstahl.webp\"},{\"@type\":\"BreadcrumbList\",\"@id\":\"https:\\\/\\\/www.gei-gitterroste.de\\\/gitterroste-aus-corten-stahl\\\/#breadcrumb\",\"itemListElement\":[{\"@type\":\"ListItem\",\"position\":1,\"name\":\"Startseite\",\"item\":\"https:\\\/\\\/www.gei-gitterroste.de\\\/de\\\/\"},{\"@type\":\"ListItem\",\"position\":2,\"name\":\"Gitterroste aus Corten-Stahl\"}]},{\"@type\":\"WebSite\",\"@id\":\"https:\\\/\\\/www.gei-gitterroste.de\\\/de\\\/#website\",\"url\":\"https:\\\/\\\/www.gei-gitterroste.de\\\/de\\\/\",\"name\":\"GEI Gitterroste\",\"description\":\"\",\"publisher\":{\"@id\":\"https:\\\/\\\/www.gei-gitterroste.de\\\/de\\\/#organization\"},\"potentialAction\":[{\"@type\":\"SearchAction\",\"target\":{\"@type\":\"EntryPoint\",\"urlTemplate\":\"https:\\\/\\\/www.gei-gitterroste.de\\\/de\\\/?s={search_term_string}\"},\"query-input\":{\"@type\":\"PropertyValueSpecification\",\"valueRequired\":true,\"valueName\":\"search_term_string\"}}],\"inLanguage\":\"de\"},{\"@type\":\"Organization\",\"@id\":\"https:\\\/\\\/www.gei-gitterroste.de\\\/de\\\/#organization\",\"name\":\"GEI Gitterroste\",\"url\":\"https:\\\/\\\/www.gei-gitterroste.de\\\/de\\\/\",\"logo\":{\"@type\":\"ImageObject\",\"inLanguage\":\"de\",\"@id\":\"https:\\\/\\\/www.gei-gitterroste.de\\\/de\\\/#\\\/schema\\\/logo\\\/image\\\/\",\"url\":\"https:\\\/\\\/www.gei-gitterroste.de\\\/wp-content\\\/uploads\\\/2021\\\/06\\\/gei_logo-1.svg\",\"contentUrl\":\"https:\\\/\\\/www.gei-gitterroste.de\\\/wp-content\\\/uploads\\\/2021\\\/06\\\/gei_logo-1.svg\",\"width\":580.6,\"height\":215.9,\"caption\":\"GEI Gitterroste\"},\"image\":{\"@id\":\"https:\\\/\\\/www.gei-gitterroste.de\\\/de\\\/#\\\/schema\\\/logo\\\/image\\\/\"}}]}<\/script>\n<!-- \/ Yoast SEO plugin. -->","yoast_head_json":{"title":"Gitterroste aus Corten-Stahl vom Hersteller | wetterfeste Industrie-Gitterroste | GEI","description":"Robuste Gitterroste aus Corten-Stahl vom Hersteller \u2013 langlebig, wetterfest und korrosionsbest\u00e4ndig. Ideal f\u00fcr Industrie, Au\u00dfenanlagen und anspruchsvolle Bauprojekte.","robots":{"index":"index","follow":"follow","max-snippet":"max-snippet:-1","max-image-preview":"max-image-preview:large","max-video-preview":"max-video-preview:-1"},"canonical":"https:\/\/www.gei-gitterroste.de\/de\/gitterroste-aus-corten-stahl\/","og_locale":"de_DE","og_type":"article","og_title":"Gitterroste aus Corten-Stahl vom Hersteller | wetterfeste Industrie-Gitterroste | GEI","og_description":"Robuste Gitterroste aus Corten-Stahl vom Hersteller \u2013 langlebig, wetterfest und korrosionsbest\u00e4ndig. Ideal f\u00fcr Industrie, Au\u00dfenanlagen und anspruchsvolle Bauprojekte.","og_url":"https:\/\/www.gei-gitterroste.de\/de\/gitterroste-aus-corten-stahl\/","og_site_name":"GEI Gitterroste","article_modified_time":"2026-02-19T15:54:47+00:00","og_image":[{"url":"https:\/\/www.gei-gitterroste.de\/wp-content\/uploads\/2026\/02\/Stege-Treppenstufen-Gelaender-aus-Cortenstahl.webp","type":"","width":"","height":""}],"twitter_card":"summary_large_image","twitter_misc":{"Gesch\u00e4tzte Lesezeit":"2\u00a0Minuten"},"schema":{"@context":"https:\/\/schema.org","@graph":[{"@type":"WebPage","@id":"https:\/\/www.gei-gitterroste.de\/gitterroste-aus-corten-stahl\/","url":"https:\/\/www.gei-gitterroste.de\/gitterroste-aus-corten-stahl\/","name":"Gitterroste aus Corten-Stahl vom Hersteller | wetterfeste Industrie-Gitterroste | GEI","isPartOf":{"@id":"https:\/\/www.gei-gitterroste.de\/de\/#website"},"primaryImageOfPage":{"@id":"https:\/\/www.gei-gitterroste.de\/gitterroste-aus-corten-stahl\/#primaryimage"},"image":{"@id":"https:\/\/www.gei-gitterroste.de\/gitterroste-aus-corten-stahl\/#primaryimage"},"thumbnailUrl":"https:\/\/www.gei-gitterroste.de\/wp-content\/uploads\/2026\/02\/Stege-Treppenstufen-Gelaender-aus-Cortenstahl.webp","datePublished":"2026-02-19T15:38:59+00:00","dateModified":"2026-02-19T15:54:47+00:00","description":"Robuste Gitterroste aus Corten-Stahl vom Hersteller \u2013 langlebig, wetterfest und korrosionsbest\u00e4ndig. Ideal f\u00fcr Industrie, Au\u00dfenanlagen und anspruchsvolle Bauprojekte.","breadcrumb":{"@id":"https:\/\/www.gei-gitterroste.de\/gitterroste-aus-corten-stahl\/#breadcrumb"},"inLanguage":"de","potentialAction":[{"@type":"ReadAction","target":["https:\/\/www.gei-gitterroste.de\/gitterroste-aus-corten-stahl\/"]}]},{"@type":"ImageObject","inLanguage":"de","@id":"https:\/\/www.gei-gitterroste.de\/gitterroste-aus-corten-stahl\/#primaryimage","url":"https:\/\/www.gei-gitterroste.de\/wp-content\/uploads\/2026\/02\/Stege-Treppenstufen-Gelaender-aus-Cortenstahl.webp","contentUrl":"https:\/\/www.gei-gitterroste.de\/wp-content\/uploads\/2026\/02\/Stege-Treppenstufen-Gelaender-aus-Cortenstahl.webp"},{"@type":"BreadcrumbList","@id":"https:\/\/www.gei-gitterroste.de\/gitterroste-aus-corten-stahl\/#breadcrumb","itemListElement":[{"@type":"ListItem","position":1,"name":"Startseite","item":"https:\/\/www.gei-gitterroste.de\/de\/"},{"@type":"ListItem","position":2,"name":"Gitterroste aus Corten-Stahl"}]},{"@type":"WebSite","@id":"https:\/\/www.gei-gitterroste.de\/de\/#website","url":"https:\/\/www.gei-gitterroste.de\/de\/","name":"GEI Gitterroste","description":"","publisher":{"@id":"https:\/\/www.gei-gitterroste.de\/de\/#organization"},"potentialAction":[{"@type":"SearchAction","target":{"@type":"EntryPoint","urlTemplate":"https:\/\/www.gei-gitterroste.de\/de\/?s={search_term_string}"},"query-input":{"@type":"PropertyValueSpecification","valueRequired":true,"valueName":"search_term_string"}}],"inLanguage":"de"},{"@type":"Organization","@id":"https:\/\/www.gei-gitterroste.de\/de\/#organization","name":"GEI Gitterroste","url":"https:\/\/www.gei-gitterroste.de\/de\/","logo":{"@type":"ImageObject","inLanguage":"de","@id":"https:\/\/www.gei-gitterroste.de\/de\/#\/schema\/logo\/image\/","url":"https:\/\/www.gei-gitterroste.de\/wp-content\/uploads\/2021\/06\/gei_logo-1.svg","contentUrl":"https:\/\/www.gei-gitterroste.de\/wp-content\/uploads\/2021\/06\/gei_logo-1.svg","width":580.6,"height":215.9,"caption":"GEI Gitterroste"},"image":{"@id":"https:\/\/www.gei-gitterroste.de\/de\/#\/schema\/logo\/image\/"}}]}},"_links":{"self":[{"href":"https:\/\/www.gei-gitterroste.de\/de\/wp-json\/wp\/v2\/pages\/12457","targetHints":{"allow":["GET"]}}],"collection":[{"href":"https:\/\/www.gei-gitterroste.de\/de\/wp-json\/wp\/v2\/pages"}],"about":[{"href":"https:\/\/www.gei-gitterroste.de\/de\/wp-json\/wp\/v2\/types\/page"}],"author":[{"embeddable":true,"href":"https:\/\/www.gei-gitterroste.de\/de\/wp-json\/wp\/v2\/users\/8"}],"replies":[{"embeddable":true,"href":"https:\/\/www.gei-gitterroste.de\/de\/wp-json\/wp\/v2\/comments?post=12457"}],"version-history":[{"count":4,"href":"https:\/\/www.gei-gitterroste.de\/de\/wp-json\/wp\/v2\/pages\/12457\/revisions"}],"predecessor-version":[{"id":12466,"href":"https:\/\/www.gei-gitterroste.de\/de\/wp-json\/wp\/v2\/pages\/12457\/revisions\/12466"}],"wp:attachment":[{"href":"https:\/\/www.gei-gitterroste.de\/de\/wp-json\/wp\/v2\/media?parent=12457"}],"curies":[{"name":"wp","href":"https:\/\/api.w.org\/{rel}","templated":true}]}}