{"id":2395,"date":"2021-09-29T09:38:57","date_gmt":"2021-09-29T09:38:57","guid":{"rendered":"http:\/\/gei-gitterroste.de.46-4-53-222.vorschau.marketing-thom.de\/?page_id=2395"},"modified":"2021-10-19T08:22:50","modified_gmt":"2021-10-19T08:22:50","slug":"gei-heute","status":"publish","type":"page","link":"https:\/\/www.gei-gitterroste.de\/de\/gei-heute\/","title":{"rendered":"GEI heute"},"content":{"rendered":"\t\t<div data-elementor-type=\"wp-page\" data-elementor-id=\"2395\" class=\"elementor elementor-2395\" data-elementor-post-type=\"page\">\n\t\t\t\t\t\t<section class=\"elementor-section elementor-top-section elementor-element elementor-element-211ab8c elementor-section-boxed elementor-section-height-default elementor-section-height-default\" data-id=\"211ab8c\" data-element_type=\"section\" data-e-type=\"section\">\n\t\t\t\t\t\t<div class=\"elementor-container elementor-column-gap-default\">\n\t\t\t\t\t<div class=\"elementor-column elementor-col-100 elementor-top-column elementor-element elementor-element-dd65701\" data-id=\"dd65701\" data-element_type=\"column\" data-e-type=\"column\">\n\t\t\t<div class=\"elementor-widget-wrap elementor-element-populated\">\n\t\t\t\t\t\t<div class=\"elementor-element elementor-element-7a74323 elementor-widget elementor-widget-image\" data-id=\"7a74323\" data-element_type=\"widget\" data-e-type=\"widget\" data-widget_type=\"image.default\">\n\t\t\t\t<div class=\"elementor-widget-container\">\n\t\t\t\t\t\t\t\t\t\t\t\t\t\t\t<img fetchpriority=\"high\" decoding=\"async\" width=\"1024\" height=\"375\" src=\"https:\/\/www.gei-gitterroste.de\/wp-content\/uploads\/2021\/09\/header-realisations-gei_0-1024x375.jpg\" class=\"attachment-large size-large wp-image-2397\" alt=\"\" srcset=\"https:\/\/www.gei-gitterroste.de\/wp-content\/uploads\/2021\/09\/header-realisations-gei_0-1024x375.jpg 1024w, https:\/\/www.gei-gitterroste.de\/wp-content\/uploads\/2021\/09\/header-realisations-gei_0-300x110.jpg 300w, https:\/\/www.gei-gitterroste.de\/wp-content\/uploads\/2021\/09\/header-realisations-gei_0-768x281.jpg 768w, https:\/\/www.gei-gitterroste.de\/wp-content\/uploads\/2021\/09\/header-realisations-gei_0-600x220.jpg 600w, https:\/\/www.gei-gitterroste.de\/wp-content\/uploads\/2021\/09\/header-realisations-gei_0.jpg 1200w\" sizes=\"(max-width: 1024px) 100vw, 1024px\" \/>\t\t\t\t\t\t\t\t\t\t\t\t\t\t\t<\/div>\n\t\t\t\t<\/div>\n\t\t\t\t\t<\/div>\n\t\t<\/div>\n\t\t\t\t\t<\/div>\n\t\t<\/section>\n\t\t\t\t<section class=\"elementor-section elementor-top-section elementor-element elementor-element-cd6cb0c elementor-section-boxed elementor-section-height-default elementor-section-height-default\" data-id=\"cd6cb0c\" data-element_type=\"section\" data-e-type=\"section\">\n\t\t\t\t\t\t<div class=\"elementor-container elementor-column-gap-default\">\n\t\t\t\t\t<div class=\"elementor-column elementor-col-100 elementor-top-column elementor-element elementor-element-d5be23b\" data-id=\"d5be23b\" data-element_type=\"column\" data-e-type=\"column\">\n\t\t\t<div class=\"elementor-widget-wrap elementor-element-populated\">\n\t\t\t\t\t\t<div class=\"elementor-element elementor-element-1779776 elementor-widget elementor-widget-heading\" data-id=\"1779776\" data-element_type=\"widget\" data-e-type=\"widget\" data-widget_type=\"heading.default\">\n\t\t\t\t<div class=\"elementor-widget-container\">\n\t\t\t\t\t<h2 class=\"elementor-heading-title elementor-size-default\">GEI, Spezialist von Gitterrosten<\/h2>\t\t\t\t<\/div>\n\t\t\t\t<\/div>\n\t\t\t\t\t<\/div>\n\t\t<\/div>\n\t\t\t\t\t<\/div>\n\t\t<\/section>\n\t\t\t\t<section class=\"elementor-section elementor-top-section elementor-element elementor-element-14b1e79 elementor-section-boxed elementor-section-height-default elementor-section-height-default\" data-id=\"14b1e79\" data-element_type=\"section\" data-e-type=\"section\">\n\t\t\t\t\t\t<div class=\"elementor-container elementor-column-gap-default\">\n\t\t\t\t\t<div class=\"elementor-column elementor-col-50 elementor-top-column elementor-element elementor-element-f93d989\" data-id=\"f93d989\" data-element_type=\"column\" data-e-type=\"column\">\n\t\t\t<div class=\"elementor-widget-wrap elementor-element-populated\">\n\t\t\t\t\t\t<div class=\"elementor-element elementor-element-722ec7f elementor-widget elementor-widget-text-editor\" data-id=\"722ec7f\" data-element_type=\"widget\" data-e-type=\"widget\" data-widget_type=\"text-editor.default\">\n\t\t\t\t<div class=\"elementor-widget-container\">\n\t\t\t\t\t\t\t\t\t<h4><span style=\"color: #184287;\">Spezialist f\u00fcr die Herstellung von Gitterrosten zu sein, bedeutet vorauszudenken<\/span><\/h4><p>GEI ist ein Garant f\u00fcr Qualit\u00e4t und Service. Ein Team erfahrener Fachleute steht Ihnen mit innovativen Ideen zur Seite und betreut Sie vom Entwurf bis hin zur Realisierung Ihrer Projekte. In enger Zusammenarbeit analysieren unsere Vertriebsabteilung und unsere Entwicklungsabteilung Ihre individuellen Bed\u00fcrfnisse und beraten Sie so zielf\u00fchrend zu einer f\u00fcr Sie bestm\u00f6glichen L\u00f6sung. Unsere Produkte werden unter Verwendung modernster Technologien auf leistungsf\u00e4higen Produktionslinien hergestellt. Nach der Herstellung werden alle Produkte hinsichtlich ihrer Qualit\u00e4t und Quantit\u00e4t in doppelter Form gepr\u00fcft. Unser logistischer Beistand erm\u00f6glicht uns die schnellstm\u00f6glichste Lieferung Ihrer Produkte zu garantieren. Unser After-Sales-Service gew\u00e4hrleistet Ihnen auch bei weiteren Anliegen eine kundenorientierte Betreuung. GEI, ein hochqualifiziertes Team, welches Ihnen zur Verf\u00fcgung steht.<\/p>\t\t\t\t\t\t\t\t<\/div>\n\t\t\t\t<\/div>\n\t\t\t\t\t<\/div>\n\t\t<\/div>\n\t\t\t\t<div class=\"elementor-column elementor-col-50 elementor-top-column elementor-element elementor-element-0f626f1\" data-id=\"0f626f1\" data-element_type=\"column\" data-e-type=\"column\">\n\t\t\t<div class=\"elementor-widget-wrap elementor-element-populated\">\n\t\t\t\t\t\t<div class=\"elementor-element elementor-element-6b06269 elementor-widget elementor-widget-image\" data-id=\"6b06269\" data-element_type=\"widget\" data-e-type=\"widget\" data-widget_type=\"image.default\">\n\t\t\t\t<div class=\"elementor-widget-container\">\n\t\t\t\t\t\t\t\t\t\t\t\t\t\t\t<img decoding=\"async\" width=\"244\" height=\"137\" src=\"https:\/\/www.gei-gitterroste.de\/wp-content\/uploads\/2021\/09\/presentation-fabrication.jpg\" class=\"attachment-large size-large wp-image-2398\" alt=\"\" srcset=\"https:\/\/www.gei-gitterroste.de\/wp-content\/uploads\/2021\/09\/presentation-fabrication.jpg 244w, https:\/\/www.gei-gitterroste.de\/wp-content\/uploads\/2021\/09\/presentation-fabrication-150x85.jpg 150w\" sizes=\"(max-width: 244px) 100vw, 244px\" \/>\t\t\t\t\t\t\t\t\t\t\t\t\t\t\t<\/div>\n\t\t\t\t<\/div>\n\t\t\t\t\t<\/div>\n\t\t<\/div>\n\t\t\t\t\t<\/div>\n\t\t<\/section>\n\t\t\t\t<section class=\"elementor-section elementor-top-section elementor-element elementor-element-cf68f96 elementor-section-boxed elementor-section-height-default elementor-section-height-default\" data-id=\"cf68f96\" data-element_type=\"section\" data-e-type=\"section\">\n\t\t\t\t\t\t<div class=\"elementor-container elementor-column-gap-default\">\n\t\t\t\t\t<div class=\"elementor-column elementor-col-50 elementor-top-column elementor-element elementor-element-cff2f5c\" data-id=\"cff2f5c\" data-element_type=\"column\" data-e-type=\"column\">\n\t\t\t<div class=\"elementor-widget-wrap elementor-element-populated\">\n\t\t\t\t\t\t<div class=\"elementor-element elementor-element-832a7ca elementor-widget elementor-widget-text-editor\" data-id=\"832a7ca\" data-element_type=\"widget\" data-e-type=\"widget\" data-widget_type=\"text-editor.default\">\n\t\t\t\t<div class=\"elementor-widget-container\">\n\t\t\t\t\t\t\t\t\t<h4><span style=\"color: #184287;\">Eine firmeneigene Entwicklungsabteilung<\/span><\/h4><p>In Kundenanfragen in Bezug auf Sonderanfertigungen kann GEI eine seiner vielen St\u00e4rken herausstellen. Die firmeneigene Entwicklungsabteilung steht mit ihren technisch versierten Mitarbeitern gerne bei technischen Anfragen und Verlegepl\u00e4nen zu Ihrer Verf\u00fcgung. Dies geschieht unter Zuhilfenahme von spezieller CAD-Software, mithilfe welcher wir in der Lage sind, statische Berechnungen f\u00fcr Sie zu erstellen und Ihren Projekten die gew\u00fcnschte Form zu verleihen. Sowohl im industriellen als auch im architektonischen Bereich, finden Sie bei GEI f\u00fcr Ihre Anforderungen und speziellen Bed\u00fcrfnisse die beste L\u00f6sung.<\/p>\t\t\t\t\t\t\t\t<\/div>\n\t\t\t\t<\/div>\n\t\t\t\t\t<\/div>\n\t\t<\/div>\n\t\t\t\t<div class=\"elementor-column elementor-col-50 elementor-top-column elementor-element elementor-element-b65365d\" data-id=\"b65365d\" data-element_type=\"column\" data-e-type=\"column\">\n\t\t\t<div class=\"elementor-widget-wrap elementor-element-populated\">\n\t\t\t\t\t\t<div class=\"elementor-element elementor-element-656cd2f elementor-widget elementor-widget-image\" data-id=\"656cd2f\" data-element_type=\"widget\" data-e-type=\"widget\" data-widget_type=\"image.default\">\n\t\t\t\t<div class=\"elementor-widget-container\">\n\t\t\t\t\t\t\t\t\t\t\t\t\t\t\t<img decoding=\"async\" width=\"244\" height=\"137\" src=\"https:\/\/www.gei-gitterroste.de\/wp-content\/uploads\/2021\/09\/img7.jpg\" class=\"attachment-large size-large wp-image-2399\" alt=\"\" srcset=\"https:\/\/www.gei-gitterroste.de\/wp-content\/uploads\/2021\/09\/img7.jpg 244w, https:\/\/www.gei-gitterroste.de\/wp-content\/uploads\/2021\/09\/img7-150x85.jpg 150w\" sizes=\"(max-width: 244px) 100vw, 244px\" \/>\t\t\t\t\t\t\t\t\t\t\t\t\t\t\t<\/div>\n\t\t\t\t<\/div>\n\t\t\t\t\t<\/div>\n\t\t<\/div>\n\t\t\t\t\t<\/div>\n\t\t<\/section>\n\t\t\t\t<section class=\"elementor-section elementor-top-section elementor-element elementor-element-51396c5 elementor-section-boxed elementor-section-height-default elementor-section-height-default\" data-id=\"51396c5\" data-element_type=\"section\" data-e-type=\"section\">\n\t\t\t\t\t\t<div class=\"elementor-container elementor-column-gap-default\">\n\t\t\t\t\t<div class=\"elementor-column elementor-col-50 elementor-top-column elementor-element elementor-element-3d54ae2\" data-id=\"3d54ae2\" data-element_type=\"column\" data-e-type=\"column\">\n\t\t\t<div class=\"elementor-widget-wrap elementor-element-populated\">\n\t\t\t\t\t\t<div class=\"elementor-element elementor-element-45c744c elementor-widget elementor-widget-text-editor\" data-id=\"45c744c\" data-element_type=\"widget\" data-e-type=\"widget\" data-widget_type=\"text-editor.default\">\n\t\t\t\t<div class=\"elementor-widget-container\">\n\t\t\t\t\t\t\t\t\t<h4><span style=\"color: #184287;\">Ein Vertriebsteam in Ihrer N\u00e4he<\/span><\/h4><p>GEI steht f\u00fcr Innen- und Au\u00dfendienstmitarbeiter, die f\u00fcr Ihre Anforderungen und Bed\u00fcrfnisse da sind, um Sie zu beraten und Ihnen die geeignetste L\u00f6sung zum besten Preis anzubieten. St\u00e4ndig um Kundenn\u00e4he sowie Reaktivit\u00e4t bem\u00fcht, haben wir europaweit dynamische und professionelle niedergelassene Mitarbeiter.\u00a0<\/p>\t\t\t\t\t\t\t\t<\/div>\n\t\t\t\t<\/div>\n\t\t\t\t\t<\/div>\n\t\t<\/div>\n\t\t\t\t<div class=\"elementor-column elementor-col-50 elementor-top-column elementor-element elementor-element-195dec2\" data-id=\"195dec2\" data-element_type=\"column\" data-e-type=\"column\">\n\t\t\t<div class=\"elementor-widget-wrap elementor-element-populated\">\n\t\t\t\t\t\t<div class=\"elementor-element elementor-element-98de859 elementor-widget elementor-widget-image\" data-id=\"98de859\" data-element_type=\"widget\" data-e-type=\"widget\" data-widget_type=\"image.default\">\n\t\t\t\t<div class=\"elementor-widget-container\">\n\t\t\t\t\t\t\t\t\t\t\t\t\t\t\t<img loading=\"lazy\" decoding=\"async\" width=\"244\" height=\"137\" src=\"https:\/\/www.gei-gitterroste.de\/wp-content\/uploads\/2021\/09\/commercial-gei.jpg\" class=\"attachment-large size-large wp-image-2400\" alt=\"\" srcset=\"https:\/\/www.gei-gitterroste.de\/wp-content\/uploads\/2021\/09\/commercial-gei.jpg 244w, https:\/\/www.gei-gitterroste.de\/wp-content\/uploads\/2021\/09\/commercial-gei-150x85.jpg 150w\" sizes=\"(max-width: 244px) 100vw, 244px\" \/>\t\t\t\t\t\t\t\t\t\t\t\t\t\t\t<\/div>\n\t\t\t\t<\/div>\n\t\t\t\t\t<\/div>\n\t\t<\/div>\n\t\t\t\t\t<\/div>\n\t\t<\/section>\n\t\t\t\t<section class=\"elementor-section elementor-top-section elementor-element elementor-element-2f772fe elementor-section-boxed elementor-section-height-default elementor-section-height-default\" data-id=\"2f772fe\" data-element_type=\"section\" data-e-type=\"section\">\n\t\t\t\t\t\t<div class=\"elementor-container elementor-column-gap-default\">\n\t\t\t\t\t<div class=\"elementor-column elementor-col-50 elementor-top-column elementor-element elementor-element-5ad1e39\" data-id=\"5ad1e39\" data-element_type=\"column\" data-e-type=\"column\">\n\t\t\t<div class=\"elementor-widget-wrap elementor-element-populated\">\n\t\t\t\t\t\t<div class=\"elementor-element elementor-element-268d316 elementor-widget elementor-widget-text-editor\" data-id=\"268d316\" data-element_type=\"widget\" data-e-type=\"widget\" data-widget_type=\"text-editor.default\">\n\t\t\t\t<div class=\"elementor-widget-container\">\n\t\t\t\t\t\t\t\t\t<h4><span style=\"color: #184287;\">Anfertigung nach Ma\u00df und einer der gr\u00f6\u00dften Lagerbest\u00e4nde von Gitterrosten in Europa<\/span><\/h4><p>Neben den Produkten nach Ma\u00df, die gem\u00e4\u00df Ihren Pl\u00e4nen von unserer Entwicklungsabteilung stammen, verf\u00fcgt GEI \u00fcber ein gewaltiges Lager aus Gitterroste aus Stahl, Edelstahl und GFK (Platten, Matten, Treppenstufen und Blechprofilroste). Jederzeit im Dienst Ihrer Lieferfristen, ist Reaktivit\u00e4t einer unserer bedeutendsten Werte. Infolgedessen k\u00f6nnen Sie auch von unserem Express-Service profitieren: wenn Sie vor 10:00 Uhr bestellen, geht die Lieferung noch am selben Tag an Sie raus. Reaktivit\u00e4t und Verf\u00fcgbarkeit unserer Produkte sowie kurze Lieferzeiten ist unsere t\u00e4gliche Aufgabe, um Ihre vollkommende Zufriedenheit zu garantieren.<\/p>\t\t\t\t\t\t\t\t<\/div>\n\t\t\t\t<\/div>\n\t\t\t\t\t<\/div>\n\t\t<\/div>\n\t\t\t\t<div class=\"elementor-column elementor-col-50 elementor-top-column elementor-element elementor-element-f46dec9\" data-id=\"f46dec9\" data-element_type=\"column\" data-e-type=\"column\">\n\t\t\t<div class=\"elementor-widget-wrap elementor-element-populated\">\n\t\t\t\t\t\t<div class=\"elementor-element elementor-element-d93069d elementor-widget elementor-widget-image\" data-id=\"d93069d\" data-element_type=\"widget\" data-e-type=\"widget\" data-widget_type=\"image.default\">\n\t\t\t\t<div class=\"elementor-widget-container\">\n\t\t\t\t\t\t\t\t\t\t\t\t\t\t\t<img loading=\"lazy\" decoding=\"async\" width=\"244\" height=\"137\" src=\"https:\/\/www.gei-gitterroste.de\/wp-content\/uploads\/2021\/09\/camion-gei.jpg\" class=\"attachment-large size-large wp-image-2401\" alt=\"\" srcset=\"https:\/\/www.gei-gitterroste.de\/wp-content\/uploads\/2021\/09\/camion-gei.jpg 244w, https:\/\/www.gei-gitterroste.de\/wp-content\/uploads\/2021\/09\/camion-gei-150x85.jpg 150w\" sizes=\"(max-width: 244px) 100vw, 244px\" \/>\t\t\t\t\t\t\t\t\t\t\t\t\t\t\t<\/div>\n\t\t\t\t<\/div>\n\t\t\t\t\t<\/div>\n\t\t<\/div>\n\t\t\t\t\t<\/div>\n\t\t<\/section>\n\t\t\t\t<\/div>\n\t\t","protected":false},"excerpt":{"rendered":"<p>GEI, Spezialist von Gitterrosten Spezialist f\u00fcr die Herstellung von Gitterrosten zu sein, bedeutet vorauszudenken GEI ist ein Garant f\u00fcr Qualit\u00e4t und Service. Ein Team erfahrener Fachleute steht Ihnen mit innovativen Ideen zur Seite und betreut Sie vom Entwurf bis hin zur Realisierung Ihrer Projekte. In enger Zusammenarbeit analysieren unsere Vertriebsabteilung und unsere Entwicklungsabteilung Ihre individuellen [&hellip;]<\/p>\n","protected":false},"author":4,"featured_media":0,"parent":0,"menu_order":0,"comment_status":"closed","ping_status":"closed","template":"","meta":{"footnotes":""},"class_list":["post-2395","page","type-page","status-publish","hentry"],"yoast_head":"<!-- This site is optimized with the Yoast SEO plugin v27.3 - https:\/\/yoast.com\/product\/yoast-seo-wordpress\/ -->\n<title>GEI heute - GEI Gitterroste<\/title>\n<meta name=\"robots\" content=\"index, follow, max-snippet:-1, max-image-preview:large, max-video-preview:-1\" \/>\n<link rel=\"canonical\" href=\"https:\/\/www.gei-gitterroste.de\/de\/gei-heute\/\" \/>\n<meta property=\"og:locale\" content=\"de_DE\" \/>\n<meta property=\"og:type\" content=\"article\" \/>\n<meta property=\"og:title\" content=\"GEI heute - GEI Gitterroste\" \/>\n<meta property=\"og:description\" content=\"GEI, Spezialist von Gitterrosten Spezialist f\u00fcr die Herstellung von Gitterrosten zu sein, bedeutet vorauszudenken GEI ist ein Garant f\u00fcr Qualit\u00e4t und Service. Ein Team erfahrener Fachleute steht Ihnen mit innovativen Ideen zur Seite und betreut Sie vom Entwurf bis hin zur Realisierung Ihrer Projekte. In enger Zusammenarbeit analysieren unsere Vertriebsabteilung und unsere Entwicklungsabteilung Ihre individuellen [&hellip;]\" \/>\n<meta property=\"og:url\" content=\"https:\/\/www.gei-gitterroste.de\/de\/gei-heute\/\" \/>\n<meta property=\"og:site_name\" content=\"GEI Gitterroste\" \/>\n<meta property=\"article:modified_time\" content=\"2021-10-19T08:22:50+00:00\" \/>\n<meta property=\"og:image\" content=\"https:\/\/www.gei-gitterroste.de\/wp-content\/uploads\/2021\/09\/header-realisations-gei_0-1024x375.jpg\" \/>\n<meta name=\"twitter:card\" content=\"summary_large_image\" \/>\n<meta name=\"twitter:label1\" content=\"Gesch\u00e4tzte Lesezeit\" \/>\n\t<meta name=\"twitter:data1\" content=\"2\u00a0Minuten\" \/>\n<script type=\"application\/ld+json\" class=\"yoast-schema-graph\">{\"@context\":\"https:\\\/\\\/schema.org\",\"@graph\":[{\"@type\":\"WebPage\",\"@id\":\"https:\\\/\\\/www.gei-gitterroste.de\\\/en\\\/gei-today\\\/\",\"url\":\"https:\\\/\\\/www.gei-gitterroste.de\\\/en\\\/gei-today\\\/\",\"name\":\"GEI heute - GEI Gitterroste\",\"isPartOf\":{\"@id\":\"https:\\\/\\\/www.gei-gitterroste.de\\\/de\\\/#website\"},\"primaryImageOfPage\":{\"@id\":\"https:\\\/\\\/www.gei-gitterroste.de\\\/en\\\/gei-today\\\/#primaryimage\"},\"image\":{\"@id\":\"https:\\\/\\\/www.gei-gitterroste.de\\\/en\\\/gei-today\\\/#primaryimage\"},\"thumbnailUrl\":\"https:\\\/\\\/www.gei-gitterroste.de\\\/wp-content\\\/uploads\\\/2021\\\/09\\\/header-realisations-gei_0-1024x375.jpg\",\"datePublished\":\"2021-09-29T09:38:57+00:00\",\"dateModified\":\"2021-10-19T08:22:50+00:00\",\"breadcrumb\":{\"@id\":\"https:\\\/\\\/www.gei-gitterroste.de\\\/en\\\/gei-today\\\/#breadcrumb\"},\"inLanguage\":\"de\",\"potentialAction\":[{\"@type\":\"ReadAction\",\"target\":[\"https:\\\/\\\/www.gei-gitterroste.de\\\/en\\\/gei-today\\\/\"]}]},{\"@type\":\"ImageObject\",\"inLanguage\":\"de\",\"@id\":\"https:\\\/\\\/www.gei-gitterroste.de\\\/en\\\/gei-today\\\/#primaryimage\",\"url\":\"https:\\\/\\\/www.gei-gitterroste.de\\\/wp-content\\\/uploads\\\/2021\\\/09\\\/header-realisations-gei_0-1024x375.jpg\",\"contentUrl\":\"https:\\\/\\\/www.gei-gitterroste.de\\\/wp-content\\\/uploads\\\/2021\\\/09\\\/header-realisations-gei_0-1024x375.jpg\"},{\"@type\":\"BreadcrumbList\",\"@id\":\"https:\\\/\\\/www.gei-gitterroste.de\\\/en\\\/gei-today\\\/#breadcrumb\",\"itemListElement\":[{\"@type\":\"ListItem\",\"position\":1,\"name\":\"Startseite\",\"item\":\"https:\\\/\\\/www.gei-gitterroste.de\\\/de\\\/\"},{\"@type\":\"ListItem\",\"position\":2,\"name\":\"GEI heute\"}]},{\"@type\":\"WebSite\",\"@id\":\"https:\\\/\\\/www.gei-gitterroste.de\\\/de\\\/#website\",\"url\":\"https:\\\/\\\/www.gei-gitterroste.de\\\/de\\\/\",\"name\":\"GEI Gitterroste\",\"description\":\"\",\"publisher\":{\"@id\":\"https:\\\/\\\/www.gei-gitterroste.de\\\/de\\\/#organization\"},\"potentialAction\":[{\"@type\":\"SearchAction\",\"target\":{\"@type\":\"EntryPoint\",\"urlTemplate\":\"https:\\\/\\\/www.gei-gitterroste.de\\\/de\\\/?s={search_term_string}\"},\"query-input\":{\"@type\":\"PropertyValueSpecification\",\"valueRequired\":true,\"valueName\":\"search_term_string\"}}],\"inLanguage\":\"de\"},{\"@type\":\"Organization\",\"@id\":\"https:\\\/\\\/www.gei-gitterroste.de\\\/de\\\/#organization\",\"name\":\"GEI Gitterroste\",\"url\":\"https:\\\/\\\/www.gei-gitterroste.de\\\/de\\\/\",\"logo\":{\"@type\":\"ImageObject\",\"inLanguage\":\"de\",\"@id\":\"https:\\\/\\\/www.gei-gitterroste.de\\\/de\\\/#\\\/schema\\\/logo\\\/image\\\/\",\"url\":\"https:\\\/\\\/www.gei-gitterroste.de\\\/wp-content\\\/uploads\\\/2021\\\/06\\\/gei_logo-1.svg\",\"contentUrl\":\"https:\\\/\\\/www.gei-gitterroste.de\\\/wp-content\\\/uploads\\\/2021\\\/06\\\/gei_logo-1.svg\",\"width\":580.6,\"height\":215.9,\"caption\":\"GEI Gitterroste\"},\"image\":{\"@id\":\"https:\\\/\\\/www.gei-gitterroste.de\\\/de\\\/#\\\/schema\\\/logo\\\/image\\\/\"}}]}<\/script>\n<!-- \/ Yoast SEO plugin. -->","yoast_head_json":{"title":"GEI heute - GEI Gitterroste","robots":{"index":"index","follow":"follow","max-snippet":"max-snippet:-1","max-image-preview":"max-image-preview:large","max-video-preview":"max-video-preview:-1"},"canonical":"https:\/\/www.gei-gitterroste.de\/de\/gei-heute\/","og_locale":"de_DE","og_type":"article","og_title":"GEI heute - GEI Gitterroste","og_description":"GEI, Spezialist von Gitterrosten Spezialist f\u00fcr die Herstellung von Gitterrosten zu sein, bedeutet vorauszudenken GEI ist ein Garant f\u00fcr Qualit\u00e4t und Service. Ein Team erfahrener Fachleute steht Ihnen mit innovativen Ideen zur Seite und betreut Sie vom Entwurf bis hin zur Realisierung Ihrer Projekte. In enger Zusammenarbeit analysieren unsere Vertriebsabteilung und unsere Entwicklungsabteilung Ihre individuellen [&hellip;]","og_url":"https:\/\/www.gei-gitterroste.de\/de\/gei-heute\/","og_site_name":"GEI Gitterroste","article_modified_time":"2021-10-19T08:22:50+00:00","og_image":[{"url":"https:\/\/www.gei-gitterroste.de\/wp-content\/uploads\/2021\/09\/header-realisations-gei_0-1024x375.jpg","type":"","width":"","height":""}],"twitter_card":"summary_large_image","twitter_misc":{"Gesch\u00e4tzte Lesezeit":"2\u00a0Minuten"},"schema":{"@context":"https:\/\/schema.org","@graph":[{"@type":"WebPage","@id":"https:\/\/www.gei-gitterroste.de\/en\/gei-today\/","url":"https:\/\/www.gei-gitterroste.de\/en\/gei-today\/","name":"GEI heute - GEI Gitterroste","isPartOf":{"@id":"https:\/\/www.gei-gitterroste.de\/de\/#website"},"primaryImageOfPage":{"@id":"https:\/\/www.gei-gitterroste.de\/en\/gei-today\/#primaryimage"},"image":{"@id":"https:\/\/www.gei-gitterroste.de\/en\/gei-today\/#primaryimage"},"thumbnailUrl":"https:\/\/www.gei-gitterroste.de\/wp-content\/uploads\/2021\/09\/header-realisations-gei_0-1024x375.jpg","datePublished":"2021-09-29T09:38:57+00:00","dateModified":"2021-10-19T08:22:50+00:00","breadcrumb":{"@id":"https:\/\/www.gei-gitterroste.de\/en\/gei-today\/#breadcrumb"},"inLanguage":"de","potentialAction":[{"@type":"ReadAction","target":["https:\/\/www.gei-gitterroste.de\/en\/gei-today\/"]}]},{"@type":"ImageObject","inLanguage":"de","@id":"https:\/\/www.gei-gitterroste.de\/en\/gei-today\/#primaryimage","url":"https:\/\/www.gei-gitterroste.de\/wp-content\/uploads\/2021\/09\/header-realisations-gei_0-1024x375.jpg","contentUrl":"https:\/\/www.gei-gitterroste.de\/wp-content\/uploads\/2021\/09\/header-realisations-gei_0-1024x375.jpg"},{"@type":"BreadcrumbList","@id":"https:\/\/www.gei-gitterroste.de\/en\/gei-today\/#breadcrumb","itemListElement":[{"@type":"ListItem","position":1,"name":"Startseite","item":"https:\/\/www.gei-gitterroste.de\/de\/"},{"@type":"ListItem","position":2,"name":"GEI heute"}]},{"@type":"WebSite","@id":"https:\/\/www.gei-gitterroste.de\/de\/#website","url":"https:\/\/www.gei-gitterroste.de\/de\/","name":"GEI Gitterroste","description":"","publisher":{"@id":"https:\/\/www.gei-gitterroste.de\/de\/#organization"},"potentialAction":[{"@type":"SearchAction","target":{"@type":"EntryPoint","urlTemplate":"https:\/\/www.gei-gitterroste.de\/de\/?s={search_term_string}"},"query-input":{"@type":"PropertyValueSpecification","valueRequired":true,"valueName":"search_term_string"}}],"inLanguage":"de"},{"@type":"Organization","@id":"https:\/\/www.gei-gitterroste.de\/de\/#organization","name":"GEI Gitterroste","url":"https:\/\/www.gei-gitterroste.de\/de\/","logo":{"@type":"ImageObject","inLanguage":"de","@id":"https:\/\/www.gei-gitterroste.de\/de\/#\/schema\/logo\/image\/","url":"https:\/\/www.gei-gitterroste.de\/wp-content\/uploads\/2021\/06\/gei_logo-1.svg","contentUrl":"https:\/\/www.gei-gitterroste.de\/wp-content\/uploads\/2021\/06\/gei_logo-1.svg","width":580.6,"height":215.9,"caption":"GEI Gitterroste"},"image":{"@id":"https:\/\/www.gei-gitterroste.de\/de\/#\/schema\/logo\/image\/"}}]}},"_links":{"self":[{"href":"https:\/\/www.gei-gitterroste.de\/de\/wp-json\/wp\/v2\/pages\/2395","targetHints":{"allow":["GET"]}}],"collection":[{"href":"https:\/\/www.gei-gitterroste.de\/de\/wp-json\/wp\/v2\/pages"}],"about":[{"href":"https:\/\/www.gei-gitterroste.de\/de\/wp-json\/wp\/v2\/types\/page"}],"author":[{"embeddable":true,"href":"https:\/\/www.gei-gitterroste.de\/de\/wp-json\/wp\/v2\/users\/4"}],"replies":[{"embeddable":true,"href":"https:\/\/www.gei-gitterroste.de\/de\/wp-json\/wp\/v2\/comments?post=2395"}],"version-history":[{"count":13,"href":"https:\/\/www.gei-gitterroste.de\/de\/wp-json\/wp\/v2\/pages\/2395\/revisions"}],"predecessor-version":[{"id":4021,"href":"https:\/\/www.gei-gitterroste.de\/de\/wp-json\/wp\/v2\/pages\/2395\/revisions\/4021"}],"wp:attachment":[{"href":"https:\/\/www.gei-gitterroste.de\/de\/wp-json\/wp\/v2\/media?parent=2395"}],"curies":[{"name":"wp","href":"https:\/\/api.w.org\/{rel}","templated":true}]}}