{"id":65,"date":"2016-12-19T05:50:27","date_gmt":"2016-12-19T05:50:27","guid":{"rendered":"http:\/\/gei-gitterroste.de.46-4-53-222.vorschau.marketing-thom.de\/logistik\/"},"modified":"2016-12-19T05:50:27","modified_gmt":"2016-12-19T05:50:27","slug":"logistik","status":"publish","type":"page","link":"https:\/\/www.gei-gitterroste.de\/de\/logistik\/","title":{"rendered":"Logistik"},"content":{"rendered":"<div class=\"col-xs-12 col-sm-12 col-md-6\">\n<p>Unsere Logistikabteilung ist t\u00e4glich um schnellstm\u00f6gliche Lieferung und Einhaltung von Lieferfristen oder Terminen bem\u00fcht. Durch den Einsatz moderner EDV-Technologie innerhalb der Online Systemlogistik k\u00f6nnen Sie von \u00fcberall und jederzeit den aktuellen Status ihrer Bestellung abfragen. Bei Fragen zu Ihrem Liefertermin, k\u00f6nnen Sie auch direkt die zust\u00e4ndige Abteilung per E-Mail kontaktieren: termin@gei-gitterroste.de. Wir werden Ihnen in k\u00fcrzester Zeit antworten.&nbsp;<\/p>\n<p>Reaktiv sein und die Verf\u00fcgbarkeit sowie die schnelle Lieferung unserer Produkte zu gew\u00e4hrleisten, ist unsere t\u00e4gliche Herausforderung, um Ihre Anforderungen und Bed\u00fcrfnisse zu Ihrer vollsten Zufriedenheit zu erf\u00fcllen.<\/p>\n<\/div>\n<div class=\"col-xs-12 col-sm-12 col-md-6\"><img fetchpriority=\"high\" decoding=\"async\" class=\" size-full wp-image-20\" alt=\"\" height=\"209\" src=\"https:\/\/www.gei-gitterroste.de\/wp-content\/uploads\/2016\/09\/logistique-gei.jpg\" style=\"width:100%\" width=\"500\" srcset=\"https:\/\/www.gei-gitterroste.de\/wp-content\/uploads\/2016\/09\/logistique-gei.jpg 500w, https:\/\/www.gei-gitterroste.de\/wp-content\/uploads\/2016\/09\/logistique-gei-300x125.jpg 300w, https:\/\/www.gei-gitterroste.de\/wp-content\/uploads\/2016\/09\/logistique-gei-400x167.jpg 400w\" sizes=\"(max-width: 500px) 100vw, 500px\" \/><\/div>\n","protected":false},"excerpt":{"rendered":"<p>Unsere Logistikabteilung ist t\u00e4glich um schnellstm\u00f6gliche Lieferung und Einhaltung von Lieferfristen oder Terminen bem\u00fcht. Durch den Einsatz moderner EDV-Technologie innerhalb der Online Systemlogistik k\u00f6nnen Sie von \u00fcberall und jederzeit den aktuellen Status ihrer Bestellung abfragen. Bei Fragen zu Ihrem Liefertermin, k\u00f6nnen Sie auch direkt die zust\u00e4ndige Abteilung per E-Mail kontaktieren: termin@gei-gitterroste.de. Wir werden Ihnen in [&hellip;]<\/p>\n","protected":false},"author":1,"featured_media":20,"parent":0,"menu_order":0,"comment_status":"closed","ping_status":"closed","template":"","meta":{"footnotes":""},"class_list":["post-65","page","type-page","status-publish","has-post-thumbnail","hentry"],"yoast_head":"<!-- This site is optimized with the Yoast SEO plugin v27.4 - https:\/\/yoast.com\/product\/yoast-seo-wordpress\/ -->\n<title>Logistik - GEI Gitterroste<\/title>\n<meta name=\"robots\" content=\"index, follow, max-snippet:-1, max-image-preview:large, max-video-preview:-1\" \/>\n<link rel=\"canonical\" href=\"https:\/\/www.gei-gitterroste.de\/de\/logistik\/\" \/>\n<meta property=\"og:locale\" content=\"de_DE\" \/>\n<meta property=\"og:type\" content=\"article\" \/>\n<meta property=\"og:title\" content=\"Logistik - GEI Gitterroste\" \/>\n<meta property=\"og:description\" content=\"Unsere Logistikabteilung ist t\u00e4glich um schnellstm\u00f6gliche Lieferung und Einhaltung von Lieferfristen oder Terminen bem\u00fcht. Durch den Einsatz moderner EDV-Technologie innerhalb der Online Systemlogistik k\u00f6nnen Sie von \u00fcberall und jederzeit den aktuellen Status ihrer Bestellung abfragen. Bei Fragen zu Ihrem Liefertermin, k\u00f6nnen Sie auch direkt die zust\u00e4ndige Abteilung per E-Mail kontaktieren: termin@gei-gitterroste.de. Wir werden Ihnen in [&hellip;]\" \/>\n<meta property=\"og:url\" content=\"https:\/\/www.gei-gitterroste.de\/de\/logistik\/\" \/>\n<meta property=\"og:site_name\" content=\"GEI Gitterroste\" \/>\n<meta property=\"og:image\" content=\"https:\/\/www.gei-gitterroste.de\/wp-content\/uploads\/2016\/09\/logistique-gei.jpg\" \/>\n\t<meta property=\"og:image:width\" content=\"500\" \/>\n\t<meta property=\"og:image:height\" content=\"209\" \/>\n\t<meta property=\"og:image:type\" content=\"image\/jpeg\" \/>\n<meta name=\"twitter:card\" content=\"summary_large_image\" \/>\n<meta name=\"twitter:label1\" content=\"Gesch\u00e4tzte Lesezeit\" \/>\n\t<meta name=\"twitter:data1\" content=\"1\u00a0Minute\" \/>\n<script type=\"application\/ld+json\" class=\"yoast-schema-graph\">{\"@context\":\"https:\\\/\\\/schema.org\",\"@graph\":[{\"@type\":\"WebPage\",\"@id\":\"https:\\\/\\\/www.gei-gitterroste.de\\\/en\\\/logistik\\\/\",\"url\":\"https:\\\/\\\/www.gei-gitterroste.de\\\/en\\\/logistik\\\/\",\"name\":\"Logistik - GEI Gitterroste\",\"isPartOf\":{\"@id\":\"https:\\\/\\\/www.gei-gitterroste.de\\\/de\\\/#website\"},\"primaryImageOfPage\":{\"@id\":\"https:\\\/\\\/www.gei-gitterroste.de\\\/en\\\/logistik\\\/#primaryimage\"},\"image\":{\"@id\":\"https:\\\/\\\/www.gei-gitterroste.de\\\/en\\\/logistik\\\/#primaryimage\"},\"thumbnailUrl\":\"https:\\\/\\\/www.gei-gitterroste.de\\\/wp-content\\\/uploads\\\/2016\\\/09\\\/logistique-gei.jpg\",\"datePublished\":\"2016-12-19T05:50:27+00:00\",\"breadcrumb\":{\"@id\":\"https:\\\/\\\/www.gei-gitterroste.de\\\/en\\\/logistik\\\/#breadcrumb\"},\"inLanguage\":\"de\",\"potentialAction\":[{\"@type\":\"ReadAction\",\"target\":[\"https:\\\/\\\/www.gei-gitterroste.de\\\/en\\\/logistik\\\/\"]}]},{\"@type\":\"ImageObject\",\"inLanguage\":\"de\",\"@id\":\"https:\\\/\\\/www.gei-gitterroste.de\\\/en\\\/logistik\\\/#primaryimage\",\"url\":\"https:\\\/\\\/www.gei-gitterroste.de\\\/wp-content\\\/uploads\\\/2016\\\/09\\\/logistique-gei.jpg\",\"contentUrl\":\"https:\\\/\\\/www.gei-gitterroste.de\\\/wp-content\\\/uploads\\\/2016\\\/09\\\/logistique-gei.jpg\",\"width\":500,\"height\":209},{\"@type\":\"BreadcrumbList\",\"@id\":\"https:\\\/\\\/www.gei-gitterroste.de\\\/en\\\/logistik\\\/#breadcrumb\",\"itemListElement\":[{\"@type\":\"ListItem\",\"position\":1,\"name\":\"Startseite\",\"item\":\"https:\\\/\\\/www.gei-gitterroste.de\\\/de\\\/\"},{\"@type\":\"ListItem\",\"position\":2,\"name\":\"Logistik\"}]},{\"@type\":\"WebSite\",\"@id\":\"https:\\\/\\\/www.gei-gitterroste.de\\\/de\\\/#website\",\"url\":\"https:\\\/\\\/www.gei-gitterroste.de\\\/de\\\/\",\"name\":\"GEI Gitterroste\",\"description\":\"\",\"publisher\":{\"@id\":\"https:\\\/\\\/www.gei-gitterroste.de\\\/de\\\/#organization\"},\"potentialAction\":[{\"@type\":\"SearchAction\",\"target\":{\"@type\":\"EntryPoint\",\"urlTemplate\":\"https:\\\/\\\/www.gei-gitterroste.de\\\/de\\\/?s={search_term_string}\"},\"query-input\":{\"@type\":\"PropertyValueSpecification\",\"valueRequired\":true,\"valueName\":\"search_term_string\"}}],\"inLanguage\":\"de\"},{\"@type\":\"Organization\",\"@id\":\"https:\\\/\\\/www.gei-gitterroste.de\\\/de\\\/#organization\",\"name\":\"GEI Gitterroste\",\"url\":\"https:\\\/\\\/www.gei-gitterroste.de\\\/de\\\/\",\"logo\":{\"@type\":\"ImageObject\",\"inLanguage\":\"de\",\"@id\":\"https:\\\/\\\/www.gei-gitterroste.de\\\/de\\\/#\\\/schema\\\/logo\\\/image\\\/\",\"url\":\"https:\\\/\\\/www.gei-gitterroste.de\\\/wp-content\\\/uploads\\\/2021\\\/06\\\/gei_logo-1.svg\",\"contentUrl\":\"https:\\\/\\\/www.gei-gitterroste.de\\\/wp-content\\\/uploads\\\/2021\\\/06\\\/gei_logo-1.svg\",\"width\":580.6,\"height\":215.9,\"caption\":\"GEI Gitterroste\"},\"image\":{\"@id\":\"https:\\\/\\\/www.gei-gitterroste.de\\\/de\\\/#\\\/schema\\\/logo\\\/image\\\/\"}}]}<\/script>\n<!-- \/ Yoast SEO plugin. -->","yoast_head_json":{"title":"Logistik - GEI Gitterroste","robots":{"index":"index","follow":"follow","max-snippet":"max-snippet:-1","max-image-preview":"max-image-preview:large","max-video-preview":"max-video-preview:-1"},"canonical":"https:\/\/www.gei-gitterroste.de\/de\/logistik\/","og_locale":"de_DE","og_type":"article","og_title":"Logistik - GEI Gitterroste","og_description":"Unsere Logistikabteilung ist t\u00e4glich um schnellstm\u00f6gliche Lieferung und Einhaltung von Lieferfristen oder Terminen bem\u00fcht. Durch den Einsatz moderner EDV-Technologie innerhalb der Online Systemlogistik k\u00f6nnen Sie von \u00fcberall und jederzeit den aktuellen Status ihrer Bestellung abfragen. Bei Fragen zu Ihrem Liefertermin, k\u00f6nnen Sie auch direkt die zust\u00e4ndige Abteilung per E-Mail kontaktieren: termin@gei-gitterroste.de. Wir werden Ihnen in [&hellip;]","og_url":"https:\/\/www.gei-gitterroste.de\/de\/logistik\/","og_site_name":"GEI Gitterroste","og_image":[{"width":500,"height":209,"url":"https:\/\/www.gei-gitterroste.de\/wp-content\/uploads\/2016\/09\/logistique-gei.jpg","type":"image\/jpeg"}],"twitter_card":"summary_large_image","twitter_misc":{"Gesch\u00e4tzte Lesezeit":"1\u00a0Minute"},"schema":{"@context":"https:\/\/schema.org","@graph":[{"@type":"WebPage","@id":"https:\/\/www.gei-gitterroste.de\/en\/logistik\/","url":"https:\/\/www.gei-gitterroste.de\/en\/logistik\/","name":"Logistik - GEI Gitterroste","isPartOf":{"@id":"https:\/\/www.gei-gitterroste.de\/de\/#website"},"primaryImageOfPage":{"@id":"https:\/\/www.gei-gitterroste.de\/en\/logistik\/#primaryimage"},"image":{"@id":"https:\/\/www.gei-gitterroste.de\/en\/logistik\/#primaryimage"},"thumbnailUrl":"https:\/\/www.gei-gitterroste.de\/wp-content\/uploads\/2016\/09\/logistique-gei.jpg","datePublished":"2016-12-19T05:50:27+00:00","breadcrumb":{"@id":"https:\/\/www.gei-gitterroste.de\/en\/logistik\/#breadcrumb"},"inLanguage":"de","potentialAction":[{"@type":"ReadAction","target":["https:\/\/www.gei-gitterroste.de\/en\/logistik\/"]}]},{"@type":"ImageObject","inLanguage":"de","@id":"https:\/\/www.gei-gitterroste.de\/en\/logistik\/#primaryimage","url":"https:\/\/www.gei-gitterroste.de\/wp-content\/uploads\/2016\/09\/logistique-gei.jpg","contentUrl":"https:\/\/www.gei-gitterroste.de\/wp-content\/uploads\/2016\/09\/logistique-gei.jpg","width":500,"height":209},{"@type":"BreadcrumbList","@id":"https:\/\/www.gei-gitterroste.de\/en\/logistik\/#breadcrumb","itemListElement":[{"@type":"ListItem","position":1,"name":"Startseite","item":"https:\/\/www.gei-gitterroste.de\/de\/"},{"@type":"ListItem","position":2,"name":"Logistik"}]},{"@type":"WebSite","@id":"https:\/\/www.gei-gitterroste.de\/de\/#website","url":"https:\/\/www.gei-gitterroste.de\/de\/","name":"GEI Gitterroste","description":"","publisher":{"@id":"https:\/\/www.gei-gitterroste.de\/de\/#organization"},"potentialAction":[{"@type":"SearchAction","target":{"@type":"EntryPoint","urlTemplate":"https:\/\/www.gei-gitterroste.de\/de\/?s={search_term_string}"},"query-input":{"@type":"PropertyValueSpecification","valueRequired":true,"valueName":"search_term_string"}}],"inLanguage":"de"},{"@type":"Organization","@id":"https:\/\/www.gei-gitterroste.de\/de\/#organization","name":"GEI Gitterroste","url":"https:\/\/www.gei-gitterroste.de\/de\/","logo":{"@type":"ImageObject","inLanguage":"de","@id":"https:\/\/www.gei-gitterroste.de\/de\/#\/schema\/logo\/image\/","url":"https:\/\/www.gei-gitterroste.de\/wp-content\/uploads\/2021\/06\/gei_logo-1.svg","contentUrl":"https:\/\/www.gei-gitterroste.de\/wp-content\/uploads\/2021\/06\/gei_logo-1.svg","width":580.6,"height":215.9,"caption":"GEI Gitterroste"},"image":{"@id":"https:\/\/www.gei-gitterroste.de\/de\/#\/schema\/logo\/image\/"}}]}},"_links":{"self":[{"href":"https:\/\/www.gei-gitterroste.de\/de\/wp-json\/wp\/v2\/pages\/65","targetHints":{"allow":["GET"]}}],"collection":[{"href":"https:\/\/www.gei-gitterroste.de\/de\/wp-json\/wp\/v2\/pages"}],"about":[{"href":"https:\/\/www.gei-gitterroste.de\/de\/wp-json\/wp\/v2\/types\/page"}],"author":[{"embeddable":true,"href":"https:\/\/www.gei-gitterroste.de\/de\/wp-json\/wp\/v2\/users\/1"}],"replies":[{"embeddable":true,"href":"https:\/\/www.gei-gitterroste.de\/de\/wp-json\/wp\/v2\/comments?post=65"}],"version-history":[{"count":0,"href":"https:\/\/www.gei-gitterroste.de\/de\/wp-json\/wp\/v2\/pages\/65\/revisions"}],"wp:featuredmedia":[{"embeddable":true,"href":"https:\/\/www.gei-gitterroste.de\/de\/wp-json\/wp\/v2\/media\/20"}],"wp:attachment":[{"href":"https:\/\/www.gei-gitterroste.de\/de\/wp-json\/wp\/v2\/media?parent=65"}],"curies":[{"name":"wp","href":"https:\/\/api.w.org\/{rel}","templated":true}]}}