{"id":75,"date":"2017-01-24T08:51:57","date_gmt":"2017-01-24T08:51:57","guid":{"rendered":"http:\/\/gei-gitterroste.de.46-4-53-222.vorschau.marketing-thom.de\/impressum-disclaimer\/"},"modified":"2017-01-24T08:51:57","modified_gmt":"2017-01-24T08:51:57","slug":"impressum-disclaimer","status":"publish","type":"page","link":"https:\/\/www.gei-gitterroste.de\/de\/impressum-disclaimer\/","title":{"rendered":"Impressum &#8211; Disclaimer"},"content":{"rendered":"<h2>1. PR\u00c4SENTATION DER WEBSITE.<\/h2>\n<ul>\n<li><strong>Eigent\u00fcmer:<\/strong> G.E.I. Deutschland GmbH &#8211; Kapellenstra\u00dfe 18 D-66271 Kleinblittersdorf <\/li>\n<li><strong>Gesetzlicher Vertreter:<\/strong> Herr Jean-Jacques Koch<\/li>\n<li><strong>Telefonnummer :<\/strong> +49 (0)68 05 \/ 91 39 25-0<\/li>\n<li><strong>E-Mail-Adresse :<\/strong> gei@gei-gitterroste.de<\/li>\n<li><strong>Umsatzsteuer-Identifikationsnummer :<\/strong> DE815670056 <\/li>\n<li><strong>Grundkapital :<\/strong> 25 000 EUR <\/li>\n<li><strong>Handels- und Firmenverzeichnis :<\/strong> Amstgericht Saarbr\u00fccken HRB 103676<\/li>\n<li><strong>Verantwortlich f\u00fcr die Publikation :<\/strong> Herr Jean-Jacques Koch <\/li>\n<li><strong>Gestaltung der Website:<\/strong> <a href=\"https:\/\/www.popup-studio.fr\" title=\"Cr\u00e9ation de site internet\">Popup Studio<\/a><\/li>\n<li><strong>Technische Gestaltung der Website :<\/strong> <a href=\"https:\/\/www.megento.fr\" title=\"Drupal Expert\">Megento &#8211; Drupal Expert<\/a><\/li>\n<li><strong>Hosting :<\/strong> CONCEPT INFOS &#8211; 2 route de Remich \/ L-5690 Ellange<\/li>\n<\/ul>\n<h2 style=\"padding-top:15px;\">2. ALLGEMEINE NUTZUNGSBEDINGUNGEN F\u00dcR DIE WEBSITE UND DIE ANGEBOTENEN DIENSTE.<\/h2>\n<p>Die Nutzung der Website www.gei-gitterroste.de setzt die volle und vorbehaltlose Akzeptanz der nachfolgend angef\u00fchrten allgemeinen Nutzungsbedingungen voraus. Diese Nutzungsbedingungen k\u00f6nnen jederzeit ge\u00e4ndert oder erg\u00e4nzt werden. Deshalb wird den Nutzern der Website www.gei-gitterroste.de geraten, sie regelm\u00e4\u00dfig einzusehen. <br \/>\nNormalerweise ist diese Website jederzeit f\u00fcr Nutzer zug\u00e4nglich. Es liegt jedoch im Ermessen von GEI, den Zugang wegen Wartungsarbeiten vor\u00fcbergehend zu unterbrechen. In diesem Fall wird GEI sich bem\u00fchen, den Nutzern vorher Datum und Uhrzeit der Nichterreichbarkeit bekanntzugeben.<br \/>\nDie Website www.gei-gitterroste.de wird von Herr Jean-Jacques Koch regelm\u00e4\u00dfig aktualisiert. Ebenso k\u00f6nnen die Nutzungsbedingungen jederzeit ge\u00e4ndert werden. Deshalb empfehlen wir unseren Nutzern, sie so oft wie m\u00f6glich einzusehen, um Kenntnis von \u00c4nderungen zu erlangen.<\/p>\n<h2 style=\"padding-top:15px;\">3. BESCHREIBUNG DER DIENSTLEISTUNGEN.<\/h2>\n<p>Die Website www.gei-gitterroste.de dient dazu, \u00fcber s\u00e4mtliche Aktivit\u00e4ten des Unternehmens zu informieren.<\/p>\n<p>GEI ist bem\u00fcht, auf der Website www.gei-gitterroste.de m\u00f6glichst pr\u00e4zise Informationen bereitzustellen. Wir \u00fcbernehmen jedoch keine Haftung f\u00fcr Weglassungen, Ungenauigkeiten oder Unzul\u00e4nglichkeiten von Aktualisierungen, egal, ob es sich dabei um selbst zur Verf\u00fcgung gestellte Informationen oder um von Partnern oder Dritten gelieferte Informationen handelt. <\/p>\n<p>S\u00e4mtliche auf der Website www.gei-gitterroste.de angegebenen Daten sind nur als Richtwerte zu betrachten, da sie sich \u00e4ndern k\u00f6nnen. Ferner sind die auf der Website www.gei-gitterroste.de dargestellten Informationen weder umfassend noch ersch\u00f6pfend. Sie sind vorbehaltlich von \u00c4nderungen angegeben, die m\u00f6glicherweise seit ihrer Online-Stellung vorgenommen worden sind.<\/p>\n<h2 style=\"padding-top:15px;\">4. VERTRAGLICHE BESCHR\u00c4NKUNGEN IN BEZUG AUF TECHNISCHER DATEN.<\/h2>\n<p>Die Website nutzt JavaScript. Die Internetseite kann nicht f\u00fcr Sachsch\u00e4den im Zusammenhang mit ihrer Nutzung verantwortlich gemacht werden. Zudem verpflichtet sich der Nutzer der Website, f\u00fcr den Zugriff eine virenfreien Ausr\u00fcstung auf neuestem technischen Stand zu verwenden, die mit einem Browser der j\u00fcngsten Generation ausgestattet ist.<\/p>\n<h2 style=\"padding-top:15px;\">5. GEISTIGES EIGENTUM \/ URHEBERRECHT.<\/h2>\n<p>GEI ist Inhaberin der geistigen Eigentumsrechte oder h\u00e4lt die Nutzungsrechte an allen auf der Website zug\u00e4nglichen Elementen, insbesondere Texten, Bildern, Graphiken, Logo, Symbolen, Tonmaterial, Software.<\/p>\n<p>Jegliche teilweise oder vollst\u00e4ndige Reproduktion, Darstellung, \u00c4nderung, Ver\u00f6ffentlichung oder Anpassung der Elemente der Website, mit welchen Mitteln oder Verfahren auch immer, ist untersagt, sofern nicht eine vorherige schriftliche Genehmigung durch GEI erteilt wurde.<\/p>\n<p>Jede unerlaubte Nutzung der Website oder irgendeines der Elemente, die sie enth\u00e4lt, wird als Verletzung betrachtet und strafrechtlich verfolgt.<\/p>\n<h2 style=\"padding-top:15px;\">6. HAFTUNGSBESCHR\u00c4NKUNGEN.<\/h2>\n<p>GEI kann weder f\u00fcr unmittelbare Sch\u00e4den noch f\u00fcr Folgesch\u00e4den haftbar gemacht werden, die bei einem Zugriff auf die Website GEI an der Ausr\u00fcstung des Benutzers entstehen und entweder auf die Verwendung einer Ausr\u00fcstung, die nicht der unter Punkt 4 angegebenen Spezifikation entspricht, oder auf das Auftreten eines Fehlers oder einer Inkompatibilit\u00e4t zur\u00fcckzuf\u00fchren sind. Auch kann GEI nicht f\u00fcr indirekte Sch\u00e4den (wie zum Beispiel Einbu\u00dfe von Marktanteilen oder Verlust einer Chance) infolge einer Nutzung der Website www.gei-gitterroste.de haftbar gemacht werden. <\/p>\n<p>Die Nutzer haben die M\u00f6glichkeit, \u00fcber den Kontakt-Bereich Fragen zu stellen. GEI beh\u00e4lt sich das Recht vor, Inhalte, die in diesem Bereich hinterlegt werden und den luxemburgischen Gesetzen, insbesondere den Datenschutzbestimmungen, widersprechen, ohne Vorank\u00fcndigung zu l\u00f6schen. Au\u00dferdem beh\u00e4lt sich GEI vor, ggf. den Nutzer zivilrechtlich oder strafrechtlich zu verfolgen, insbesondere bei rassistischen, beleidigenden, diffamierenden oder pornografischen Mitteilungen, unabh\u00e4ngig von den verwendeten Mitteln (Text, Fotografie usw.).<\/p>\n<h2 style=\"padding-top:15px;\">7. UMGANG MIT PERSONENBEZOGENEN DATEN.<\/h2>\n<p>Von einem Nutzer der Website www.gei-gitterroste.de k\u00f6nnen folgende Informationen erfasst werden : URL der Weblinks, \u00fcber die der Nutzer auf die Website www.gei-gitterroste.de zugreift, Internet Service Provider des Nutzers, IP-Adresse des Nutzers.<\/p>\n<p>Auf jeden Fall erfasst GEI personenbezogenen Daten eines Nutzers nur f\u00fcr die Dienstleistungen, die \u00fcber die Website www.gei-gitterroste.de angeboten werden. Der Nutzer gibt diese Daten wissentlich Preis, insbesondere wenn er selbst ihre Eingabe vornimmt. Es wird darauf hingewiesen, dass es einem Nutzer der Website www.gei-gitterroste.de freisteht, ob er diese Informationen liefert oder nicht.<\/p>\n<p>Jeder Nutzer hat das Recht, auf seine pers\u00f6nlichen Daten zuzugreifen, diese zu berichtigen oder zu widerrufen. Daf\u00fcr ist ein eigenh\u00e4ndig unterschriebener schriftlicher Antrag unter Beif\u00fcgung einer Kopie eines Identit\u00e4tsnachweises, das ebenfalls die Unterschrift tr\u00e4gt, und Angabe der Anschrift, an welche die Antwort \u00fcbermittelt werden soll, zu stellen. <\/p>\n<p>Es werden keine personenbezogenen Daten der Nutzer der Website www.gei-gitterroste.de ohne Wissen des jeweiligen Nutzers ver\u00f6ffentlicht, noch mit Dritten ausgetauscht, Dritten \u00fcberlassen oder verkauft. Nur eine Ver\u00e4u\u00dferung der Firma GEI und ihrer Rechte rechtfertigt die \u00dcbermittlung dieser Informationen an den eventuellen K\u00e4ufer, der seinerseits hinsichtlich des Umgangs mit den Daten der Nutzer der Website www.gei-gitterroste.de den gleichen Verpflichtungen unterliegt.<\/p>\n<h2 style=\"padding-top:15px;\">8. HYPERTEXT-LINKS UND COOKIES.<\/h2>\n<p>Die Website www.gei-gitterroste.de enth\u00e4lt etliche Hypertext-Links zu anderen Websites, die nach Erhalt der Genehmigung durch GEI eingerichtet wurden. GEI ist es jedoch nicht m\u00f6glich, den Inhalt der Seiten zu pr\u00fcfen, die \u00fcber diese Links aufgerufen werden. Aufgrund dieser Tatsache \u00fcbernimmt GEI keinerlei Verantwortung f\u00fcr deren Inhalt. <\/p>\n<p>Die Navigation auf der Website www.gei-gitterroste.de kann eine Installation von Cookies auf dem Computer des Nutzers zur Folge haben. Ein Cookie ist eine kleine Datei, die keine Identifizierung des Nutzers erm\u00f6glicht, in der jedoch Daten \u00fcber die mit dem jeweiligen Computer ausgef\u00fchrte Navigation gespeichert werden. Diese Daten sollen Ihre Navigation auf der Website erleichtern. Dar\u00fcber hinaus erm\u00f6glichen sie verschiedene Ma\u00dfnahmen zur Erh\u00f6hung der Besucherzahlen. <\/p>\n<p>Wenn keine Cookies zugelassen werden, kann es dazu kommen, dass auf bestimmte Dienste nicht zugegriffen werden kann. Der Nutzer hat die M\u00f6glichkeit, seinen Browser so zu konfigurieren, dass die Speicherung von Cookies unterbunden wird. Dazu muss er wie folgt vorgehen :<\/p>\n<ul>\n<li>Internet Explorer : \u201eExtras\u201c (Piktogramm in Form eines Zahnrades rechts oben) \/ \u201eInternetoptionen\u201c. Auf \u201eDatenschutz\u201c klicken und die entsprechende Option (versionsabh\u00e4ngig) zum Blockieren aller Cookies ausw\u00e4hlen. Mit OK best\u00e4tigen.<\/li>\n<li>Firefox : Oben im Browserfenster auf die Schaltfl\u00e4che Men\u00fc \u00f6ffnen klicken, dann Einstellungen ausw\u00e4hlen. Den Tab Datenschutz anklicken. Die Verfolgung von Nutzeraktivit\u00e4ten wie gew\u00fcnscht konfigurieren. Das Anlegen einer Chronik deaktivieren.<\/li>\n<li>Safari : Rechts oben im Browser auf die Schaltfl\u00e4che Men\u00fc (Zahnradsymbol) klicken. Einstellungen ausw\u00e4hlen. Es erscheint ein Men\u00fc, in dem ebenfalls Einstellungen auszuw\u00e4hlen ist. Im n\u00e4chsten Fenster auf den Tab Datenschutz klicken. Um die Cookies zu deaktivieren, beim Punkt Cookies blockieren einen Haken vor den Eintrag immer setzen.<\/li>\n<li>Chrome : Rechts oben im Browser auf die Schaltfl\u00e4che Men\u00fc (durch drei horizontale Linien symbolisiert) klicken. Einstellungen ausw\u00e4hlen. Auf Erweiterte Einstellungen ganz unten klicken. Es erscheint der Punkt Datenschutz mit der Schaltfl\u00e4che Inhaltseinstellungen. Darauf klicken. Durch Ausw\u00e4hlen von Speicherung von Daten f\u00fcr alle Websites blockieren lassen sich s\u00e4mtliche Cookies blockieren.<\/li>\n<\/ul>\n<h2 style=\"padding-top:15px;\">9. ANWENDBARES RECHT UND GERICHTSSTAND.<\/h2>\n<p>Streitigkeiten im Zusammenhang mit der Nutzung der Website www.gei-gitterroste.de unterliegen dem deutschen Recht. Es sind ausschlie\u00dflich die Gerichte von Saarbr\u00fccken zust\u00e4ndig.<\/p>\n<h2 style=\"padding-top:15px;\">10. GLOSSAR.<\/h2>\n<p>Nutzer : Internetnutzer, der die oben genannte Website nutzt. <br \/>\nPersonenbezogene Daten : \u201eDaten, die in welcher Form auch immer, direkt oder indirekt, die Identifizierung einer nat\u00fcrliche Person, auf die sie sich beziehen, gestatten\u201c.<\/p>\n","protected":false},"excerpt":{"rendered":"<p>1. PR\u00c4SENTATION DER WEBSITE. Eigent\u00fcmer: G.E.I. Deutschland GmbH &#8211; Kapellenstra\u00dfe 18 D-66271 Kleinblittersdorf Gesetzlicher Vertreter: Herr Jean-Jacques Koch Telefonnummer : +49 (0)68 05 \/ 91 39 25-0 E-Mail-Adresse : gei@gei-gitterroste.de Umsatzsteuer-Identifikationsnummer : DE815670056 Grundkapital : 25 000 EUR Handels- und Firmenverzeichnis : Amstgericht Saarbr\u00fccken HRB 103676 Verantwortlich f\u00fcr die Publikation : Herr Jean-Jacques Koch Gestaltung [&hellip;]<\/p>\n","protected":false},"author":1,"featured_media":0,"parent":0,"menu_order":0,"comment_status":"closed","ping_status":"closed","template":"","meta":{"footnotes":""},"class_list":["post-75","page","type-page","status-publish","hentry"],"yoast_head":"<!-- This site is optimized with the Yoast SEO plugin v27.4 - https:\/\/yoast.com\/product\/yoast-seo-wordpress\/ -->\n<title>Impressum - Disclaimer - GEI Gitterroste<\/title>\n<meta name=\"robots\" content=\"index, follow, max-snippet:-1, max-image-preview:large, max-video-preview:-1\" \/>\n<link rel=\"canonical\" href=\"https:\/\/www.gei-gitterroste.de\/de\/impressum-disclaimer\/\" \/>\n<meta property=\"og:locale\" content=\"de_DE\" \/>\n<meta property=\"og:type\" content=\"article\" \/>\n<meta property=\"og:title\" content=\"Impressum - Disclaimer - GEI Gitterroste\" \/>\n<meta property=\"og:description\" content=\"1. PR\u00c4SENTATION DER WEBSITE. Eigent\u00fcmer: G.E.I. Deutschland GmbH &#8211; Kapellenstra\u00dfe 18 D-66271 Kleinblittersdorf Gesetzlicher Vertreter: Herr Jean-Jacques Koch Telefonnummer : +49 (0)68 05 \/ 91 39 25-0 E-Mail-Adresse : gei@gei-gitterroste.de Umsatzsteuer-Identifikationsnummer : DE815670056 Grundkapital : 25 000 EUR Handels- und Firmenverzeichnis : Amstgericht Saarbr\u00fccken HRB 103676 Verantwortlich f\u00fcr die Publikation : Herr Jean-Jacques Koch Gestaltung [&hellip;]\" \/>\n<meta property=\"og:url\" content=\"https:\/\/www.gei-gitterroste.de\/de\/impressum-disclaimer\/\" \/>\n<meta property=\"og:site_name\" content=\"GEI Gitterroste\" \/>\n<meta name=\"twitter:card\" content=\"summary_large_image\" \/>\n<meta name=\"twitter:label1\" content=\"Gesch\u00e4tzte Lesezeit\" \/>\n\t<meta name=\"twitter:data1\" content=\"6\u00a0Minuten\" \/>\n<script type=\"application\/ld+json\" class=\"yoast-schema-graph\">{\"@context\":\"https:\\\/\\\/schema.org\",\"@graph\":[{\"@type\":\"WebPage\",\"@id\":\"https:\\\/\\\/www.gei-gitterroste.de\\\/en\\\/impressum-disclaimer\\\/\",\"url\":\"https:\\\/\\\/www.gei-gitterroste.de\\\/en\\\/impressum-disclaimer\\\/\",\"name\":\"Impressum - Disclaimer - GEI Gitterroste\",\"isPartOf\":{\"@id\":\"https:\\\/\\\/www.gei-gitterroste.de\\\/de\\\/#website\"},\"datePublished\":\"2017-01-24T08:51:57+00:00\",\"breadcrumb\":{\"@id\":\"https:\\\/\\\/www.gei-gitterroste.de\\\/en\\\/impressum-disclaimer\\\/#breadcrumb\"},\"inLanguage\":\"de\",\"potentialAction\":[{\"@type\":\"ReadAction\",\"target\":[\"https:\\\/\\\/www.gei-gitterroste.de\\\/en\\\/impressum-disclaimer\\\/\"]}]},{\"@type\":\"BreadcrumbList\",\"@id\":\"https:\\\/\\\/www.gei-gitterroste.de\\\/en\\\/impressum-disclaimer\\\/#breadcrumb\",\"itemListElement\":[{\"@type\":\"ListItem\",\"position\":1,\"name\":\"Startseite\",\"item\":\"https:\\\/\\\/www.gei-gitterroste.de\\\/de\\\/\"},{\"@type\":\"ListItem\",\"position\":2,\"name\":\"Impressum &#8211; Disclaimer\"}]},{\"@type\":\"WebSite\",\"@id\":\"https:\\\/\\\/www.gei-gitterroste.de\\\/de\\\/#website\",\"url\":\"https:\\\/\\\/www.gei-gitterroste.de\\\/de\\\/\",\"name\":\"GEI Gitterroste\",\"description\":\"\",\"publisher\":{\"@id\":\"https:\\\/\\\/www.gei-gitterroste.de\\\/de\\\/#organization\"},\"potentialAction\":[{\"@type\":\"SearchAction\",\"target\":{\"@type\":\"EntryPoint\",\"urlTemplate\":\"https:\\\/\\\/www.gei-gitterroste.de\\\/de\\\/?s={search_term_string}\"},\"query-input\":{\"@type\":\"PropertyValueSpecification\",\"valueRequired\":true,\"valueName\":\"search_term_string\"}}],\"inLanguage\":\"de\"},{\"@type\":\"Organization\",\"@id\":\"https:\\\/\\\/www.gei-gitterroste.de\\\/de\\\/#organization\",\"name\":\"GEI Gitterroste\",\"url\":\"https:\\\/\\\/www.gei-gitterroste.de\\\/de\\\/\",\"logo\":{\"@type\":\"ImageObject\",\"inLanguage\":\"de\",\"@id\":\"https:\\\/\\\/www.gei-gitterroste.de\\\/de\\\/#\\\/schema\\\/logo\\\/image\\\/\",\"url\":\"https:\\\/\\\/www.gei-gitterroste.de\\\/wp-content\\\/uploads\\\/2021\\\/06\\\/gei_logo-1.svg\",\"contentUrl\":\"https:\\\/\\\/www.gei-gitterroste.de\\\/wp-content\\\/uploads\\\/2021\\\/06\\\/gei_logo-1.svg\",\"width\":580.6,\"height\":215.9,\"caption\":\"GEI Gitterroste\"},\"image\":{\"@id\":\"https:\\\/\\\/www.gei-gitterroste.de\\\/de\\\/#\\\/schema\\\/logo\\\/image\\\/\"}}]}<\/script>\n<!-- \/ Yoast SEO plugin. -->","yoast_head_json":{"title":"Impressum - Disclaimer - GEI Gitterroste","robots":{"index":"index","follow":"follow","max-snippet":"max-snippet:-1","max-image-preview":"max-image-preview:large","max-video-preview":"max-video-preview:-1"},"canonical":"https:\/\/www.gei-gitterroste.de\/de\/impressum-disclaimer\/","og_locale":"de_DE","og_type":"article","og_title":"Impressum - Disclaimer - GEI Gitterroste","og_description":"1. PR\u00c4SENTATION DER WEBSITE. Eigent\u00fcmer: G.E.I. Deutschland GmbH &#8211; Kapellenstra\u00dfe 18 D-66271 Kleinblittersdorf Gesetzlicher Vertreter: Herr Jean-Jacques Koch Telefonnummer : +49 (0)68 05 \/ 91 39 25-0 E-Mail-Adresse : gei@gei-gitterroste.de Umsatzsteuer-Identifikationsnummer : DE815670056 Grundkapital : 25 000 EUR Handels- und Firmenverzeichnis : Amstgericht Saarbr\u00fccken HRB 103676 Verantwortlich f\u00fcr die Publikation : Herr Jean-Jacques Koch Gestaltung [&hellip;]","og_url":"https:\/\/www.gei-gitterroste.de\/de\/impressum-disclaimer\/","og_site_name":"GEI Gitterroste","twitter_card":"summary_large_image","twitter_misc":{"Gesch\u00e4tzte Lesezeit":"6\u00a0Minuten"},"schema":{"@context":"https:\/\/schema.org","@graph":[{"@type":"WebPage","@id":"https:\/\/www.gei-gitterroste.de\/en\/impressum-disclaimer\/","url":"https:\/\/www.gei-gitterroste.de\/en\/impressum-disclaimer\/","name":"Impressum - Disclaimer - GEI Gitterroste","isPartOf":{"@id":"https:\/\/www.gei-gitterroste.de\/de\/#website"},"datePublished":"2017-01-24T08:51:57+00:00","breadcrumb":{"@id":"https:\/\/www.gei-gitterroste.de\/en\/impressum-disclaimer\/#breadcrumb"},"inLanguage":"de","potentialAction":[{"@type":"ReadAction","target":["https:\/\/www.gei-gitterroste.de\/en\/impressum-disclaimer\/"]}]},{"@type":"BreadcrumbList","@id":"https:\/\/www.gei-gitterroste.de\/en\/impressum-disclaimer\/#breadcrumb","itemListElement":[{"@type":"ListItem","position":1,"name":"Startseite","item":"https:\/\/www.gei-gitterroste.de\/de\/"},{"@type":"ListItem","position":2,"name":"Impressum &#8211; Disclaimer"}]},{"@type":"WebSite","@id":"https:\/\/www.gei-gitterroste.de\/de\/#website","url":"https:\/\/www.gei-gitterroste.de\/de\/","name":"GEI Gitterroste","description":"","publisher":{"@id":"https:\/\/www.gei-gitterroste.de\/de\/#organization"},"potentialAction":[{"@type":"SearchAction","target":{"@type":"EntryPoint","urlTemplate":"https:\/\/www.gei-gitterroste.de\/de\/?s={search_term_string}"},"query-input":{"@type":"PropertyValueSpecification","valueRequired":true,"valueName":"search_term_string"}}],"inLanguage":"de"},{"@type":"Organization","@id":"https:\/\/www.gei-gitterroste.de\/de\/#organization","name":"GEI Gitterroste","url":"https:\/\/www.gei-gitterroste.de\/de\/","logo":{"@type":"ImageObject","inLanguage":"de","@id":"https:\/\/www.gei-gitterroste.de\/de\/#\/schema\/logo\/image\/","url":"https:\/\/www.gei-gitterroste.de\/wp-content\/uploads\/2021\/06\/gei_logo-1.svg","contentUrl":"https:\/\/www.gei-gitterroste.de\/wp-content\/uploads\/2021\/06\/gei_logo-1.svg","width":580.6,"height":215.9,"caption":"GEI Gitterroste"},"image":{"@id":"https:\/\/www.gei-gitterroste.de\/de\/#\/schema\/logo\/image\/"}}]}},"_links":{"self":[{"href":"https:\/\/www.gei-gitterroste.de\/de\/wp-json\/wp\/v2\/pages\/75","targetHints":{"allow":["GET"]}}],"collection":[{"href":"https:\/\/www.gei-gitterroste.de\/de\/wp-json\/wp\/v2\/pages"}],"about":[{"href":"https:\/\/www.gei-gitterroste.de\/de\/wp-json\/wp\/v2\/types\/page"}],"author":[{"embeddable":true,"href":"https:\/\/www.gei-gitterroste.de\/de\/wp-json\/wp\/v2\/users\/1"}],"replies":[{"embeddable":true,"href":"https:\/\/www.gei-gitterroste.de\/de\/wp-json\/wp\/v2\/comments?post=75"}],"version-history":[{"count":0,"href":"https:\/\/www.gei-gitterroste.de\/de\/wp-json\/wp\/v2\/pages\/75\/revisions"}],"wp:attachment":[{"href":"https:\/\/www.gei-gitterroste.de\/de\/wp-json\/wp\/v2\/media?parent=75"}],"curies":[{"name":"wp","href":"https:\/\/api.w.org\/{rel}","templated":true}]}}