{"id":10564,"date":"2025-11-26T15:06:52","date_gmt":"2025-11-26T15:06:52","guid":{"rendered":"https:\/\/www.gei-gitterroste.de\/?page_id=10564"},"modified":"2026-03-03T17:05:23","modified_gmt":"2026-03-03T17:05:23","slug":"wasserableitung-dichtigkeit","status":"publish","type":"page","link":"https:\/\/www.gei-gitterroste.de\/en\/wasserableitung-dichtigkeit\/","title":{"rendered":"Water Drainage \/ Waterproofing"},"content":{"rendered":"<div data-elementor-type=\"wp-page\" data-elementor-id=\"10564\" class=\"elementor elementor-10564\" data-elementor-post-type=\"page\">\n\t\t\t\t\t\t<section class=\"elementor-section elementor-top-section elementor-element elementor-element-f078a0a elementor-section-boxed elementor-section-height-default elementor-section-height-default\" data-id=\"f078a0a\" data-element_type=\"section\" data-e-type=\"section\">\n\t\t\t\t\t\t<div class=\"elementor-container elementor-column-gap-default\">\n\t\t\t\t\t<div class=\"elementor-column elementor-col-100 elementor-top-column elementor-element elementor-element-aa1b141\" data-id=\"aa1b141\" data-element_type=\"column\" data-e-type=\"column\">\n\t\t\t<div class=\"elementor-widget-wrap elementor-element-populated\">\n\t\t\t\t\t\t<div class=\"elementor-element elementor-element-676aacc topd2b elementor-widget elementor-widget-heading\" data-id=\"676aacc\" data-element_type=\"widget\" data-e-type=\"widget\" data-widget_type=\"heading.default\">\n\t\t\t\t<div class=\"elementor-widget-container\">\n\t\t\t\t\t<h2 class=\"elementor-heading-title elementor-size-default\">Water Drainage \/ Waterproofing<\/h2>\t\t\t\t<\/div>\n\t\t\t\t<\/div>\n\t\t\t\t\t<\/div>\n\t\t<\/div>\n\t\t\t\t\t<\/div>\n\t\t<\/section>\n\t\t\t\t<section class=\"elementor-section elementor-top-section elementor-element elementor-element-b962f20 elementor-section-boxed elementor-section-height-default elementor-section-height-default\" data-id=\"b962f20\" data-element_type=\"section\" data-e-type=\"section\">\n\t\t\t\t\t\t<div class=\"elementor-container elementor-column-gap-default\">\n\t\t\t\t\t<div class=\"elementor-column elementor-col-100 elementor-top-column elementor-element elementor-element-1cab08b\" data-id=\"1cab08b\" data-element_type=\"column\" data-e-type=\"column\">\n\t\t\t<div class=\"elementor-widget-wrap elementor-element-populated\">\n\t\t\t\t\t\t<div class=\"elementor-element elementor-element-cf678f0 elementor-widget elementor-widget-text-editor\" data-id=\"cf678f0\" data-element_type=\"widget\" data-e-type=\"widget\" data-widget_type=\"text-editor.default\">\n\t\t\t\t<div class=\"elementor-widget-container\">\n\t\t\t\t\t\t\t\t\t<p>Depending on the material and design, the gratings from GEI Gitterroste offer varying drainage properties.<\/p><p>With solutions from GEI Gitterroste, you can successfully implement your projects.<\/p>\t\t\t\t\t\t\t\t<\/div>\n\t\t\t\t<\/div>\n\t\t\t\t\t<\/div>\n\t\t<\/div>\n\t\t\t\t\t<\/div>\n\t\t<\/section>\n\t\t\t\t<section class=\"elementor-section elementor-top-section elementor-element elementor-element-8e7485b elementor-section-boxed elementor-section-height-default elementor-section-height-default\" data-id=\"8e7485b\" data-element_type=\"section\" data-e-type=\"section\">\n\t\t\t\t\t\t<div class=\"elementor-container elementor-column-gap-default\">\n\t\t\t\t\t<div class=\"elementor-column elementor-col-50 elementor-top-column elementor-element elementor-element-5b5efa2\" data-id=\"5b5efa2\" data-element_type=\"column\" data-e-type=\"column\">\n\t\t\t<div class=\"elementor-widget-wrap elementor-element-populated\">\n\t\t\t\t\t\t<div class=\"elementor-element elementor-element-111ef81 elementor-widget elementor-widget-text-editor\" data-id=\"111ef81\" data-element_type=\"widget\" data-e-type=\"widget\" data-widget_type=\"text-editor.default\">\n\t\t\t\t<div class=\"elementor-widget-container\">\n\t\t\t\t\t\t\t\t\t<h3><strong>Gutters <\/strong><\/h3><p><a href=\"https:\/\/www.gei-gitterroste.de\/en\/rinnegitterroste\/\">Click here to discover the uses of gratings for gutters.<\/a><\/p><figure id=\"attachment_10410\" aria-describedby=\"caption-attachment-10410\" style=\"width: 225px\" class=\"wp-caption aligncenter\"><img fetchpriority=\"high\" decoding=\"async\" class=\"size-medium wp-image-10410\" src=\"https:\/\/www.gei-gitterroste.de\/wp-content\/uploads\/2025\/11\/Rinne-mit-Gitterrost-225x300.jpg\" alt=\"Gutter with grating, ideal for water drainage\" width=\"225\" height=\"300\" srcset=\"https:\/\/www.gei-gitterroste.de\/wp-content\/uploads\/2025\/11\/Rinne-mit-Gitterrost-225x300.jpg 225w, https:\/\/www.gei-gitterroste.de\/wp-content\/uploads\/2025\/11\/Rinne-mit-Gitterrost-9x12.jpg 9w, https:\/\/www.gei-gitterroste.de\/wp-content\/uploads\/2025\/11\/Rinne-mit-Gitterrost.jpg 600w\" sizes=\"(max-width: 225px) 100vw, 225px\" \/><figcaption id=\"caption-attachment-10410\" class=\"wp-caption-text\">Gutter with grating, ideal for water drainage<\/figcaption><\/figure>\t\t\t\t\t\t\t\t<\/div>\n\t\t\t\t<\/div>\n\t\t\t\t\t<\/div>\n\t\t<\/div>\n\t\t\t\t<div class=\"elementor-column elementor-col-50 elementor-top-column elementor-element elementor-element-6a8e917\" data-id=\"6a8e917\" data-element_type=\"column\" data-e-type=\"column\">\n\t\t\t<div class=\"elementor-widget-wrap elementor-element-populated\">\n\t\t\t\t\t\t<div class=\"elementor-element elementor-element-eb44664 elementor-widget elementor-widget-text-editor\" data-id=\"eb44664\" data-element_type=\"widget\" data-e-type=\"widget\" data-widget_type=\"text-editor.default\">\n\t\t\t\t<div class=\"elementor-widget-container\">\n\t\t\t\t\t\t\t\t\t<h3><strong>Door threshold<\/strong><\/h3><p><a href=\"https:\/\/www.gei-gitterroste.de\/en\/tuerschwelle\/\">Click here to discover the uses of gratings for door thresholds.<\/a><\/p><figure id=\"attachment_10552\" aria-describedby=\"caption-attachment-10552\" style=\"width: 225px\" class=\"wp-caption aligncenter\"><img decoding=\"async\" class=\"size-medium wp-image-10552\" src=\"https:\/\/www.gei-gitterroste.de\/wp-content\/uploads\/2025\/11\/Blechprofilrost-PS-PMR-Turschwelle-225x300.jpg\" alt=\"PS-PMR safety grille door threshold\" width=\"225\" height=\"300\" srcset=\"https:\/\/www.gei-gitterroste.de\/wp-content\/uploads\/2025\/11\/Blechprofilrost-PS-PMR-Turschwelle-225x300.jpg 225w, https:\/\/www.gei-gitterroste.de\/wp-content\/uploads\/2025\/11\/Blechprofilrost-PS-PMR-Turschwelle-9x12.jpg 9w, https:\/\/www.gei-gitterroste.de\/wp-content\/uploads\/2025\/11\/Blechprofilrost-PS-PMR-Turschwelle.jpg 600w\" sizes=\"(max-width: 225px) 100vw, 225px\" \/><figcaption id=\"caption-attachment-10552\" class=\"wp-caption-text\">PS-PMR safety grille door threshold<\/figcaption><\/figure>\t\t\t\t\t\t\t\t<\/div>\n\t\t\t\t<\/div>\n\t\t\t\t\t<\/div>\n\t\t<\/div>\n\t\t\t\t\t<\/div>\n\t\t<\/section>\n\t\t\t\t<section class=\"elementor-section elementor-top-section elementor-element elementor-element-641546c elementor-section-boxed elementor-section-height-default elementor-section-height-default\" data-id=\"641546c\" data-element_type=\"section\" data-e-type=\"section\">\n\t\t\t\t\t\t<div class=\"elementor-container elementor-column-gap-default\">\n\t\t\t\t\t<div class=\"elementor-column elementor-col-50 elementor-top-column elementor-element elementor-element-a9b5400\" data-id=\"a9b5400\" data-element_type=\"column\" data-e-type=\"column\">\n\t\t\t<div class=\"elementor-widget-wrap elementor-element-populated\">\n\t\t\t\t\t\t<div class=\"elementor-element elementor-element-f98cfc6 elementor-widget elementor-widget-text-editor\" data-id=\"f98cfc6\" data-element_type=\"widget\" data-e-type=\"widget\" data-widget_type=\"text-editor.default\">\n\t\t\t\t<div class=\"elementor-widget-container\">\n\t\t\t\t\t\t\t\t\t<h3><strong>Rubber Gratings<\/strong><\/h3><p class=\"translation-block\">Certain rubber mats can drain water due to their open surface and are therefore particularly suitable for use in damp environments.<\/p><p class=\"translation-block\">The following <a href=\"https:\/\/www.gei-gitterroste.de\/en\/gratings-rubber-gratings\/\" target=\"_self\">rubber mats<\/a> from GEI Gitterroste have a drainage function, are suitable for wet areas, and ensure user comfort and slip resistance.<\/p><p>They are easy to install, require no special fastening, and can be removed at any time.<\/p>\t\t\t\t\t\t\t\t<\/div>\n\t\t\t\t<\/div>\n\t\t\t\t\t<\/div>\n\t\t<\/div>\n\t\t\t\t<div class=\"elementor-column elementor-col-50 elementor-top-column elementor-element elementor-element-4feb793\" data-id=\"4feb793\" data-element_type=\"column\" data-e-type=\"column\">\n\t\t\t<div class=\"elementor-widget-wrap elementor-element-populated\">\n\t\t\t\t\t\t<div class=\"elementor-element elementor-element-8e32c38 elementor-widget elementor-widget-image\" data-id=\"8e32c38\" data-element_type=\"widget\" data-e-type=\"widget\" data-widget_type=\"image.default\">\n\t\t\t\t<div class=\"elementor-widget-container\">\n\t\t\t\t\t\t\t\t\t\t\t\t\t\t\t<img decoding=\"async\" width=\"600\" height=\"473\" src=\"https:\/\/www.gei-gitterroste.de\/wp-content\/uploads\/2023\/10\/hersteller-gummimatten.jpg\" class=\"attachment-large size-large wp-image-8803\" alt=\"hersteller gummimatten\" srcset=\"https:\/\/www.gei-gitterroste.de\/wp-content\/uploads\/2023\/10\/hersteller-gummimatten.jpg 600w, https:\/\/www.gei-gitterroste.de\/wp-content\/uploads\/2023\/10\/hersteller-gummimatten-300x237.jpg 300w, https:\/\/www.gei-gitterroste.de\/wp-content\/uploads\/2023\/10\/hersteller-gummimatten-15x12.jpg 15w, https:\/\/www.gei-gitterroste.de\/wp-content\/uploads\/2023\/10\/hersteller-gummimatten-570x450.jpg 570w\" sizes=\"(max-width: 600px) 100vw, 600px\" \/>\t\t\t\t\t\t\t\t\t\t\t\t\t\t\t<\/div>\n\t\t\t\t<\/div>\n\t\t\t\t\t<\/div>\n\t\t<\/div>\n\t\t\t\t\t<\/div>\n\t\t<\/section>\n\t\t\t\t<section class=\"elementor-section elementor-top-section elementor-element elementor-element-79f43ad elementor-section-boxed elementor-section-height-default elementor-section-height-default\" data-id=\"79f43ad\" data-element_type=\"section\" data-e-type=\"section\">\n\t\t\t\t\t\t<div class=\"elementor-container elementor-column-gap-default\">\n\t\t\t\t\t<div class=\"elementor-column elementor-col-100 elementor-top-column elementor-element elementor-element-93d59f4\" data-id=\"93d59f4\" data-element_type=\"column\" data-e-type=\"column\">\n\t\t\t<div class=\"elementor-widget-wrap elementor-element-populated\">\n\t\t\t\t\t\t<div class=\"elementor-element elementor-element-c237dfd elementor-align-center elementor-widget elementor-widget-button\" data-id=\"c237dfd\" data-element_type=\"widget\" data-e-type=\"widget\" data-widget_type=\"button.default\">\n\t\t\t\t<div class=\"elementor-widget-container\">\n\t\t\t\t\t\t\t\t\t<div class=\"elementor-button-wrapper\">\n\t\t\t\t\t<a class=\"elementor-button elementor-button-link elementor-size-sm\" href=\"https:\/\/www.gei-gitterroste.de\/en\/contact-contact-us-2\/\">\n\t\t\t\t\t\t<span class=\"elementor-button-content-wrapper\">\n\t\t\t\t\t\t\t\t\t<span class=\"elementor-button-text\">Contact Us<\/span>\n\t\t\t\t\t<\/span>\n\t\t\t\t\t<\/a>\n\t\t\t\t<\/div>\n\t\t\t\t\t\t\t\t<\/div>\n\t\t\t\t<\/div>\n\t\t\t\t\t<\/div>\n\t\t<\/div>\n\t\t\t\t\t<\/div>\n\t\t<\/section>\n\t\t\t\t<\/div>","protected":false},"excerpt":{"rendered":"<p>L\u00f6sung f\u00fcr Wasserableitung \/ Dichtigkeit Je nach Material und Ausf\u00fchrung verf\u00fcgen die Gitterroste von GEI Gitterroste \u00fcber unterschiedliche Drainageeigenschaften. Mit L\u00f6sungen von GEI Gitterroste setzen Sie Ihre Projekte erfolgreich um. Rinne F\u00fcr weitere Details zu den Anwendungsbereichen des Rinnenrosts T\u00fcrschwelle F\u00fcr weitere Details zu den Anwendungsbereichen des T\u00fcrschwellenrosts Gummimatten Bestimmte Gummimatten k\u00f6nnen dank ihrer offenen [&hellip;]<\/p>\n","protected":false},"author":8,"featured_media":0,"parent":0,"menu_order":0,"comment_status":"closed","ping_status":"closed","template":"","meta":{"footnotes":""},"class_list":["post-10564","page","type-page","status-publish","hentry"],"yoast_head":"<!-- This site is optimized with the Yoast SEO plugin v27.3 - https:\/\/yoast.com\/product\/yoast-seo-wordpress\/ -->\n<title>Gitterroste Wasserableitung, Abdichtungsl\u00f6sungen<\/title>\n<meta name=\"description\" content=\"GEI Gitterroste bietet Gitterroste mit unterschiedlichen Entw\u00e4sserungseigenschaften an. Kontaktieren Sie uns, um mehr \u00fcber unsere Abdichtungsl\u00f6sungen zu erfahren.\" \/>\n<meta name=\"robots\" content=\"index, follow, max-snippet:-1, max-image-preview:large, max-video-preview:-1\" \/>\n<link rel=\"canonical\" href=\"https:\/\/www.gei-gitterroste.de\/en\/wasserableitung-dichtigkeit\/\" \/>\n<meta property=\"og:locale\" content=\"en_GB\" \/>\n<meta property=\"og:type\" content=\"article\" \/>\n<meta property=\"og:title\" content=\"Gitterroste Wasserableitung, Abdichtungsl\u00f6sungen\" \/>\n<meta property=\"og:description\" content=\"GEI Gitterroste bietet Gitterroste mit unterschiedlichen Entw\u00e4sserungseigenschaften an. Kontaktieren Sie uns, um mehr \u00fcber unsere Abdichtungsl\u00f6sungen zu erfahren.\" \/>\n<meta property=\"og:url\" content=\"https:\/\/www.gei-gitterroste.de\/en\/wasserableitung-dichtigkeit\/\" \/>\n<meta property=\"og:site_name\" content=\"GEI Gitterroste\" \/>\n<meta property=\"article:modified_time\" content=\"2026-03-03T17:05:23+00:00\" \/>\n<meta property=\"og:image\" content=\"https:\/\/www.gei-gitterroste.de\/wp-content\/uploads\/2025\/11\/Rinne-mit-Gitterrost-225x300.jpg\" \/>\n<meta name=\"twitter:card\" content=\"summary_large_image\" \/>\n<script type=\"application\/ld+json\" class=\"yoast-schema-graph\">{\"@context\":\"https:\\\/\\\/schema.org\",\"@graph\":[{\"@type\":\"WebPage\",\"@id\":\"https:\\\/\\\/www.gei-gitterroste.de\\\/wasserableitung-dichtigkeit\\\/\",\"url\":\"https:\\\/\\\/www.gei-gitterroste.de\\\/wasserableitung-dichtigkeit\\\/\",\"name\":\"Gitterroste Wasserableitung, Abdichtungsl\u00f6sungen\",\"isPartOf\":{\"@id\":\"https:\\\/\\\/www.gei-gitterroste.de\\\/de\\\/#website\"},\"primaryImageOfPage\":{\"@id\":\"https:\\\/\\\/www.gei-gitterroste.de\\\/wasserableitung-dichtigkeit\\\/#primaryimage\"},\"image\":{\"@id\":\"https:\\\/\\\/www.gei-gitterroste.de\\\/wasserableitung-dichtigkeit\\\/#primaryimage\"},\"thumbnailUrl\":\"https:\\\/\\\/www.gei-gitterroste.de\\\/wp-content\\\/uploads\\\/2025\\\/11\\\/Rinne-mit-Gitterrost-225x300.jpg\",\"datePublished\":\"2025-11-26T15:06:52+00:00\",\"dateModified\":\"2026-03-03T17:05:23+00:00\",\"description\":\"GEI Gitterroste bietet Gitterroste mit unterschiedlichen Entw\u00e4sserungseigenschaften an. Kontaktieren Sie uns, um mehr \u00fcber unsere Abdichtungsl\u00f6sungen zu erfahren.\",\"breadcrumb\":{\"@id\":\"https:\\\/\\\/www.gei-gitterroste.de\\\/wasserableitung-dichtigkeit\\\/#breadcrumb\"},\"inLanguage\":\"en-GB\",\"potentialAction\":[{\"@type\":\"ReadAction\",\"target\":[\"https:\\\/\\\/www.gei-gitterroste.de\\\/wasserableitung-dichtigkeit\\\/\"]}]},{\"@type\":\"ImageObject\",\"inLanguage\":\"en-GB\",\"@id\":\"https:\\\/\\\/www.gei-gitterroste.de\\\/wasserableitung-dichtigkeit\\\/#primaryimage\",\"url\":\"https:\\\/\\\/www.gei-gitterroste.de\\\/wp-content\\\/uploads\\\/2025\\\/11\\\/Rinne-mit-Gitterrost-225x300.jpg\",\"contentUrl\":\"https:\\\/\\\/www.gei-gitterroste.de\\\/wp-content\\\/uploads\\\/2025\\\/11\\\/Rinne-mit-Gitterrost-225x300.jpg\"},{\"@type\":\"BreadcrumbList\",\"@id\":\"https:\\\/\\\/www.gei-gitterroste.de\\\/wasserableitung-dichtigkeit\\\/#breadcrumb\",\"itemListElement\":[{\"@type\":\"ListItem\",\"position\":1,\"name\":\"Startseite\",\"item\":\"https:\\\/\\\/www.gei-gitterroste.de\\\/de\\\/\"},{\"@type\":\"ListItem\",\"position\":2,\"name\":\"Wasserableitung \\\/ Dichtigkeit\"}]},{\"@type\":\"WebSite\",\"@id\":\"https:\\\/\\\/www.gei-gitterroste.de\\\/de\\\/#website\",\"url\":\"https:\\\/\\\/www.gei-gitterroste.de\\\/de\\\/\",\"name\":\"GEI Gitterroste\",\"description\":\"\",\"publisher\":{\"@id\":\"https:\\\/\\\/www.gei-gitterroste.de\\\/de\\\/#organization\"},\"potentialAction\":[{\"@type\":\"SearchAction\",\"target\":{\"@type\":\"EntryPoint\",\"urlTemplate\":\"https:\\\/\\\/www.gei-gitterroste.de\\\/de\\\/?s={search_term_string}\"},\"query-input\":{\"@type\":\"PropertyValueSpecification\",\"valueRequired\":true,\"valueName\":\"search_term_string\"}}],\"inLanguage\":\"en-GB\"},{\"@type\":\"Organization\",\"@id\":\"https:\\\/\\\/www.gei-gitterroste.de\\\/de\\\/#organization\",\"name\":\"GEI Gitterroste\",\"url\":\"https:\\\/\\\/www.gei-gitterroste.de\\\/de\\\/\",\"logo\":{\"@type\":\"ImageObject\",\"inLanguage\":\"en-GB\",\"@id\":\"https:\\\/\\\/www.gei-gitterroste.de\\\/de\\\/#\\\/schema\\\/logo\\\/image\\\/\",\"url\":\"https:\\\/\\\/www.gei-gitterroste.de\\\/wp-content\\\/uploads\\\/2021\\\/06\\\/gei_logo-1.svg\",\"contentUrl\":\"https:\\\/\\\/www.gei-gitterroste.de\\\/wp-content\\\/uploads\\\/2021\\\/06\\\/gei_logo-1.svg\",\"width\":580.6,\"height\":215.9,\"caption\":\"GEI Gitterroste\"},\"image\":{\"@id\":\"https:\\\/\\\/www.gei-gitterroste.de\\\/de\\\/#\\\/schema\\\/logo\\\/image\\\/\"}}]}<\/script>\n<!-- \/ Yoast SEO plugin. -->","yoast_head_json":{"title":"Water drainage","description":"GEI Gitterroste","robots":{"index":"index","follow":"follow","max-snippet":"max-snippet:-1","max-image-preview":"max-image-preview:large","max-video-preview":"max-video-preview:-1"},"canonical":"https:\/\/www.gei-gitterroste.de\/en\/wasserableitung-dichtigkeit\/","og_locale":"en_GB","og_type":"article","og_title":"Gitterroste Wasserableitung, Abdichtungsl\u00f6sungen","og_description":"GEI Gitterroste bietet Gitterroste mit unterschiedlichen Entw\u00e4sserungseigenschaften an. Kontaktieren Sie uns, um mehr \u00fcber unsere Abdichtungsl\u00f6sungen zu erfahren.","og_url":"https:\/\/www.gei-gitterroste.de\/en\/wasserableitung-dichtigkeit\/","og_site_name":"GEI Gitterroste","article_modified_time":"2026-03-03T17:05:23+00:00","og_image":[{"url":"https:\/\/www.gei-gitterroste.de\/wp-content\/uploads\/2025\/11\/Rinne-mit-Gitterrost-225x300.jpg","type":"","width":"","height":""}],"twitter_card":"summary_large_image","schema":{"@context":"https:\/\/schema.org","@graph":[{"@type":"WebPage","@id":"https:\/\/www.gei-gitterroste.de\/wasserableitung-dichtigkeit\/","url":"https:\/\/www.gei-gitterroste.de\/wasserableitung-dichtigkeit\/","name":"Water drainage","isPartOf":{"@id":"https:\/\/www.gei-gitterroste.de\/de\/#website"},"primaryImageOfPage":{"@id":"https:\/\/www.gei-gitterroste.de\/wasserableitung-dichtigkeit\/#primaryimage"},"image":{"@id":"https:\/\/www.gei-gitterroste.de\/wasserableitung-dichtigkeit\/#primaryimage"},"thumbnailUrl":"https:\/\/www.gei-gitterroste.de\/wp-content\/uploads\/2025\/11\/Rinne-mit-Gitterrost-225x300.jpg","datePublished":"2025-11-26T15:06:52+00:00","dateModified":"2026-03-03T17:05:23+00:00","description":"GEI Gitterroste","breadcrumb":{"@id":"https:\/\/www.gei-gitterroste.de\/wasserableitung-dichtigkeit\/#breadcrumb"},"inLanguage":"en-GB","potentialAction":[{"@type":"ReadAction","target":["https:\/\/www.gei-gitterroste.de\/wasserableitung-dichtigkeit\/"]}]},{"@type":"ImageObject","inLanguage":"en-GB","@id":"https:\/\/www.gei-gitterroste.de\/wasserableitung-dichtigkeit\/#primaryimage","url":"https:\/\/www.gei-gitterroste.de\/wp-content\/uploads\/2025\/11\/Rinne-mit-Gitterrost-225x300.jpg","contentUrl":"https:\/\/www.gei-gitterroste.de\/wp-content\/uploads\/2025\/11\/Rinne-mit-Gitterrost-225x300.jpg"},{"@type":"BreadcrumbList","@id":"https:\/\/www.gei-gitterroste.de\/wasserableitung-dichtigkeit\/#breadcrumb","itemListElement":[{"@type":"ListItem","position":1,"name":"Startseite","item":"https:\/\/www.gei-gitterroste.de\/de\/"},{"@type":"ListItem","position":2,"name":"Wasserableitung \/ Dichtigkeit"}]},{"@type":"WebSite","@id":"https:\/\/www.gei-gitterroste.de\/de\/#website","url":"https:\/\/www.gei-gitterroste.de\/de\/","name":"shelf gratings","description":"","publisher":{"@id":"https:\/\/www.gei-gitterroste.de\/de\/#organization"},"potentialAction":[{"@type":"SearchAction","target":{"@type":"EntryPoint","urlTemplate":"https:\/\/www.gei-gitterroste.de\/de\/?s={search_term_string}"},"query-input":{"@type":"PropertyValueSpecification","valueRequired":true,"valueName":"search_term_string"}}],"inLanguage":"en-GB"},{"@type":"Organization","@id":"https:\/\/www.gei-gitterroste.de\/de\/#organization","name":"shelf gratings","url":"https:\/\/www.gei-gitterroste.de\/de\/","logo":{"@type":"ImageObject","inLanguage":"en-GB","@id":"https:\/\/www.gei-gitterroste.de\/de\/#\/schema\/logo\/image\/","url":"https:\/\/www.gei-gitterroste.de\/wp-content\/uploads\/2021\/06\/gei_logo-1.svg","contentUrl":"https:\/\/www.gei-gitterroste.de\/wp-content\/uploads\/2021\/06\/gei_logo-1.svg","width":580.6,"height":215.9,"caption":"GEI Gitterroste"},"image":{"@id":"https:\/\/www.gei-gitterroste.de\/de\/#\/schema\/logo\/image\/"}}]}},"_links":{"self":[{"href":"https:\/\/www.gei-gitterroste.de\/en\/wp-json\/wp\/v2\/pages\/10564","targetHints":{"allow":["GET"]}}],"collection":[{"href":"https:\/\/www.gei-gitterroste.de\/en\/wp-json\/wp\/v2\/pages"}],"about":[{"href":"https:\/\/www.gei-gitterroste.de\/en\/wp-json\/wp\/v2\/types\/page"}],"author":[{"embeddable":true,"href":"https:\/\/www.gei-gitterroste.de\/en\/wp-json\/wp\/v2\/users\/8"}],"replies":[{"embeddable":true,"href":"https:\/\/www.gei-gitterroste.de\/en\/wp-json\/wp\/v2\/comments?post=10564"}],"version-history":[{"count":10,"href":"https:\/\/www.gei-gitterroste.de\/en\/wp-json\/wp\/v2\/pages\/10564\/revisions"}],"predecessor-version":[{"id":12646,"href":"https:\/\/www.gei-gitterroste.de\/en\/wp-json\/wp\/v2\/pages\/10564\/revisions\/12646"}],"wp:attachment":[{"href":"https:\/\/www.gei-gitterroste.de\/en\/wp-json\/wp\/v2\/media?parent=10564"}],"curies":[{"name":"wp","href":"https:\/\/api.w.org\/{rel}","templated":true}]}}