{"id":11967,"date":"2026-01-28T15:20:30","date_gmt":"2026-01-28T15:20:30","guid":{"rendered":"https:\/\/www.gei-gitterroste.de\/?page_id=11967"},"modified":"2026-01-30T13:06:05","modified_gmt":"2026-01-30T13:06:05","slug":"gitterroste-fuer-sonnenschutz","status":"publish","type":"page","link":"https:\/\/www.gei-gitterroste.de\/en\/gitterroste-fuer-sonnenschutz\/","title":{"rendered":"Gitterroste f\u00fcr Sonnenschutz"},"content":{"rendered":"<div data-elementor-type=\"wp-page\" data-elementor-id=\"11967\" class=\"elementor elementor-11967\" data-elementor-post-type=\"page\">\n\t\t\t\t\t\t<section class=\"elementor-section elementor-top-section elementor-element elementor-element-f078a0a elementor-section-boxed elementor-section-height-default elementor-section-height-default\" data-id=\"f078a0a\" data-element_type=\"section\" data-e-type=\"section\">\n\t\t\t\t\t\t<div class=\"elementor-container elementor-column-gap-default\">\n\t\t\t\t\t<div class=\"elementor-column elementor-col-100 elementor-top-column elementor-element elementor-element-aa1b141\" data-id=\"aa1b141\" data-element_type=\"column\" data-e-type=\"column\">\n\t\t\t<div class=\"elementor-widget-wrap elementor-element-populated\">\n\t\t\t\t\t\t<div class=\"elementor-element elementor-element-676aacc topd2b elementor-widget elementor-widget-heading\" data-id=\"676aacc\" data-element_type=\"widget\" data-e-type=\"widget\" data-widget_type=\"heading.default\">\n\t\t\t\t<div class=\"elementor-widget-container\">\n\t\t\t\t\t<h2 class=\"elementor-heading-title elementor-size-default\">Sun shading <\/h2>\t\t\t\t<\/div>\n\t\t\t\t<\/div>\n\t\t\t\t\t<\/div>\n\t\t<\/div>\n\t\t\t\t\t<\/div>\n\t\t<\/section>\n\t\t\t\t<section class=\"elementor-section elementor-top-section elementor-element elementor-element-3b6bd0f elementor-section-boxed elementor-section-height-default elementor-section-height-default\" data-id=\"3b6bd0f\" data-element_type=\"section\" data-e-type=\"section\" data-settings=\"{&quot;shape_divider_top&quot;:&quot;drops&quot;}\">\n\t\t\t\t\t<div class=\"elementor-shape elementor-shape-top\" aria-hidden=\"true\" data-negative=\"false\">\n\t\t\t<svg xmlns=\"http:\/\/www.w3.org\/2000\/svg\" height=\"100%\" viewbox=\"0 0 283.5 27.8\" preserveaspectratio=\"xMidYMax slice\">\n\t<path class=\"elementor-shape-fill\" d=\"M0 0v1.4c.6.7 1.1 1.4 1.4 2 2 3.8 2.2 6.6 1.8 10.8-.3 3.3-2.4 9.4 0 12.3 1.7 2 3.7 1.4 4.6-.9 1.4-3.8-.7-8.2-.6-12 .1-3.7 3.2-5.5 6.9-4.9 4 .6 4.8 4 4.9 7.4.1 1.8-1.1 7 0 8.5.6.8 1.6 1.2 2.4.5 1.4-1.1.1-5.4.1-6.9.1-3.7.3-8.6 4.1-10.5 5-2.5 6.2 1.6 5.4 5.6-.4 1.7-1 9.2 2.9 6.3 1.5-1.1.7-3.5.5-4.9-.4-2.4-.4-4.3 1-6.5.9-1.4 2.4-3.1 4.2-3 2.4.1 2.7 2.2 4 3.7 1.5 1.8 1.8 2.2 3 .1 1.1-1.9 1.2-2.8 3.6-3.3 1.3-.3 4.8-1.4 5.9-.5 1.5 1.1.6 2.8.4 4.3-.2 1.1-.6 4 1.8 3.4 1.7-.4-.3-4.1.6-5.6 1.3-2.2 5.8-1.4 7 .5 1.3 2.1.5 5.8.1 8.1s-1.2 5-.6 7.4c1.3 5.1 4.4.9 4.3-2.4-.1-4.4-2-8.8-.5-13 .9-2.4 4.6-6.6 7.7-4.5 2.7 1.8.5 7.8.2 10.3-.2 1.7-.8 4.6.2 6.2.9 1.4 2 1.5 2.6-.3.5-1.5-.9-4.5-1-6.1-.2-1.7-.4-3.7.2-5.4 1.8-5.6 3.5 2.4 6.3.6 1.4-.9 4.3-9.4 6.1-3.1.6 2.2-1.3 7.8.7 8.9 4.2 2.3 1.5-7.1 2.2-8 3.1-4 4.7 3.8 6.1 4.1 3.1.7 2.8-7.9 8.1-4.5 1.7 1.1 2.9 3.3 3.2 5.2.4 2.2-1 4.5-.6 6.6 1 4.3 4.4 1.5 4.4-1.7 0-2.7-3-8.3 1.4-9.1 4.4-.9 7.3 3.5 7.8 6.9.3 2-1.5 10.9 1.3 11.3 4.1.6-3.2-15.7 4.8-15.8 4.7-.1 2.8 4.1 3.9 6.6 1 2.4 2.1 1 2.3-.8.3-1.9-.9-3.2 1.3-4.3 5.9-2.9 5.9 5.4 5.5 8.5-.3 2-1.7 8.4 2 8.1 6.9-.5-2.8-16.9 4.8-18.7 4.7-1.2 6.1 3.6 6.3 7.1.1 1.7-1.2 8.1.6 9.1 3.5 2 1.9-7 2-8.4.2-4 1.2-9.6 6.4-9.8 4.7-.2 3.2 4.6 2.7 7.5-.4 2.2 1.3 8.6 3.8 4.4 1.1-1.9-.3-4.1-.3-6 0-1.7.4-3.2 1.3-4.6 1-1.6 2.9-3.5 5.1-2.9 2.5.6 2.3 4.1 4.1 4.9 1.9.8 1.6-.9 2.3-2.1 1.2-2.1 2.1-2.1 4.4-2.4 1.4-.2 3.6-1.5 4.9-.5 2.3 1.7-.7 4.4.1 6.5.6 1.5 2.1 1.7 2.8.3.7-1.4-1.1-3.4-.3-4.8 1.4-2.5 6.2-1.2 7.2 1 2.3 4.8-3.3 12-.2 16.3 3 4.1 3.9-2.8 3.8-4.8-.4-4.3-2.1-8.9 0-13.1 1.3-2.5 5.9-5.7 7.9-2.4 2 3.2-1.3 9.8-.8 13.4.5 4.4 3.5 3.3 2.7-.8-.4-1.9-2.4-10 .6-11.1 3.7-1.4 2.8 7.2 6.5.4 2.2-4.1 4.9-3.1 5.2 1.2.1 1.5-.6 3.1-.4 4.6.2 1.9 1.8 3.7 3.3 1.3 1-1.6-2.6-10.4 2.9-7.3 2.6 1.5 1.6 6.5 4.8 2.7 1.3-1.5 1.7-3.6 4-3.7 2.2-.1 4 2.3 4.8 4.1 1.3 2.9-1.5 8.4.9 10.3 4.2 3.3 3-5.5 2.7-6.9-.6-3.9 1-7.2 5.5-5 4.1 2.1 4.3 7.7 4.1 11.6 0 .8-.6 9.5 2.5 5.2 1.2-1.7-.1-7.7.1-9.6.3-2.9 1.2-5.5 4.3-6.2 4.5-1 7.7 1.5 7.4 5.8-.2 3.5-1.8 7.7-.5 11.1 1 2.7 3.6 2.8 5 .2 1.6-3.1 0-8.3-.4-11.6-.4-4.2-.2-7 1.8-10.8 0 0-.1.1-.1.2-.2.4-.3.7-.4.8v.1c-.1.2-.1.2 0 0v-.1l.4-.8c0-.1.1-.1.1-.2.2-.4.5-.8.8-1.2V0H0zM282.7 3.4z\"\/>\n<\/svg>\t\t<\/div>\n\t\t\t\t\t<div class=\"elementor-container elementor-column-gap-default\">\n\t\t\t\t\t<div class=\"elementor-column elementor-col-100 elementor-top-column elementor-element elementor-element-371e7ae\" data-id=\"371e7ae\" data-element_type=\"column\" data-e-type=\"column\">\n\t\t\t<div class=\"elementor-widget-wrap elementor-element-populated\">\n\t\t\t\t\t\t<div class=\"elementor-element elementor-element-74d9dfc elementor-widget elementor-widget-text-editor\" data-id=\"74d9dfc\" data-element_type=\"widget\" data-e-type=\"widget\" data-widget_type=\"text-editor.default\">\n\t\t\t\t<div class=\"elementor-widget-container\">\n\t\t\t\t\t\t\t\t\t<p class=\"translation-block\">When used as sun shading, grating allows light to be filtered and softened. Press-locked grating, chosen for its visual appeal as a sun-shading solution, creates dynamic plays of light and shadow, resulting in different visual effects depending on the viewing angle.<\/p><p class=\"translation-block\">Press-locked grating used as a privacy or sun screen helps prevent overheating during summer, keeps areas cooler and ensures improved air circulation.<\/p><p class=\"translation-block\">Sun shading systems are primarily manufactured from galvanized press-locked grating, but versions made of stainless steel or aluminum are also available. A colored powder-coated finish can also be provided.<\/p><p class=\"translation-block\">Privacy grating offers a successful combination of sun protection, natural ventilation and contemporary design.<\/p>\t\t\t\t\t\t\t\t<\/div>\n\t\t\t\t<\/div>\n\t\t\t\t\t<\/div>\n\t\t<\/div>\n\t\t\t\t\t<\/div>\n\t\t<\/section>\n\t\t\t\t<section class=\"elementor-section elementor-top-section elementor-element elementor-element-0bc40e7 elementor-section-boxed elementor-section-height-default elementor-section-height-default\" data-id=\"0bc40e7\" data-element_type=\"section\" data-e-type=\"section\">\n\t\t\t\t\t\t<div class=\"elementor-container elementor-column-gap-default\">\n\t\t\t\t\t<div class=\"elementor-column elementor-col-33 elementor-top-column elementor-element elementor-element-632078c\" data-id=\"632078c\" data-element_type=\"column\" data-e-type=\"column\">\n\t\t\t<div class=\"elementor-widget-wrap elementor-element-populated\">\n\t\t\t\t\t\t<div class=\"elementor-element elementor-element-0f318d5 elementor-widget elementor-widget-image\" data-id=\"0f318d5\" data-element_type=\"widget\" data-e-type=\"widget\" data-widget_type=\"image.default\">\n\t\t\t\t<div class=\"elementor-widget-container\">\n\t\t\t\t\t\t\t\t\t\t\t\t<figure class=\"wp-caption\">\n\t\t\t\t\t\t\t\t\t\t<img fetchpriority=\"high\" decoding=\"async\" width=\"800\" height=\"600\" src=\"https:\/\/www.gei-gitterroste.de\/wp-content\/uploads\/2026\/01\/Sonnenschutz-aus-Pressrost-mit-Zuschnitt-passend-zur-Gebaudearchitektur.jpg\" class=\"attachment-full size-full wp-image-11974\" alt=\"Sun shading made of press-locked grating, cut to match the building\u2019s architecture\" srcset=\"https:\/\/www.gei-gitterroste.de\/wp-content\/uploads\/2026\/01\/Sonnenschutz-aus-Pressrost-mit-Zuschnitt-passend-zur-Gebaudearchitektur.jpg 800w, https:\/\/www.gei-gitterroste.de\/wp-content\/uploads\/2026\/01\/Sonnenschutz-aus-Pressrost-mit-Zuschnitt-passend-zur-Gebaudearchitektur-300x225.jpg 300w, https:\/\/www.gei-gitterroste.de\/wp-content\/uploads\/2026\/01\/Sonnenschutz-aus-Pressrost-mit-Zuschnitt-passend-zur-Gebaudearchitektur-768x576.jpg 768w, https:\/\/www.gei-gitterroste.de\/wp-content\/uploads\/2026\/01\/Sonnenschutz-aus-Pressrost-mit-Zuschnitt-passend-zur-Gebaudearchitektur-16x12.jpg 16w, https:\/\/www.gei-gitterroste.de\/wp-content\/uploads\/2026\/01\/Sonnenschutz-aus-Pressrost-mit-Zuschnitt-passend-zur-Gebaudearchitektur-600x450.jpg 600w\" sizes=\"(max-width: 800px) 100vw, 800px\" \/>\t\t\t\t\t\t\t\t\t\t\t<figcaption class=\"widget-image-caption wp-caption-text\">Sun shading made of press-locked grating, cut to match the building\u2019s architecture<\/figcaption>\n\t\t\t\t\t\t\t\t\t\t<\/figure>\n\t\t\t\t\t\t\t\t\t<\/div>\n\t\t\t\t<\/div>\n\t\t\t\t\t<\/div>\n\t\t<\/div>\n\t\t\t\t<div class=\"elementor-column elementor-col-33 elementor-top-column elementor-element elementor-element-2315708\" data-id=\"2315708\" data-element_type=\"column\" data-e-type=\"column\">\n\t\t\t<div class=\"elementor-widget-wrap elementor-element-populated\">\n\t\t\t\t\t\t<div class=\"elementor-element elementor-element-ee8f6cc elementor-widget elementor-widget-image\" data-id=\"ee8f6cc\" data-element_type=\"widget\" data-e-type=\"widget\" data-widget_type=\"image.default\">\n\t\t\t\t<div class=\"elementor-widget-container\">\n\t\t\t\t\t\t\t\t\t\t\t\t<figure class=\"wp-caption\">\n\t\t\t\t\t\t\t\t\t\t<img decoding=\"async\" width=\"800\" height=\"600\" src=\"https:\/\/www.gei-gitterroste.de\/wp-content\/uploads\/2026\/01\/Schattenspiele-bei-diesem-Lamellenrost.jpg\" class=\"attachment-full size-full wp-image-11973\" alt=\"Shadow effects created by this louvered grating\" srcset=\"https:\/\/www.gei-gitterroste.de\/wp-content\/uploads\/2026\/01\/Schattenspiele-bei-diesem-Lamellenrost.jpg 800w, https:\/\/www.gei-gitterroste.de\/wp-content\/uploads\/2026\/01\/Schattenspiele-bei-diesem-Lamellenrost-300x225.jpg 300w, https:\/\/www.gei-gitterroste.de\/wp-content\/uploads\/2026\/01\/Schattenspiele-bei-diesem-Lamellenrost-768x576.jpg 768w, https:\/\/www.gei-gitterroste.de\/wp-content\/uploads\/2026\/01\/Schattenspiele-bei-diesem-Lamellenrost-16x12.jpg 16w, https:\/\/www.gei-gitterroste.de\/wp-content\/uploads\/2026\/01\/Schattenspiele-bei-diesem-Lamellenrost-600x450.jpg 600w\" sizes=\"(max-width: 800px) 100vw, 800px\" \/>\t\t\t\t\t\t\t\t\t\t\t<figcaption class=\"widget-image-caption wp-caption-text\">Shadow effects created by this louvered grating <\/figcaption>\n\t\t\t\t\t\t\t\t\t\t<\/figure>\n\t\t\t\t\t\t\t\t\t<\/div>\n\t\t\t\t<\/div>\n\t\t\t\t\t<\/div>\n\t\t<\/div>\n\t\t\t\t<div class=\"elementor-column elementor-col-33 elementor-top-column elementor-element elementor-element-727c224\" data-id=\"727c224\" data-element_type=\"column\" data-e-type=\"column\">\n\t\t\t<div class=\"elementor-widget-wrap elementor-element-populated\">\n\t\t\t\t\t\t<div class=\"elementor-element elementor-element-b775290 elementor-widget elementor-widget-image\" data-id=\"b775290\" data-element_type=\"widget\" data-e-type=\"widget\" data-widget_type=\"image.default\">\n\t\t\t\t<div class=\"elementor-widget-container\">\n\t\t\t\t\t\t\t\t\t\t\t\t<figure class=\"wp-caption\">\n\t\t\t\t\t\t\t\t\t\t<img decoding=\"async\" width=\"800\" height=\"600\" src=\"https:\/\/www.gei-gitterroste.de\/wp-content\/uploads\/2026\/01\/Sonnenschutz-Buroraume-hergestellt-aus-Standardrosten.jpg\" class=\"attachment-full size-full wp-image-11975\" alt=\"Sun shading for office spaces, made from standard grating\" srcset=\"https:\/\/www.gei-gitterroste.de\/wp-content\/uploads\/2026\/01\/Sonnenschutz-Buroraume-hergestellt-aus-Standardrosten.jpg 800w, https:\/\/www.gei-gitterroste.de\/wp-content\/uploads\/2026\/01\/Sonnenschutz-Buroraume-hergestellt-aus-Standardrosten-300x225.jpg 300w, https:\/\/www.gei-gitterroste.de\/wp-content\/uploads\/2026\/01\/Sonnenschutz-Buroraume-hergestellt-aus-Standardrosten-768x576.jpg 768w, https:\/\/www.gei-gitterroste.de\/wp-content\/uploads\/2026\/01\/Sonnenschutz-Buroraume-hergestellt-aus-Standardrosten-16x12.jpg 16w, https:\/\/www.gei-gitterroste.de\/wp-content\/uploads\/2026\/01\/Sonnenschutz-Buroraume-hergestellt-aus-Standardrosten-600x450.jpg 600w\" sizes=\"(max-width: 800px) 100vw, 800px\" \/>\t\t\t\t\t\t\t\t\t\t\t<figcaption class=\"widget-image-caption wp-caption-text\">Sun shading for office spaces, made from standard grating\n<\/figcaption>\n\t\t\t\t\t\t\t\t\t\t<\/figure>\n\t\t\t\t\t\t\t\t\t<\/div>\n\t\t\t\t<\/div>\n\t\t\t\t\t<\/div>\n\t\t<\/div>\n\t\t\t\t\t<\/div>\n\t\t<\/section>\n\t\t\t\t<section class=\"elementor-section elementor-top-section elementor-element elementor-element-e5ccbca elementor-section-boxed elementor-section-height-default elementor-section-height-default\" data-id=\"e5ccbca\" data-element_type=\"section\" data-e-type=\"section\">\n\t\t\t\t\t\t<div class=\"elementor-container elementor-column-gap-default\">\n\t\t\t\t\t<div class=\"elementor-column elementor-col-50 elementor-top-column elementor-element elementor-element-77d6750\" data-id=\"77d6750\" data-element_type=\"column\" data-e-type=\"column\">\n\t\t\t<div class=\"elementor-widget-wrap elementor-element-populated\">\n\t\t\t\t\t\t<div class=\"elementor-element elementor-element-0c4022b elementor-align-center elementor-widget elementor-widget-button\" data-id=\"0c4022b\" data-element_type=\"widget\" data-e-type=\"widget\" data-widget_type=\"button.default\">\n\t\t\t\t<div class=\"elementor-widget-container\">\n\t\t\t\t\t\t\t\t\t<div class=\"elementor-button-wrapper\">\n\t\t\t\t\t<a class=\"elementor-button elementor-button-link elementor-size-sm\" href=\"https:\/\/www.gei-gitterroste.de\/en\/gratings-press-locked-gratings-sun-shadings\/\">\n\t\t\t\t\t\t<span class=\"elementor-button-content-wrapper\">\n\t\t\t\t\t\t\t\t\t<span class=\"elementor-button-text\">More information<\/span>\n\t\t\t\t\t<\/span>\n\t\t\t\t\t<\/a>\n\t\t\t\t<\/div>\n\t\t\t\t\t\t\t\t<\/div>\n\t\t\t\t<\/div>\n\t\t\t\t\t<\/div>\n\t\t<\/div>\n\t\t\t\t<div class=\"elementor-column elementor-col-50 elementor-top-column elementor-element elementor-element-e41ad20\" data-id=\"e41ad20\" data-element_type=\"column\" data-e-type=\"column\">\n\t\t\t<div class=\"elementor-widget-wrap elementor-element-populated\">\n\t\t\t\t\t\t<div class=\"elementor-element elementor-element-92f3400 elementor-align-center elementor-widget elementor-widget-button\" data-id=\"92f3400\" data-element_type=\"widget\" data-e-type=\"widget\" data-widget_type=\"button.default\">\n\t\t\t\t<div class=\"elementor-widget-container\">\n\t\t\t\t\t\t\t\t\t<div class=\"elementor-button-wrapper\">\n\t\t\t\t\t<a class=\"elementor-button elementor-button-link elementor-size-sm\" href=\"https:\/\/www.gei-gitterroste.de\/en\/contact-contact-us-2\/\">\n\t\t\t\t\t\t<span class=\"elementor-button-content-wrapper\">\n\t\t\t\t\t\t\t\t\t<span class=\"elementor-button-text\">Contact Us<\/span>\n\t\t\t\t\t<\/span>\n\t\t\t\t\t<\/a>\n\t\t\t\t<\/div>\n\t\t\t\t\t\t\t\t<\/div>\n\t\t\t\t<\/div>\n\t\t\t\t\t<\/div>\n\t\t<\/div>\n\t\t\t\t\t<\/div>\n\t\t<\/section>\n\t\t\t\t<\/div>","protected":false},"excerpt":{"rendered":"<p>Gitterrost f\u00fcr Sonnenschutz Als Sonnenschutz erm\u00f6glicht der Gitterrost die Filterung und Abschw\u00e4chung des Lichteinfalls. Der wegen seiner optischen Wirkung als Sonnenschutz verwendete Pressrost l\u00e4sst Formenspiele mit dem Licht zu, so dass je nach Betrachtungswinkel eine andere Optik entsteht. Der Sichtschutz aus Pressrost wirkt einer \u00dcberhitzung im Sommer entgegen, h\u00e4lt die Bereiche k\u00fchl und sorgt f\u00fcr [&hellip;]<\/p>\n","protected":false},"author":8,"featured_media":0,"parent":0,"menu_order":0,"comment_status":"closed","ping_status":"closed","template":"","meta":{"footnotes":""},"class_list":["post-11967","page","type-page","status-publish","hentry"],"yoast_head":"<!-- This site is optimized with the Yoast SEO plugin v27.5 - https:\/\/yoast.com\/product\/yoast-seo-wordpress\/ -->\n<title>Gitterroste f\u00fcr Sonnenschutz aus Metall, Gitterroste f\u00fcr Sonnenschutz &amp; Fassaden | GEI Gitterroste<\/title>\n<meta name=\"description\" content=\"Gitterroste als effektiver Sonnenschutz: robuste Metallgitter f\u00fcr Fassaden, Industrie und Architektur. Ma\u00dfanfertigung von GEI.\" \/>\n<meta name=\"robots\" content=\"index, follow, max-snippet:-1, max-image-preview:large, max-video-preview:-1\" \/>\n<link rel=\"canonical\" href=\"https:\/\/www.gei-gitterroste.de\/en\/gitterroste-fuer-sonnenschutz\/\" \/>\n<meta property=\"og:locale\" content=\"en_GB\" \/>\n<meta property=\"og:type\" content=\"article\" \/>\n<meta property=\"og:title\" content=\"Gitterroste f\u00fcr Sonnenschutz aus Metall, Gitterroste f\u00fcr Sonnenschutz &amp; Fassaden | GEI Gitterroste\" \/>\n<meta property=\"og:description\" content=\"Gitterroste als effektiver Sonnenschutz: robuste Metallgitter f\u00fcr Fassaden, Industrie und Architektur. Ma\u00dfanfertigung von GEI.\" \/>\n<meta property=\"og:url\" content=\"https:\/\/www.gei-gitterroste.de\/en\/gitterroste-fuer-sonnenschutz\/\" \/>\n<meta property=\"og:site_name\" content=\"GEI Gitterroste\" \/>\n<meta property=\"article:modified_time\" content=\"2026-01-30T13:06:05+00:00\" \/>\n<meta property=\"og:image\" content=\"https:\/\/www.gei-gitterroste.de\/wp-content\/uploads\/2026\/01\/Sonnenschutz-aus-Pressrost-mit-Zuschnitt-passend-zur-Gebaudearchitektur.jpg\" \/>\n<meta name=\"twitter:card\" content=\"summary_large_image\" \/>\n<meta name=\"twitter:label1\" content=\"Estimated reading time\" \/>\n\t<meta name=\"twitter:data1\" content=\"2 minutes\" \/>\n<script type=\"application\/ld+json\" class=\"yoast-schema-graph\">{\"@context\":\"https:\\\/\\\/schema.org\",\"@graph\":[{\"@type\":\"WebPage\",\"@id\":\"https:\\\/\\\/www.gei-gitterroste.de\\\/gitterroste-fuer-sonnenschutz\\\/\",\"url\":\"https:\\\/\\\/www.gei-gitterroste.de\\\/gitterroste-fuer-sonnenschutz\\\/\",\"name\":\"Gitterroste f\u00fcr Sonnenschutz aus Metall, Gitterroste f\u00fcr Sonnenschutz & Fassaden | GEI Gitterroste\",\"isPartOf\":{\"@id\":\"https:\\\/\\\/www.gei-gitterroste.de\\\/de\\\/#website\"},\"primaryImageOfPage\":{\"@id\":\"https:\\\/\\\/www.gei-gitterroste.de\\\/gitterroste-fuer-sonnenschutz\\\/#primaryimage\"},\"image\":{\"@id\":\"https:\\\/\\\/www.gei-gitterroste.de\\\/gitterroste-fuer-sonnenschutz\\\/#primaryimage\"},\"thumbnailUrl\":\"https:\\\/\\\/www.gei-gitterroste.de\\\/wp-content\\\/uploads\\\/2026\\\/01\\\/Sonnenschutz-aus-Pressrost-mit-Zuschnitt-passend-zur-Gebaudearchitektur.jpg\",\"datePublished\":\"2026-01-28T15:20:30+00:00\",\"dateModified\":\"2026-01-30T13:06:05+00:00\",\"description\":\"Gitterroste als effektiver Sonnenschutz: robuste Metallgitter f\u00fcr Fassaden, Industrie und Architektur. Ma\u00dfanfertigung von GEI.\",\"breadcrumb\":{\"@id\":\"https:\\\/\\\/www.gei-gitterroste.de\\\/gitterroste-fuer-sonnenschutz\\\/#breadcrumb\"},\"inLanguage\":\"en-GB\",\"potentialAction\":[{\"@type\":\"ReadAction\",\"target\":[\"https:\\\/\\\/www.gei-gitterroste.de\\\/gitterroste-fuer-sonnenschutz\\\/\"]}]},{\"@type\":\"ImageObject\",\"inLanguage\":\"en-GB\",\"@id\":\"https:\\\/\\\/www.gei-gitterroste.de\\\/gitterroste-fuer-sonnenschutz\\\/#primaryimage\",\"url\":\"https:\\\/\\\/www.gei-gitterroste.de\\\/wp-content\\\/uploads\\\/2026\\\/01\\\/Sonnenschutz-aus-Pressrost-mit-Zuschnitt-passend-zur-Gebaudearchitektur.jpg\",\"contentUrl\":\"https:\\\/\\\/www.gei-gitterroste.de\\\/wp-content\\\/uploads\\\/2026\\\/01\\\/Sonnenschutz-aus-Pressrost-mit-Zuschnitt-passend-zur-Gebaudearchitektur.jpg\"},{\"@type\":\"BreadcrumbList\",\"@id\":\"https:\\\/\\\/www.gei-gitterroste.de\\\/gitterroste-fuer-sonnenschutz\\\/#breadcrumb\",\"itemListElement\":[{\"@type\":\"ListItem\",\"position\":1,\"name\":\"Startseite\",\"item\":\"https:\\\/\\\/www.gei-gitterroste.de\\\/de\\\/\"},{\"@type\":\"ListItem\",\"position\":2,\"name\":\"Gitterroste f\u00fcr Sonnenschutz\"}]},{\"@type\":\"WebSite\",\"@id\":\"https:\\\/\\\/www.gei-gitterroste.de\\\/de\\\/#website\",\"url\":\"https:\\\/\\\/www.gei-gitterroste.de\\\/de\\\/\",\"name\":\"GEI Gitterroste\",\"description\":\"\",\"publisher\":{\"@id\":\"https:\\\/\\\/www.gei-gitterroste.de\\\/de\\\/#organization\"},\"potentialAction\":[{\"@type\":\"SearchAction\",\"target\":{\"@type\":\"EntryPoint\",\"urlTemplate\":\"https:\\\/\\\/www.gei-gitterroste.de\\\/de\\\/?s={search_term_string}\"},\"query-input\":{\"@type\":\"PropertyValueSpecification\",\"valueRequired\":true,\"valueName\":\"search_term_string\"}}],\"inLanguage\":\"en-GB\"},{\"@type\":\"Organization\",\"@id\":\"https:\\\/\\\/www.gei-gitterroste.de\\\/de\\\/#organization\",\"name\":\"GEI Gitterroste\",\"url\":\"https:\\\/\\\/www.gei-gitterroste.de\\\/de\\\/\",\"logo\":{\"@type\":\"ImageObject\",\"inLanguage\":\"en-GB\",\"@id\":\"https:\\\/\\\/www.gei-gitterroste.de\\\/de\\\/#\\\/schema\\\/logo\\\/image\\\/\",\"url\":\"https:\\\/\\\/www.gei-gitterroste.de\\\/wp-content\\\/uploads\\\/2021\\\/06\\\/gei_logo-1.svg\",\"contentUrl\":\"https:\\\/\\\/www.gei-gitterroste.de\\\/wp-content\\\/uploads\\\/2021\\\/06\\\/gei_logo-1.svg\",\"width\":580.6,\"height\":215.9,\"caption\":\"GEI Gitterroste\"},\"image\":{\"@id\":\"https:\\\/\\\/www.gei-gitterroste.de\\\/de\\\/#\\\/schema\\\/logo\\\/image\\\/\"}}]}<\/script>\n<!-- \/ Yoast SEO plugin. -->","yoast_head_json":{"title":"Gitterroste f\u00fcr Sonnenschutz aus Metall, Gitterroste f\u00fcr Sonnenschutz & Fassaden | GEI Gitterroste","description":"Gitterroste als effektiver Sonnenschutz: robuste Metallgitter f\u00fcr Fassaden, Industrie und Architektur. Ma\u00dfanfertigung von GEI.","robots":{"index":"index","follow":"follow","max-snippet":"max-snippet:-1","max-image-preview":"max-image-preview:large","max-video-preview":"max-video-preview:-1"},"canonical":"https:\/\/www.gei-gitterroste.de\/en\/gitterroste-fuer-sonnenschutz\/","og_locale":"en_GB","og_type":"article","og_title":"Gitterroste f\u00fcr Sonnenschutz aus Metall, Gitterroste f\u00fcr Sonnenschutz & Fassaden | GEI Gitterroste","og_description":"Gitterroste als effektiver Sonnenschutz: robuste Metallgitter f\u00fcr Fassaden, Industrie und Architektur. Ma\u00dfanfertigung von GEI.","og_url":"https:\/\/www.gei-gitterroste.de\/en\/gitterroste-fuer-sonnenschutz\/","og_site_name":"GEI Gitterroste","article_modified_time":"2026-01-30T13:06:05+00:00","og_image":[{"url":"https:\/\/www.gei-gitterroste.de\/wp-content\/uploads\/2026\/01\/Sonnenschutz-aus-Pressrost-mit-Zuschnitt-passend-zur-Gebaudearchitektur.jpg","type":"","width":"","height":""}],"twitter_card":"summary_large_image","twitter_misc":{"Estimated reading time":"2 minutes"},"schema":{"@context":"https:\/\/schema.org","@graph":[{"@type":"WebPage","@id":"https:\/\/www.gei-gitterroste.de\/gitterroste-fuer-sonnenschutz\/","url":"https:\/\/www.gei-gitterroste.de\/gitterroste-fuer-sonnenschutz\/","name":"Gitterroste f\u00fcr Sonnenschutz aus Metall, Gitterroste f\u00fcr Sonnenschutz & Fassaden | GEI Gitterroste","isPartOf":{"@id":"https:\/\/www.gei-gitterroste.de\/de\/#website"},"primaryImageOfPage":{"@id":"https:\/\/www.gei-gitterroste.de\/gitterroste-fuer-sonnenschutz\/#primaryimage"},"image":{"@id":"https:\/\/www.gei-gitterroste.de\/gitterroste-fuer-sonnenschutz\/#primaryimage"},"thumbnailUrl":"https:\/\/www.gei-gitterroste.de\/wp-content\/uploads\/2026\/01\/Sonnenschutz-aus-Pressrost-mit-Zuschnitt-passend-zur-Gebaudearchitektur.jpg","datePublished":"2026-01-28T15:20:30+00:00","dateModified":"2026-01-30T13:06:05+00:00","description":"Gitterroste als effektiver Sonnenschutz: robuste Metallgitter f\u00fcr Fassaden, Industrie und Architektur. Ma\u00dfanfertigung von GEI.","breadcrumb":{"@id":"https:\/\/www.gei-gitterroste.de\/gitterroste-fuer-sonnenschutz\/#breadcrumb"},"inLanguage":"en-GB","potentialAction":[{"@type":"ReadAction","target":["https:\/\/www.gei-gitterroste.de\/gitterroste-fuer-sonnenschutz\/"]}]},{"@type":"ImageObject","inLanguage":"en-GB","@id":"https:\/\/www.gei-gitterroste.de\/gitterroste-fuer-sonnenschutz\/#primaryimage","url":"https:\/\/www.gei-gitterroste.de\/wp-content\/uploads\/2026\/01\/Sonnenschutz-aus-Pressrost-mit-Zuschnitt-passend-zur-Gebaudearchitektur.jpg","contentUrl":"https:\/\/www.gei-gitterroste.de\/wp-content\/uploads\/2026\/01\/Sonnenschutz-aus-Pressrost-mit-Zuschnitt-passend-zur-Gebaudearchitektur.jpg"},{"@type":"BreadcrumbList","@id":"https:\/\/www.gei-gitterroste.de\/gitterroste-fuer-sonnenschutz\/#breadcrumb","itemListElement":[{"@type":"ListItem","position":1,"name":"Startseite","item":"https:\/\/www.gei-gitterroste.de\/de\/"},{"@type":"ListItem","position":2,"name":"Gitterroste f\u00fcr Sonnenschutz"}]},{"@type":"WebSite","@id":"https:\/\/www.gei-gitterroste.de\/de\/#website","url":"https:\/\/www.gei-gitterroste.de\/de\/","name":"shelf gratings","description":"","publisher":{"@id":"https:\/\/www.gei-gitterroste.de\/de\/#organization"},"potentialAction":[{"@type":"SearchAction","target":{"@type":"EntryPoint","urlTemplate":"https:\/\/www.gei-gitterroste.de\/de\/?s={search_term_string}"},"query-input":{"@type":"PropertyValueSpecification","valueRequired":true,"valueName":"search_term_string"}}],"inLanguage":"en-GB"},{"@type":"Organization","@id":"https:\/\/www.gei-gitterroste.de\/de\/#organization","name":"shelf gratings","url":"https:\/\/www.gei-gitterroste.de\/de\/","logo":{"@type":"ImageObject","inLanguage":"en-GB","@id":"https:\/\/www.gei-gitterroste.de\/de\/#\/schema\/logo\/image\/","url":"https:\/\/www.gei-gitterroste.de\/wp-content\/uploads\/2021\/06\/gei_logo-1.svg","contentUrl":"https:\/\/www.gei-gitterroste.de\/wp-content\/uploads\/2021\/06\/gei_logo-1.svg","width":580.6,"height":215.9,"caption":"GEI Gitterroste"},"image":{"@id":"https:\/\/www.gei-gitterroste.de\/de\/#\/schema\/logo\/image\/"}}]}},"_links":{"self":[{"href":"https:\/\/www.gei-gitterroste.de\/en\/wp-json\/wp\/v2\/pages\/11967","targetHints":{"allow":["GET"]}}],"collection":[{"href":"https:\/\/www.gei-gitterroste.de\/en\/wp-json\/wp\/v2\/pages"}],"about":[{"href":"https:\/\/www.gei-gitterroste.de\/en\/wp-json\/wp\/v2\/types\/page"}],"author":[{"embeddable":true,"href":"https:\/\/www.gei-gitterroste.de\/en\/wp-json\/wp\/v2\/users\/8"}],"replies":[{"embeddable":true,"href":"https:\/\/www.gei-gitterroste.de\/en\/wp-json\/wp\/v2\/comments?post=11967"}],"version-history":[{"count":7,"href":"https:\/\/www.gei-gitterroste.de\/en\/wp-json\/wp\/v2\/pages\/11967\/revisions"}],"predecessor-version":[{"id":11983,"href":"https:\/\/www.gei-gitterroste.de\/en\/wp-json\/wp\/v2\/pages\/11967\/revisions\/11983"}],"wp:attachment":[{"href":"https:\/\/www.gei-gitterroste.de\/en\/wp-json\/wp\/v2\/media?parent=11967"}],"curies":[{"name":"wp","href":"https:\/\/api.w.org\/{rel}","templated":true}]}}