{"id":12601,"date":"2026-02-20T16:11:18","date_gmt":"2026-02-20T16:11:18","guid":{"rendered":"https:\/\/www.gei-gitterroste.de\/?page_id=12601"},"modified":"2026-02-20T16:34:31","modified_gmt":"2026-02-20T16:34:31","slug":"vor-und-nachteile","status":"publish","type":"page","link":"https:\/\/www.gei-gitterroste.de\/en\/vor-und-nachteile\/","title":{"rendered":"Pros and Cons"},"content":{"rendered":"<div data-elementor-type=\"wp-page\" data-elementor-id=\"12601\" class=\"elementor elementor-12601\" data-elementor-post-type=\"page\">\n\t\t\t\t\t\t<section class=\"elementor-section elementor-top-section elementor-element elementor-element-2a6c317 elementor-section-boxed elementor-section-height-default elementor-section-height-default\" data-id=\"2a6c317\" data-element_type=\"section\" data-e-type=\"section\">\n\t\t\t\t\t\t<div class=\"elementor-container elementor-column-gap-default\">\n\t\t\t\t\t<div class=\"elementor-column elementor-col-100 elementor-top-column elementor-element elementor-element-ddd194d\" data-id=\"ddd194d\" data-element_type=\"column\" data-e-type=\"column\">\n\t\t\t<div class=\"elementor-widget-wrap elementor-element-populated\">\n\t\t\t\t\t\t<div class=\"elementor-element elementor-element-13690dc topd2b elementor-widget elementor-widget-heading\" data-id=\"13690dc\" data-element_type=\"widget\" data-e-type=\"widget\" data-widget_type=\"heading.default\">\n\t\t\t\t<div class=\"elementor-widget-container\">\n\t\t\t\t\t<h2 class=\"elementor-heading-title elementor-size-default\">Pros and Cons <\/h2>\t\t\t\t<\/div>\n\t\t\t\t<\/div>\n\t\t\t\t<div class=\"elementor-element elementor-element-77bb1ad elementor-widget elementor-widget-text-editor\" data-id=\"77bb1ad\" data-element_type=\"widget\" data-e-type=\"widget\" data-widget_type=\"text-editor.default\">\n\t\t\t\t<div class=\"elementor-widget-container\">\n\t\t\t\t\t\t\t\t\t<p>All materials can be customized to suit your requirements in terms of dimensions, mesh type and surface treatment. They integrate seamlessly into their surroundings, are easy to clean and require \nonly minimal maintenance.<\/p>\t\t\t\t\t\t\t\t<\/div>\n\t\t\t\t<\/div>\n\t\t\t\t\t<\/div>\n\t\t<\/div>\n\t\t\t\t\t<\/div>\n\t\t<\/section>\n\t\t\t\t<section class=\"elementor-section elementor-top-section elementor-element elementor-element-569ac40 elementor-section-boxed elementor-section-height-default elementor-section-height-default\" data-id=\"569ac40\" data-element_type=\"section\" data-e-type=\"section\">\n\t\t\t\t\t\t<div class=\"elementor-container elementor-column-gap-default\">\n\t\t\t\t\t<div class=\"elementor-column elementor-col-16 elementor-top-column elementor-element elementor-element-fb2ee72\" data-id=\"fb2ee72\" data-element_type=\"column\" data-e-type=\"column\">\n\t\t\t<div class=\"elementor-widget-wrap elementor-element-populated\">\n\t\t\t\t\t\t<div class=\"elementor-element elementor-element-b83ccd8 elementor-widget elementor-widget-image\" data-id=\"b83ccd8\" data-element_type=\"widget\" data-e-type=\"widget\" data-widget_type=\"image.default\">\n\t\t\t\t<div class=\"elementor-widget-container\">\n\t\t\t\t\t\t\t\t\t\t\t\t<figure class=\"wp-caption\">\n\t\t\t\t\t\t\t\t\t\t<img fetchpriority=\"high\" decoding=\"async\" width=\"800\" height=\"600\" src=\"https:\/\/www.gei-gitterroste.de\/wp-content\/uploads\/2026\/02\/stahl.webp\" class=\"attachment-full size-full wp-image-12603\" alt=\"\" srcset=\"https:\/\/www.gei-gitterroste.de\/wp-content\/uploads\/2026\/02\/stahl.webp 800w, https:\/\/www.gei-gitterroste.de\/wp-content\/uploads\/2026\/02\/stahl-300x225.webp 300w, https:\/\/www.gei-gitterroste.de\/wp-content\/uploads\/2026\/02\/stahl-768x576.webp 768w, https:\/\/www.gei-gitterroste.de\/wp-content\/uploads\/2026\/02\/stahl-16x12.webp 16w, https:\/\/www.gei-gitterroste.de\/wp-content\/uploads\/2026\/02\/stahl-600x450.webp 600w\" sizes=\"(max-width: 800px) 100vw, 800px\" \/>\t\t\t\t\t\t\t\t\t\t\t<figcaption class=\"widget-image-caption wp-caption-text\">Steel<\/figcaption>\n\t\t\t\t\t\t\t\t\t\t<\/figure>\n\t\t\t\t\t\t\t\t\t<\/div>\n\t\t\t\t<\/div>\n\t\t\t\t\t<\/div>\n\t\t<\/div>\n\t\t\t\t<div class=\"elementor-column elementor-col-16 elementor-top-column elementor-element elementor-element-59f0219\" data-id=\"59f0219\" data-element_type=\"column\" data-e-type=\"column\">\n\t\t\t<div class=\"elementor-widget-wrap elementor-element-populated\">\n\t\t\t\t\t\t<div class=\"elementor-element elementor-element-5a958fb elementor-widget elementor-widget-image\" data-id=\"5a958fb\" data-element_type=\"widget\" data-e-type=\"widget\" data-widget_type=\"image.default\">\n\t\t\t\t<div class=\"elementor-widget-container\">\n\t\t\t\t\t\t\t\t\t\t\t\t<figure class=\"wp-caption\">\n\t\t\t\t\t\t\t\t\t\t<img decoding=\"async\" width=\"800\" height=\"600\" src=\"https:\/\/www.gei-gitterroste.de\/wp-content\/uploads\/2026\/02\/Corten-Stahl.webp\" class=\"attachment-full size-full wp-image-12604\" alt=\"\" srcset=\"https:\/\/www.gei-gitterroste.de\/wp-content\/uploads\/2026\/02\/Corten-Stahl.webp 800w, https:\/\/www.gei-gitterroste.de\/wp-content\/uploads\/2026\/02\/Corten-Stahl-300x225.webp 300w, https:\/\/www.gei-gitterroste.de\/wp-content\/uploads\/2026\/02\/Corten-Stahl-768x576.webp 768w, https:\/\/www.gei-gitterroste.de\/wp-content\/uploads\/2026\/02\/Corten-Stahl-16x12.webp 16w, https:\/\/www.gei-gitterroste.de\/wp-content\/uploads\/2026\/02\/Corten-Stahl-600x450.webp 600w\" sizes=\"(max-width: 800px) 100vw, 800px\" \/>\t\t\t\t\t\t\t\t\t\t\t<figcaption class=\"widget-image-caption wp-caption-text\">Corten Steel<\/figcaption>\n\t\t\t\t\t\t\t\t\t\t<\/figure>\n\t\t\t\t\t\t\t\t\t<\/div>\n\t\t\t\t<\/div>\n\t\t\t\t\t<\/div>\n\t\t<\/div>\n\t\t\t\t<div class=\"elementor-column elementor-col-16 elementor-top-column elementor-element elementor-element-b4005b8\" data-id=\"b4005b8\" data-element_type=\"column\" data-e-type=\"column\">\n\t\t\t<div class=\"elementor-widget-wrap elementor-element-populated\">\n\t\t\t\t\t\t<div class=\"elementor-element elementor-element-3391831 elementor-widget elementor-widget-image\" data-id=\"3391831\" data-element_type=\"widget\" data-e-type=\"widget\" data-widget_type=\"image.default\">\n\t\t\t\t<div class=\"elementor-widget-container\">\n\t\t\t\t\t\t\t\t\t\t\t\t<figure class=\"wp-caption\">\n\t\t\t\t\t\t\t\t\t\t<img decoding=\"async\" width=\"800\" height=\"600\" src=\"https:\/\/www.gei-gitterroste.de\/wp-content\/uploads\/2026\/02\/Edelstahl.webp\" class=\"attachment-full size-full wp-image-12605\" alt=\"\" srcset=\"https:\/\/www.gei-gitterroste.de\/wp-content\/uploads\/2026\/02\/Edelstahl.webp 800w, https:\/\/www.gei-gitterroste.de\/wp-content\/uploads\/2026\/02\/Edelstahl-300x225.webp 300w, https:\/\/www.gei-gitterroste.de\/wp-content\/uploads\/2026\/02\/Edelstahl-768x576.webp 768w, https:\/\/www.gei-gitterroste.de\/wp-content\/uploads\/2026\/02\/Edelstahl-16x12.webp 16w, https:\/\/www.gei-gitterroste.de\/wp-content\/uploads\/2026\/02\/Edelstahl-600x450.webp 600w\" sizes=\"(max-width: 800px) 100vw, 800px\" \/>\t\t\t\t\t\t\t\t\t\t\t<figcaption class=\"widget-image-caption wp-caption-text\">Stainless steel<\/figcaption>\n\t\t\t\t\t\t\t\t\t\t<\/figure>\n\t\t\t\t\t\t\t\t\t<\/div>\n\t\t\t\t<\/div>\n\t\t\t\t\t<\/div>\n\t\t<\/div>\n\t\t\t\t<div class=\"elementor-column elementor-col-16 elementor-top-column elementor-element elementor-element-1a41fa5\" data-id=\"1a41fa5\" data-element_type=\"column\" data-e-type=\"column\">\n\t\t\t<div class=\"elementor-widget-wrap elementor-element-populated\">\n\t\t\t\t\t\t<div class=\"elementor-element elementor-element-7882aeb elementor-widget elementor-widget-image\" data-id=\"7882aeb\" data-element_type=\"widget\" data-e-type=\"widget\" data-widget_type=\"image.default\">\n\t\t\t\t<div class=\"elementor-widget-container\">\n\t\t\t\t\t\t\t\t\t\t\t\t<figure class=\"wp-caption\">\n\t\t\t\t\t\t\t\t\t\t<img loading=\"lazy\" decoding=\"async\" width=\"800\" height=\"600\" src=\"https:\/\/www.gei-gitterroste.de\/wp-content\/uploads\/2026\/02\/Aluminium.webp\" class=\"attachment-full size-full wp-image-12606\" alt=\"\" srcset=\"https:\/\/www.gei-gitterroste.de\/wp-content\/uploads\/2026\/02\/Aluminium.webp 800w, https:\/\/www.gei-gitterroste.de\/wp-content\/uploads\/2026\/02\/Aluminium-300x225.webp 300w, https:\/\/www.gei-gitterroste.de\/wp-content\/uploads\/2026\/02\/Aluminium-768x576.webp 768w, https:\/\/www.gei-gitterroste.de\/wp-content\/uploads\/2026\/02\/Aluminium-16x12.webp 16w, https:\/\/www.gei-gitterroste.de\/wp-content\/uploads\/2026\/02\/Aluminium-600x450.webp 600w\" sizes=\"(max-width: 800px) 100vw, 800px\" \/>\t\t\t\t\t\t\t\t\t\t\t<figcaption class=\"widget-image-caption wp-caption-text\">Aluminium<\/figcaption>\n\t\t\t\t\t\t\t\t\t\t<\/figure>\n\t\t\t\t\t\t\t\t\t<\/div>\n\t\t\t\t<\/div>\n\t\t\t\t\t<\/div>\n\t\t<\/div>\n\t\t\t\t<div class=\"elementor-column elementor-col-16 elementor-top-column elementor-element elementor-element-c334e2b\" data-id=\"c334e2b\" data-element_type=\"column\" data-e-type=\"column\">\n\t\t\t<div class=\"elementor-widget-wrap elementor-element-populated\">\n\t\t\t\t\t\t<div class=\"elementor-element elementor-element-39afc72 elementor-widget elementor-widget-image\" data-id=\"39afc72\" data-element_type=\"widget\" data-e-type=\"widget\" data-widget_type=\"image.default\">\n\t\t\t\t<div class=\"elementor-widget-container\">\n\t\t\t\t\t\t\t\t\t\t\t\t<figure class=\"wp-caption\">\n\t\t\t\t\t\t\t\t\t\t<img loading=\"lazy\" decoding=\"async\" width=\"800\" height=\"600\" src=\"https:\/\/www.gei-gitterroste.de\/wp-content\/uploads\/2026\/02\/GFK.webp\" class=\"attachment-full size-full wp-image-12607\" alt=\"\" srcset=\"https:\/\/www.gei-gitterroste.de\/wp-content\/uploads\/2026\/02\/GFK.webp 800w, https:\/\/www.gei-gitterroste.de\/wp-content\/uploads\/2026\/02\/GFK-300x225.webp 300w, https:\/\/www.gei-gitterroste.de\/wp-content\/uploads\/2026\/02\/GFK-768x576.webp 768w, https:\/\/www.gei-gitterroste.de\/wp-content\/uploads\/2026\/02\/GFK-16x12.webp 16w, https:\/\/www.gei-gitterroste.de\/wp-content\/uploads\/2026\/02\/GFK-600x450.webp 600w\" sizes=\"(max-width: 800px) 100vw, 800px\" \/>\t\t\t\t\t\t\t\t\t\t\t<figcaption class=\"widget-image-caption wp-caption-text\">GRP<\/figcaption>\n\t\t\t\t\t\t\t\t\t\t<\/figure>\n\t\t\t\t\t\t\t\t\t<\/div>\n\t\t\t\t<\/div>\n\t\t\t\t\t<\/div>\n\t\t<\/div>\n\t\t\t\t<div class=\"elementor-column elementor-col-16 elementor-top-column elementor-element elementor-element-e6ec53e\" data-id=\"e6ec53e\" data-element_type=\"column\" data-e-type=\"column\">\n\t\t\t<div class=\"elementor-widget-wrap elementor-element-populated\">\n\t\t\t\t\t\t<div class=\"elementor-element elementor-element-286dc9c elementor-widget elementor-widget-image\" data-id=\"286dc9c\" data-element_type=\"widget\" data-e-type=\"widget\" data-widget_type=\"image.default\">\n\t\t\t\t<div class=\"elementor-widget-container\">\n\t\t\t\t\t\t\t\t\t\t\t\t<figure class=\"wp-caption\">\n\t\t\t\t\t\t\t\t\t\t<img loading=\"lazy\" decoding=\"async\" width=\"800\" height=\"600\" src=\"https:\/\/www.gei-gitterroste.de\/wp-content\/uploads\/2026\/02\/Gummi.webp\" class=\"attachment-full size-full wp-image-12609\" alt=\"\" srcset=\"https:\/\/www.gei-gitterroste.de\/wp-content\/uploads\/2026\/02\/Gummi.webp 800w, https:\/\/www.gei-gitterroste.de\/wp-content\/uploads\/2026\/02\/Gummi-300x225.webp 300w, https:\/\/www.gei-gitterroste.de\/wp-content\/uploads\/2026\/02\/Gummi-768x576.webp 768w, https:\/\/www.gei-gitterroste.de\/wp-content\/uploads\/2026\/02\/Gummi-16x12.webp 16w, https:\/\/www.gei-gitterroste.de\/wp-content\/uploads\/2026\/02\/Gummi-600x450.webp 600w\" sizes=\"(max-width: 800px) 100vw, 800px\" \/>\t\t\t\t\t\t\t\t\t\t\t<figcaption class=\"widget-image-caption wp-caption-text\">Rubber<\/figcaption>\n\t\t\t\t\t\t\t\t\t\t<\/figure>\n\t\t\t\t\t\t\t\t\t<\/div>\n\t\t\t\t<\/div>\n\t\t\t\t\t<\/div>\n\t\t<\/div>\n\t\t\t\t\t<\/div>\n\t\t<\/section>\n\t\t\t\t<section class=\"elementor-section elementor-top-section elementor-element elementor-element-cea6f23 elementor-section-boxed elementor-section-height-default elementor-section-height-default\" data-id=\"cea6f23\" data-element_type=\"section\" data-e-type=\"section\">\n\t\t\t\t\t\t<div class=\"elementor-container elementor-column-gap-default\">\n\t\t\t\t\t<div class=\"elementor-column elementor-col-100 elementor-top-column elementor-element elementor-element-2c4541f\" data-id=\"2c4541f\" data-element_type=\"column\" data-e-type=\"column\">\n\t\t\t<div class=\"elementor-widget-wrap elementor-element-populated\">\n\t\t\t\t\t\t<div class=\"elementor-element elementor-element-088c2af elementor-widget elementor-widget-spacer\" data-id=\"088c2af\" data-element_type=\"widget\" data-e-type=\"widget\" data-widget_type=\"spacer.default\">\n\t\t\t\t<div class=\"elementor-widget-container\">\n\t\t\t\t\t\t\t<div class=\"elementor-spacer\">\n\t\t\t<div class=\"elementor-spacer-inner\"><\/div>\n\t\t<\/div>\n\t\t\t\t\t\t<\/div>\n\t\t\t\t<\/div>\n\t\t\t\t<div class=\"elementor-element elementor-element-91c6ff8 elementor-widget elementor-widget-text-editor\" data-id=\"91c6ff8\" data-element_type=\"widget\" data-e-type=\"widget\" data-widget_type=\"text-editor.default\">\n\t\t\t\t<div class=\"elementor-widget-container\">\n\t\t\t\t\t\t\t\t\t<p>Overview of the advantages and disadvantages of each material:<\/p>\t\t\t\t\t\t\t\t<\/div>\n\t\t\t\t<\/div>\n\t\t\t\t<div class=\"elementor-element elementor-element-fa46991 elementor-widget elementor-widget-text-editor\" data-id=\"fa46991\" data-element_type=\"widget\" data-e-type=\"widget\" data-widget_type=\"text-editor.default\">\n\t\t\t\t<div class=\"elementor-widget-container\">\n\t\t\t\t\t\t\t\t\t<table width=\"100%\">\n<tbody>\n<tr>\n<td><strong>Material<\/strong><\/td>\n<td width=\"50%%\"><strong>Benefits<\/strong><\/td>\n<td><strong>Disadvantages<\/strong><\/td>\n<\/tr>\n<tr>\n<td>Steel<\/td>\n<td width=\"50%\">Robust, durable, cost-effective. Environmentally friendly: 100% recyclable. \nWith galvanizing: corrosion-resistant.<\/td>\n<td>Susceptible to rust without galvanizing. High energy cost: energy-intensive production.<\/td>\n<\/tr>\n<tr>\n<td>Corten Steel<\/td>\n<td width=\"50%\">No coating required. \nRecyclable and durable material. \nLow maintenance costs.<\/td>\n<td>Must not be used in contact with certain chemicals or in very humid environments.<\/td>\n<\/tr>\n<tr>\n<td>Stainless steel<\/td>\n<td width=\"50%\">Corrosion-resistant. \nChemical-resistant. \nMoisture-resistant. \nAesthetic.<\/td>\n<td>More expensive than steel.<\/td>\n<\/tr>\n<tr>\n<td>Aluminium<\/td>\n<td width=\"50%\">Easy to handle. \nLow weight: approx. one third of the weight of steel grating. \nModern aesthetic effect. \nParticularly suitable for decorative applications.<\/td>\n<td>Less robust than steel. \nMore expensive than steel.<\/td>\n<\/tr>\n<tr>\n<td>GRP (glass fiber)<\/td>\n<td width=\"50%\">Resistant to corrosion, weather and UV radiation. \nHigh chemical resistance. \nNon-conductive electrically. \nLow thermal conductivity. \nLoad-bearing in both directions.<\/td>\n<td>Less robust than steel.\nSuitable for pedestrian loads only.<\/td>\n<\/tr>\n<tr>\n<td>Rubber<\/td>\n<td width=\"50%\">Slip-resistant. \nWater- and UV-resistant. \nRecyclable, environmentally friendly. High user comfort. \nSoft. \nEasy to install.<\/td>\n<td>Less resistant than metal or GRP under extreme conditions.<\/td>\n<\/tr>\n<\/tbody>\n<\/table>\t\t\t\t\t\t\t\t<\/div>\n\t\t\t\t<\/div>\n\t\t\t\t\t<\/div>\n\t\t<\/div>\n\t\t\t\t\t<\/div>\n\t\t<\/section>\n\t\t\t\t<section class=\"elementor-section elementor-top-section elementor-element elementor-element-e57503b elementor-section-boxed elementor-section-height-default elementor-section-height-default\" data-id=\"e57503b\" data-element_type=\"section\" data-e-type=\"section\">\n\t\t\t\t\t\t<div class=\"elementor-container elementor-column-gap-default\">\n\t\t\t\t\t<div class=\"elementor-column elementor-col-100 elementor-top-column elementor-element elementor-element-5a4152a\" data-id=\"5a4152a\" data-element_type=\"column\" data-e-type=\"column\">\n\t\t\t<div class=\"elementor-widget-wrap elementor-element-populated\">\n\t\t\t\t\t\t<div class=\"elementor-element elementor-element-3e0a3c1 elementor-widget elementor-widget-spacer\" data-id=\"3e0a3c1\" data-element_type=\"widget\" data-e-type=\"widget\" data-widget_type=\"spacer.default\">\n\t\t\t\t<div class=\"elementor-widget-container\">\n\t\t\t\t\t\t\t<div class=\"elementor-spacer\">\n\t\t\t<div class=\"elementor-spacer-inner\"><\/div>\n\t\t<\/div>\n\t\t\t\t\t\t<\/div>\n\t\t\t\t<\/div>\n\t\t\t\t<div class=\"elementor-element elementor-element-b6ed973 elementor-align-center elementor-widget elementor-widget-button\" data-id=\"b6ed973\" data-element_type=\"widget\" data-e-type=\"widget\" data-widget_type=\"button.default\">\n\t\t\t\t<div class=\"elementor-widget-container\">\n\t\t\t\t\t\t\t\t\t<div class=\"elementor-button-wrapper\">\n\t\t\t\t\t<a class=\"elementor-button elementor-button-link elementor-size-sm\" href=\"https:\/\/www.gei-gitterroste.de\/en\/contact-contact-us-2\/\">\n\t\t\t\t\t\t<span class=\"elementor-button-content-wrapper\">\n\t\t\t\t\t\t\t\t\t<span class=\"elementor-button-text\">Contact Us<\/span>\n\t\t\t\t\t<\/span>\n\t\t\t\t\t<\/a>\n\t\t\t\t<\/div>\n\t\t\t\t\t\t\t\t<\/div>\n\t\t\t\t<\/div>\n\t\t\t\t\t<\/div>\n\t\t<\/div>\n\t\t\t\t\t<\/div>\n\t\t<\/section>\n\t\t\t\t<\/div>","protected":false},"excerpt":{"rendered":"<p>Vor- und Nachteile Alle Materialien k\u00f6nnen hinsichtlich Abmessungen, Maschentyp und Oberfl\u00e4chenbehandlung bedarfsgerecht angepasst werden und zeichnen sich dadurch aus, dass sie sich ausgezeichnet in ihre Umgebung einf\u00fcgen. Sie sind leicht zu reinigen und bed\u00fcrfen nur geringer Pflege. Stahl Corten-Stahl Edelstahl Aluminium GFK Gummi \u00dcbersicht \u00fcber die Vor- und Nachteile der jeweiligen Materialien: Material Vorteile Nachteile [&hellip;]<\/p>\n","protected":false},"author":8,"featured_media":0,"parent":0,"menu_order":0,"comment_status":"closed","ping_status":"closed","template":"","meta":{"footnotes":""},"class_list":["post-12601","page","type-page","status-publish","hentry"],"yoast_head":"<!-- This site is optimized with the Yoast SEO plugin v27.3 - https:\/\/yoast.com\/product\/yoast-seo-wordpress\/ -->\n<title>Materialien f\u00fcr industrielle Gitterroste: Vorteile | GEI Gitterroste<\/title>\n<meta name=\"description\" content=\"Entdecken Sie die Vorteile der verschiedenen Materialien, die f\u00fcr die Herstellung Ihrer Gitterroste angeboten werden, und kontaktieren Sie uns, um mehr zu erfahren.\" \/>\n<meta name=\"robots\" content=\"index, follow, max-snippet:-1, max-image-preview:large, max-video-preview:-1\" \/>\n<link rel=\"canonical\" href=\"https:\/\/www.gei-gitterroste.de\/en\/vor-und-nachteile\/\" \/>\n<meta property=\"og:locale\" content=\"en_GB\" \/>\n<meta property=\"og:type\" content=\"article\" \/>\n<meta property=\"og:title\" content=\"Materialien f\u00fcr industrielle Gitterroste: Vorteile | GEI Gitterroste\" \/>\n<meta property=\"og:description\" content=\"Entdecken Sie die Vorteile der verschiedenen Materialien, die f\u00fcr die Herstellung Ihrer Gitterroste angeboten werden, und kontaktieren Sie uns, um mehr zu erfahren.\" \/>\n<meta property=\"og:url\" content=\"https:\/\/www.gei-gitterroste.de\/en\/vor-und-nachteile\/\" \/>\n<meta property=\"og:site_name\" content=\"GEI Gitterroste\" \/>\n<meta property=\"article:modified_time\" content=\"2026-02-20T16:34:31+00:00\" \/>\n<meta property=\"og:image\" content=\"https:\/\/www.gei-gitterroste.de\/wp-content\/uploads\/2026\/02\/stahl.webp\" \/>\n<meta name=\"twitter:card\" content=\"summary_large_image\" \/>\n<meta name=\"twitter:label1\" content=\"Estimated reading time\" \/>\n\t<meta name=\"twitter:data1\" content=\"3 minutes\" \/>\n<script type=\"application\/ld+json\" class=\"yoast-schema-graph\">{\"@context\":\"https:\\\/\\\/schema.org\",\"@graph\":[{\"@type\":\"WebPage\",\"@id\":\"https:\\\/\\\/www.gei-gitterroste.de\\\/vor-und-nachteile\\\/\",\"url\":\"https:\\\/\\\/www.gei-gitterroste.de\\\/vor-und-nachteile\\\/\",\"name\":\"Materialien f\u00fcr industrielle Gitterroste: Vorteile | GEI Gitterroste\",\"isPartOf\":{\"@id\":\"https:\\\/\\\/www.gei-gitterroste.de\\\/de\\\/#website\"},\"primaryImageOfPage\":{\"@id\":\"https:\\\/\\\/www.gei-gitterroste.de\\\/vor-und-nachteile\\\/#primaryimage\"},\"image\":{\"@id\":\"https:\\\/\\\/www.gei-gitterroste.de\\\/vor-und-nachteile\\\/#primaryimage\"},\"thumbnailUrl\":\"https:\\\/\\\/www.gei-gitterroste.de\\\/wp-content\\\/uploads\\\/2026\\\/02\\\/stahl.webp\",\"datePublished\":\"2026-02-20T16:11:18+00:00\",\"dateModified\":\"2026-02-20T16:34:31+00:00\",\"description\":\"Entdecken Sie die Vorteile der verschiedenen Materialien, die f\u00fcr die Herstellung Ihrer Gitterroste angeboten werden, und kontaktieren Sie uns, um mehr zu erfahren.\",\"breadcrumb\":{\"@id\":\"https:\\\/\\\/www.gei-gitterroste.de\\\/vor-und-nachteile\\\/#breadcrumb\"},\"inLanguage\":\"en-GB\",\"potentialAction\":[{\"@type\":\"ReadAction\",\"target\":[\"https:\\\/\\\/www.gei-gitterroste.de\\\/vor-und-nachteile\\\/\"]}]},{\"@type\":\"ImageObject\",\"inLanguage\":\"en-GB\",\"@id\":\"https:\\\/\\\/www.gei-gitterroste.de\\\/vor-und-nachteile\\\/#primaryimage\",\"url\":\"https:\\\/\\\/www.gei-gitterroste.de\\\/wp-content\\\/uploads\\\/2026\\\/02\\\/stahl.webp\",\"contentUrl\":\"https:\\\/\\\/www.gei-gitterroste.de\\\/wp-content\\\/uploads\\\/2026\\\/02\\\/stahl.webp\"},{\"@type\":\"BreadcrumbList\",\"@id\":\"https:\\\/\\\/www.gei-gitterroste.de\\\/vor-und-nachteile\\\/#breadcrumb\",\"itemListElement\":[{\"@type\":\"ListItem\",\"position\":1,\"name\":\"Startseite\",\"item\":\"https:\\\/\\\/www.gei-gitterroste.de\\\/de\\\/\"},{\"@type\":\"ListItem\",\"position\":2,\"name\":\"Vor- und Nachteile\"}]},{\"@type\":\"WebSite\",\"@id\":\"https:\\\/\\\/www.gei-gitterroste.de\\\/de\\\/#website\",\"url\":\"https:\\\/\\\/www.gei-gitterroste.de\\\/de\\\/\",\"name\":\"GEI Gitterroste\",\"description\":\"\",\"publisher\":{\"@id\":\"https:\\\/\\\/www.gei-gitterroste.de\\\/de\\\/#organization\"},\"potentialAction\":[{\"@type\":\"SearchAction\",\"target\":{\"@type\":\"EntryPoint\",\"urlTemplate\":\"https:\\\/\\\/www.gei-gitterroste.de\\\/de\\\/?s={search_term_string}\"},\"query-input\":{\"@type\":\"PropertyValueSpecification\",\"valueRequired\":true,\"valueName\":\"search_term_string\"}}],\"inLanguage\":\"en-GB\"},{\"@type\":\"Organization\",\"@id\":\"https:\\\/\\\/www.gei-gitterroste.de\\\/de\\\/#organization\",\"name\":\"GEI Gitterroste\",\"url\":\"https:\\\/\\\/www.gei-gitterroste.de\\\/de\\\/\",\"logo\":{\"@type\":\"ImageObject\",\"inLanguage\":\"en-GB\",\"@id\":\"https:\\\/\\\/www.gei-gitterroste.de\\\/de\\\/#\\\/schema\\\/logo\\\/image\\\/\",\"url\":\"https:\\\/\\\/www.gei-gitterroste.de\\\/wp-content\\\/uploads\\\/2021\\\/06\\\/gei_logo-1.svg\",\"contentUrl\":\"https:\\\/\\\/www.gei-gitterroste.de\\\/wp-content\\\/uploads\\\/2021\\\/06\\\/gei_logo-1.svg\",\"width\":580.6,\"height\":215.9,\"caption\":\"GEI Gitterroste\"},\"image\":{\"@id\":\"https:\\\/\\\/www.gei-gitterroste.de\\\/de\\\/#\\\/schema\\\/logo\\\/image\\\/\"}}]}<\/script>\n<!-- \/ Yoast SEO plugin. -->","yoast_head_json":{"title":"Pros and cons","description":"GEI Gitterroste","robots":{"index":"index","follow":"follow","max-snippet":"max-snippet:-1","max-image-preview":"max-image-preview:large","max-video-preview":"max-video-preview:-1"},"canonical":"https:\/\/www.gei-gitterroste.de\/en\/vor-und-nachteile\/","og_locale":"en_GB","og_type":"article","og_title":"Materialien f\u00fcr industrielle Gitterroste: Vorteile | GEI Gitterroste","og_description":"Entdecken Sie die Vorteile der verschiedenen Materialien, die f\u00fcr die Herstellung Ihrer Gitterroste angeboten werden, und kontaktieren Sie uns, um mehr zu erfahren.","og_url":"https:\/\/www.gei-gitterroste.de\/en\/vor-und-nachteile\/","og_site_name":"GEI Gitterroste","article_modified_time":"2026-02-20T16:34:31+00:00","og_image":[{"url":"https:\/\/www.gei-gitterroste.de\/wp-content\/uploads\/2026\/02\/stahl.webp","type":"","width":"","height":""}],"twitter_card":"summary_large_image","twitter_misc":{"Estimated reading time":"3 minutes"},"schema":{"@context":"https:\/\/schema.org","@graph":[{"@type":"WebPage","@id":"https:\/\/www.gei-gitterroste.de\/vor-und-nachteile\/","url":"https:\/\/www.gei-gitterroste.de\/vor-und-nachteile\/","name":"Pros and cons","isPartOf":{"@id":"https:\/\/www.gei-gitterroste.de\/de\/#website"},"primaryImageOfPage":{"@id":"https:\/\/www.gei-gitterroste.de\/vor-und-nachteile\/#primaryimage"},"image":{"@id":"https:\/\/www.gei-gitterroste.de\/vor-und-nachteile\/#primaryimage"},"thumbnailUrl":"https:\/\/www.gei-gitterroste.de\/wp-content\/uploads\/2026\/02\/stahl.webp","datePublished":"2026-02-20T16:11:18+00:00","dateModified":"2026-02-20T16:34:31+00:00","description":"GEI Gitterroste","breadcrumb":{"@id":"https:\/\/www.gei-gitterroste.de\/vor-und-nachteile\/#breadcrumb"},"inLanguage":"en-GB","potentialAction":[{"@type":"ReadAction","target":["https:\/\/www.gei-gitterroste.de\/vor-und-nachteile\/"]}]},{"@type":"ImageObject","inLanguage":"en-GB","@id":"https:\/\/www.gei-gitterroste.de\/vor-und-nachteile\/#primaryimage","url":"https:\/\/www.gei-gitterroste.de\/wp-content\/uploads\/2026\/02\/stahl.webp","contentUrl":"https:\/\/www.gei-gitterroste.de\/wp-content\/uploads\/2026\/02\/stahl.webp"},{"@type":"BreadcrumbList","@id":"https:\/\/www.gei-gitterroste.de\/vor-und-nachteile\/#breadcrumb","itemListElement":[{"@type":"ListItem","position":1,"name":"Startseite","item":"https:\/\/www.gei-gitterroste.de\/de\/"},{"@type":"ListItem","position":2,"name":"Vor- und Nachteile"}]},{"@type":"WebSite","@id":"https:\/\/www.gei-gitterroste.de\/de\/#website","url":"https:\/\/www.gei-gitterroste.de\/de\/","name":"shelf gratings","description":"","publisher":{"@id":"https:\/\/www.gei-gitterroste.de\/de\/#organization"},"potentialAction":[{"@type":"SearchAction","target":{"@type":"EntryPoint","urlTemplate":"https:\/\/www.gei-gitterroste.de\/de\/?s={search_term_string}"},"query-input":{"@type":"PropertyValueSpecification","valueRequired":true,"valueName":"search_term_string"}}],"inLanguage":"en-GB"},{"@type":"Organization","@id":"https:\/\/www.gei-gitterroste.de\/de\/#organization","name":"shelf gratings","url":"https:\/\/www.gei-gitterroste.de\/de\/","logo":{"@type":"ImageObject","inLanguage":"en-GB","@id":"https:\/\/www.gei-gitterroste.de\/de\/#\/schema\/logo\/image\/","url":"https:\/\/www.gei-gitterroste.de\/wp-content\/uploads\/2021\/06\/gei_logo-1.svg","contentUrl":"https:\/\/www.gei-gitterroste.de\/wp-content\/uploads\/2021\/06\/gei_logo-1.svg","width":580.6,"height":215.9,"caption":"GEI Gitterroste"},"image":{"@id":"https:\/\/www.gei-gitterroste.de\/de\/#\/schema\/logo\/image\/"}}]}},"_links":{"self":[{"href":"https:\/\/www.gei-gitterroste.de\/en\/wp-json\/wp\/v2\/pages\/12601","targetHints":{"allow":["GET"]}}],"collection":[{"href":"https:\/\/www.gei-gitterroste.de\/en\/wp-json\/wp\/v2\/pages"}],"about":[{"href":"https:\/\/www.gei-gitterroste.de\/en\/wp-json\/wp\/v2\/types\/page"}],"author":[{"embeddable":true,"href":"https:\/\/www.gei-gitterroste.de\/en\/wp-json\/wp\/v2\/users\/8"}],"replies":[{"embeddable":true,"href":"https:\/\/www.gei-gitterroste.de\/en\/wp-json\/wp\/v2\/comments?post=12601"}],"version-history":[{"count":7,"href":"https:\/\/www.gei-gitterroste.de\/en\/wp-json\/wp\/v2\/pages\/12601\/revisions"}],"predecessor-version":[{"id":12616,"href":"https:\/\/www.gei-gitterroste.de\/en\/wp-json\/wp\/v2\/pages\/12601\/revisions\/12616"}],"wp:attachment":[{"href":"https:\/\/www.gei-gitterroste.de\/en\/wp-json\/wp\/v2\/media?parent=12601"}],"curies":[{"name":"wp","href":"https:\/\/api.w.org\/{rel}","templated":true}]}}