{"id":70,"date":"2017-01-20T10:18:43","date_gmt":"2017-01-20T10:18:43","guid":{"rendered":"http:\/\/gei-gitterroste.de.46-4-53-222.vorschau.marketing-thom.de\/gei-spezialist-von-gitterrosten\/"},"modified":"2021-10-25T08:50:59","modified_gmt":"2021-10-25T08:50:59","slug":"services-logistic-service","status":"publish","type":"page","link":"https:\/\/www.gei-gitterroste.de\/en\/logistikabteilung\/","title":{"rendered":"GEI, the grating specialist"},"content":{"rendered":"<div data-elementor-type=\"wp-page\" data-elementor-id=\"70\" class=\"elementor elementor-70\" data-elementor-post-type=\"page\">\n\t\t\t\t\t\t<section class=\"elementor-section elementor-top-section elementor-element elementor-element-fe3ace3 elementor-section-boxed elementor-section-height-default elementor-section-height-default\" data-id=\"fe3ace3\" data-element_type=\"section\" data-e-type=\"section\">\n\t\t\t\t\t\t<div class=\"elementor-container elementor-column-gap-default\">\n\t\t\t\t\t<div class=\"elementor-column elementor-col-66 elementor-top-column elementor-element elementor-element-095a9b4\" data-id=\"095a9b4\" data-element_type=\"column\" data-e-type=\"column\">\n\t\t\t<div class=\"elementor-widget-wrap elementor-element-populated\">\n\t\t\t\t\t\t<div class=\"elementor-element elementor-element-5e93187 elementor-widget elementor-widget-text-editor\" data-id=\"5e93187\" data-element_type=\"widget\" data-e-type=\"widget\" data-widget_type=\"text-editor.default\">\n\t\t\t\t<div class=\"elementor-widget-container\">\n\t\t\t\t\t\t\t\t\t<h1>logistics,<\/h1><p>Our logistic department makes every effort to guarantee the delivery of your orders as soon as possible. In order to offer you always more services, we also offer you to follow your order time in real time and in a few clicks thanks to our online application. If you have any questions about your order deadline, you can also contact us directly via our dedicated e-mail address: termin@gei-gitterroste.de. We will reply as soon as possible.\u00a0<\/p><p>Being responsive, ensuring the availability of our products and their delivery as soon as possible is our daily challenge to guarantee your complete satisfaction.<\/p>\t\t\t\t\t\t\t\t<\/div>\n\t\t\t\t<\/div>\n\t\t\t\t\t<\/div>\n\t\t<\/div>\n\t\t\t\t<div class=\"elementor-column elementor-col-33 elementor-top-column elementor-element elementor-element-503de1c\" data-id=\"503de1c\" data-element_type=\"column\" data-e-type=\"column\">\n\t\t\t<div class=\"elementor-widget-wrap elementor-element-populated\">\n\t\t\t\t\t\t<div class=\"elementor-element elementor-element-0bf1c36 elementor-widget elementor-widget-image\" data-id=\"0bf1c36\" data-element_type=\"widget\" data-e-type=\"widget\" data-widget_type=\"image.default\">\n\t\t\t\t<div class=\"elementor-widget-container\">\n\t\t\t\t\t\t\t\t\t\t\t\t\t\t\t<img fetchpriority=\"high\" decoding=\"async\" width=\"500\" height=\"209\" src=\"https:\/\/www.gei-gitterroste.de\/wp-content\/uploads\/2021\/09\/logistique-gei.jpg\" class=\"attachment-large size-large wp-image-2390\" alt=\"\" srcset=\"https:\/\/www.gei-gitterroste.de\/wp-content\/uploads\/2021\/09\/logistique-gei.jpg 500w, https:\/\/www.gei-gitterroste.de\/wp-content\/uploads\/2021\/09\/logistique-gei-300x125.jpg 300w\" sizes=\"(max-width: 500px) 100vw, 500px\" \/>\t\t\t\t\t\t\t\t\t\t\t\t\t\t\t<\/div>\n\t\t\t\t<\/div>\n\t\t\t\t\t<\/div>\n\t\t<\/div>\n\t\t\t\t\t<\/div>\n\t\t<\/section>\n\t\t\t\t<\/div>","protected":false},"excerpt":{"rendered":"<p>Logistik Unsere Logistikabteilung ist t\u00e4glich um schnellstm\u00f6gliche Lieferung und Einhaltung von Lieferfristen oder Terminen bem\u00fcht. Durch den Einsatz moderner EDV-Technologie innerhalb der Online Systemlogistik k\u00f6nnen Sie von \u00fcberall und jederzeit den aktuellen Status ihrer Bestellung abfragen. Bei Fragen zu Ihrem Liefertermin, k\u00f6nnen Sie auch direkt die zust\u00e4ndige Abteilung per E-Mail kontaktieren: termin@gei-gitterroste.de. Wir werden Ihnen [&hellip;]<\/p>\n","protected":false},"author":1,"featured_media":71,"parent":0,"menu_order":0,"comment_status":"closed","ping_status":"closed","template":"","meta":{"footnotes":""},"class_list":["post-70","page","type-page","status-publish","has-post-thumbnail","hentry"],"yoast_head":"<!-- This site is optimized with the Yoast SEO plugin v27.5 - https:\/\/yoast.com\/product\/yoast-seo-wordpress\/ -->\n<title>GEI, Spezialist von Gitterrosten - GEI Gitterroste<\/title>\n<meta name=\"robots\" content=\"index, follow, max-snippet:-1, max-image-preview:large, max-video-preview:-1\" \/>\n<link rel=\"canonical\" href=\"https:\/\/www.gei-gitterroste.de\/en\/services-logistic-service\/\" \/>\n<meta property=\"og:locale\" content=\"en_GB\" \/>\n<meta property=\"og:type\" content=\"article\" \/>\n<meta property=\"og:title\" content=\"GEI, Spezialist von Gitterrosten - GEI Gitterroste\" \/>\n<meta property=\"og:description\" content=\"Logistik Unsere Logistikabteilung ist t\u00e4glich um schnellstm\u00f6gliche Lieferung und Einhaltung von Lieferfristen oder Terminen bem\u00fcht. Durch den Einsatz moderner EDV-Technologie innerhalb der Online Systemlogistik k\u00f6nnen Sie von \u00fcberall und jederzeit den aktuellen Status ihrer Bestellung abfragen. Bei Fragen zu Ihrem Liefertermin, k\u00f6nnen Sie auch direkt die zust\u00e4ndige Abteilung per E-Mail kontaktieren: termin@gei-gitterroste.de. Wir werden Ihnen [&hellip;]\" \/>\n<meta property=\"og:url\" content=\"https:\/\/www.gei-gitterroste.de\/en\/services-logistic-service\/\" \/>\n<meta property=\"og:site_name\" content=\"GEI Gitterroste\" \/>\n<meta property=\"article:modified_time\" content=\"2021-10-25T08:50:59+00:00\" \/>\n<meta property=\"og:image\" content=\"https:\/\/www.gei-gitterroste.de\/wp-content\/uploads\/2017\/02\/header-realisations-gei_0.jpg\" \/>\n\t<meta property=\"og:image:width\" content=\"1200\" \/>\n\t<meta property=\"og:image:height\" content=\"439\" \/>\n\t<meta property=\"og:image:type\" content=\"image\/jpeg\" \/>\n<meta name=\"twitter:card\" content=\"summary_large_image\" \/>\n<meta name=\"twitter:label1\" content=\"Estimated reading time\" \/>\n\t<meta name=\"twitter:data1\" content=\"1 minute\" \/>\n<script type=\"application\/ld+json\" class=\"yoast-schema-graph\">{\"@context\":\"https:\\\/\\\/schema.org\",\"@graph\":[{\"@type\":\"WebPage\",\"@id\":\"https:\\\/\\\/www.gei-gitterroste.de\\\/de\\\/logistikabteilung\\\/\",\"url\":\"https:\\\/\\\/www.gei-gitterroste.de\\\/de\\\/logistikabteilung\\\/\",\"name\":\"GEI, Spezialist von Gitterrosten - GEI Gitterroste\",\"isPartOf\":{\"@id\":\"https:\\\/\\\/www.gei-gitterroste.de\\\/de\\\/#website\"},\"primaryImageOfPage\":{\"@id\":\"https:\\\/\\\/www.gei-gitterroste.de\\\/de\\\/logistikabteilung\\\/#primaryimage\"},\"image\":{\"@id\":\"https:\\\/\\\/www.gei-gitterroste.de\\\/de\\\/logistikabteilung\\\/#primaryimage\"},\"thumbnailUrl\":\"https:\\\/\\\/www.gei-gitterroste.de\\\/wp-content\\\/uploads\\\/2017\\\/02\\\/header-realisations-gei_0.jpg\",\"datePublished\":\"2017-01-20T10:18:43+00:00\",\"dateModified\":\"2021-10-25T08:50:59+00:00\",\"breadcrumb\":{\"@id\":\"https:\\\/\\\/www.gei-gitterroste.de\\\/de\\\/logistikabteilung\\\/#breadcrumb\"},\"inLanguage\":\"en-GB\",\"potentialAction\":[{\"@type\":\"ReadAction\",\"target\":[\"https:\\\/\\\/www.gei-gitterroste.de\\\/de\\\/logistikabteilung\\\/\"]}]},{\"@type\":\"ImageObject\",\"inLanguage\":\"en-GB\",\"@id\":\"https:\\\/\\\/www.gei-gitterroste.de\\\/de\\\/logistikabteilung\\\/#primaryimage\",\"url\":\"https:\\\/\\\/www.gei-gitterroste.de\\\/wp-content\\\/uploads\\\/2017\\\/02\\\/header-realisations-gei_0.jpg\",\"contentUrl\":\"https:\\\/\\\/www.gei-gitterroste.de\\\/wp-content\\\/uploads\\\/2017\\\/02\\\/header-realisations-gei_0.jpg\",\"width\":1200,\"height\":439,\"caption\":\"header-realisations-gei\"},{\"@type\":\"BreadcrumbList\",\"@id\":\"https:\\\/\\\/www.gei-gitterroste.de\\\/de\\\/logistikabteilung\\\/#breadcrumb\",\"itemListElement\":[{\"@type\":\"ListItem\",\"position\":1,\"name\":\"Startseite\",\"item\":\"https:\\\/\\\/www.gei-gitterroste.de\\\/de\\\/\"},{\"@type\":\"ListItem\",\"position\":2,\"name\":\"GEI, Spezialist von Gitterrosten\"}]},{\"@type\":\"WebSite\",\"@id\":\"https:\\\/\\\/www.gei-gitterroste.de\\\/de\\\/#website\",\"url\":\"https:\\\/\\\/www.gei-gitterroste.de\\\/de\\\/\",\"name\":\"GEI Gitterroste\",\"description\":\"\",\"publisher\":{\"@id\":\"https:\\\/\\\/www.gei-gitterroste.de\\\/de\\\/#organization\"},\"potentialAction\":[{\"@type\":\"SearchAction\",\"target\":{\"@type\":\"EntryPoint\",\"urlTemplate\":\"https:\\\/\\\/www.gei-gitterroste.de\\\/de\\\/?s={search_term_string}\"},\"query-input\":{\"@type\":\"PropertyValueSpecification\",\"valueRequired\":true,\"valueName\":\"search_term_string\"}}],\"inLanguage\":\"en-GB\"},{\"@type\":\"Organization\",\"@id\":\"https:\\\/\\\/www.gei-gitterroste.de\\\/de\\\/#organization\",\"name\":\"GEI Gitterroste\",\"url\":\"https:\\\/\\\/www.gei-gitterroste.de\\\/de\\\/\",\"logo\":{\"@type\":\"ImageObject\",\"inLanguage\":\"en-GB\",\"@id\":\"https:\\\/\\\/www.gei-gitterroste.de\\\/de\\\/#\\\/schema\\\/logo\\\/image\\\/\",\"url\":\"https:\\\/\\\/www.gei-gitterroste.de\\\/wp-content\\\/uploads\\\/2021\\\/06\\\/gei_logo-1.svg\",\"contentUrl\":\"https:\\\/\\\/www.gei-gitterroste.de\\\/wp-content\\\/uploads\\\/2021\\\/06\\\/gei_logo-1.svg\",\"width\":580.6,\"height\":215.9,\"caption\":\"GEI Gitterroste\"},\"image\":{\"@id\":\"https:\\\/\\\/www.gei-gitterroste.de\\\/de\\\/#\\\/schema\\\/logo\\\/image\\\/\"}}]}<\/script>\n<!-- \/ Yoast SEO plugin. -->","yoast_head_json":{"title":"GEI \u2013 Logistic service","robots":{"index":"index","follow":"follow","max-snippet":"max-snippet:-1","max-image-preview":"max-image-preview:large","max-video-preview":"max-video-preview:-1"},"canonical":"https:\/\/www.gei-gitterroste.de\/en\/services-logistic-service\/","og_locale":"en_GB","og_type":"article","og_title":"GEI, Spezialist von Gitterrosten - GEI Gitterroste","og_description":"Logistik Unsere Logistikabteilung ist t\u00e4glich um schnellstm\u00f6gliche Lieferung und Einhaltung von Lieferfristen oder Terminen bem\u00fcht. Durch den Einsatz moderner EDV-Technologie innerhalb der Online Systemlogistik k\u00f6nnen Sie von \u00fcberall und jederzeit den aktuellen Status ihrer Bestellung abfragen. Bei Fragen zu Ihrem Liefertermin, k\u00f6nnen Sie auch direkt die zust\u00e4ndige Abteilung per E-Mail kontaktieren: termin@gei-gitterroste.de. Wir werden Ihnen [&hellip;]","og_url":"https:\/\/www.gei-gitterroste.de\/en\/services-logistic-service\/","og_site_name":"GEI Gitterroste","article_modified_time":"2021-10-25T08:50:59+00:00","og_image":[{"width":1200,"height":439,"url":"https:\/\/www.gei-gitterroste.de\/wp-content\/uploads\/2017\/02\/header-realisations-gei_0.jpg","type":"image\/jpeg"}],"twitter_card":"summary_large_image","twitter_misc":{"Estimated reading time":"1 minute"},"schema":{"@context":"https:\/\/schema.org","@graph":[{"@type":"WebPage","@id":"https:\/\/www.gei-gitterroste.de\/de\/logistikabteilung\/","url":"https:\/\/www.gei-gitterroste.de\/de\/logistikabteilung\/","name":"GEI \u2013 Logistic service","isPartOf":{"@id":"https:\/\/www.gei-gitterroste.de\/de\/#website"},"primaryImageOfPage":{"@id":"https:\/\/www.gei-gitterroste.de\/de\/logistikabteilung\/#primaryimage"},"image":{"@id":"https:\/\/www.gei-gitterroste.de\/de\/logistikabteilung\/#primaryimage"},"thumbnailUrl":"https:\/\/www.gei-gitterroste.de\/wp-content\/uploads\/2017\/02\/header-realisations-gei_0.jpg","datePublished":"2017-01-20T10:18:43+00:00","dateModified":"2021-10-25T08:50:59+00:00","breadcrumb":{"@id":"https:\/\/www.gei-gitterroste.de\/de\/logistikabteilung\/#breadcrumb"},"inLanguage":"en-GB","potentialAction":[{"@type":"ReadAction","target":["https:\/\/www.gei-gitterroste.de\/de\/logistikabteilung\/"]}]},{"@type":"ImageObject","inLanguage":"en-GB","@id":"https:\/\/www.gei-gitterroste.de\/de\/logistikabteilung\/#primaryimage","url":"https:\/\/www.gei-gitterroste.de\/wp-content\/uploads\/2017\/02\/header-realisations-gei_0.jpg","contentUrl":"https:\/\/www.gei-gitterroste.de\/wp-content\/uploads\/2017\/02\/header-realisations-gei_0.jpg","width":1200,"height":439,"caption":"header-realisations-gei"},{"@type":"BreadcrumbList","@id":"https:\/\/www.gei-gitterroste.de\/de\/logistikabteilung\/#breadcrumb","itemListElement":[{"@type":"ListItem","position":1,"name":"Startseite","item":"https:\/\/www.gei-gitterroste.de\/de\/"},{"@type":"ListItem","position":2,"name":"GEI, Spezialist von Gitterrosten"}]},{"@type":"WebSite","@id":"https:\/\/www.gei-gitterroste.de\/de\/#website","url":"https:\/\/www.gei-gitterroste.de\/de\/","name":"shelf gratings","description":"","publisher":{"@id":"https:\/\/www.gei-gitterroste.de\/de\/#organization"},"potentialAction":[{"@type":"SearchAction","target":{"@type":"EntryPoint","urlTemplate":"https:\/\/www.gei-gitterroste.de\/de\/?s={search_term_string}"},"query-input":{"@type":"PropertyValueSpecification","valueRequired":true,"valueName":"search_term_string"}}],"inLanguage":"en-GB"},{"@type":"Organization","@id":"https:\/\/www.gei-gitterroste.de\/de\/#organization","name":"shelf gratings","url":"https:\/\/www.gei-gitterroste.de\/de\/","logo":{"@type":"ImageObject","inLanguage":"en-GB","@id":"https:\/\/www.gei-gitterroste.de\/de\/#\/schema\/logo\/image\/","url":"https:\/\/www.gei-gitterroste.de\/wp-content\/uploads\/2021\/06\/gei_logo-1.svg","contentUrl":"https:\/\/www.gei-gitterroste.de\/wp-content\/uploads\/2021\/06\/gei_logo-1.svg","width":580.6,"height":215.9,"caption":"GEI Gitterroste"},"image":{"@id":"https:\/\/www.gei-gitterroste.de\/de\/#\/schema\/logo\/image\/"}}]}},"_links":{"self":[{"href":"https:\/\/www.gei-gitterroste.de\/en\/wp-json\/wp\/v2\/pages\/70","targetHints":{"allow":["GET"]}}],"collection":[{"href":"https:\/\/www.gei-gitterroste.de\/en\/wp-json\/wp\/v2\/pages"}],"about":[{"href":"https:\/\/www.gei-gitterroste.de\/en\/wp-json\/wp\/v2\/types\/page"}],"author":[{"embeddable":true,"href":"https:\/\/www.gei-gitterroste.de\/en\/wp-json\/wp\/v2\/users\/1"}],"replies":[{"embeddable":true,"href":"https:\/\/www.gei-gitterroste.de\/en\/wp-json\/wp\/v2\/comments?post=70"}],"version-history":[{"count":25,"href":"https:\/\/www.gei-gitterroste.de\/en\/wp-json\/wp\/v2\/pages\/70\/revisions"}],"predecessor-version":[{"id":4040,"href":"https:\/\/www.gei-gitterroste.de\/en\/wp-json\/wp\/v2\/pages\/70\/revisions\/4040"}],"wp:featuredmedia":[{"embeddable":true,"href":"https:\/\/www.gei-gitterroste.de\/en\/wp-json\/wp\/v2\/media\/71"}],"wp:attachment":[{"href":"https:\/\/www.gei-gitterroste.de\/en\/wp-json\/wp\/v2\/media?parent=70"}],"curies":[{"name":"wp","href":"https:\/\/api.w.org\/{rel}","templated":true}]}}